{"id":3863,"date":"2018-04-23T15:38:56","date_gmt":"2018-04-23T15:38:56","guid":{"rendered":"https:\/\/www.theborder.nl\/contact\/"},"modified":"2021-11-15T15:54:26","modified_gmt":"2021-11-15T15:54:26","slug":"contacto","status":"publish","type":"page","link":"https:\/\/www.theborder.nl\/pt-pt\/contacto\/","title":{"rendered":"Contacto"},"content":{"rendered":"<div  class=\"tatsu-S1bgx5OQbU tatsu-section    tatsu-clearfix\" data-title=\"\"  data-headerscheme=\"background--dark\"><div class='tatsu-section-pad clearfix' data-padding='{\"d\":\"30px 0px 4px 0px\"}' data-padding-top='30px'><div class=\"tatsu-row-wrap  tatsu-wrap tatsu-row-one-col tatsu-row-has-one-cols tatsu-medium-gutter tatsu-reg-cols  tatsu-clearfix tatsu-HJlggqdQZ8\" ><div  class=\"tatsu-row \" ><div  class=\"tatsu-column  tatsu-column-no-bg tatsu-one-col tatsu-column-image-none tatsu-column-effect-none  tatsu-ryle5_7-L\"  data-parallax-speed=\"0\" style=\"\"><div class=\"tatsu-column-inner \" ><div class=\"tatsu-column-pad-wrap\"><div class=\"tatsu-column-pad\" ><div  class=\"special-heading-wrap style1 oshine-module  tatsu-rk8x9uXb8  \" ><div class=\"special-heading align-center\"><h1 class=\"special-h-tag\" >Contato<\/h1><div class=\"sep-with-icon-wrap margin-bottom\"><span class=\"sep-with-icon\" ><\/span><i class=\"sep-icon font-icon oshine_diamond\"><\/i><span class=\"sep-with-icon\" ><\/span><\/div><\/div><style>.tatsu-rk8x9uXb8 .sep-icon.oshine_diamond{background: #5bad46;}.tatsu-rk8x9uXb8 .sep-with-icon{height: 1px;width: 20px;background: #efefef;}<\/style><\/div><\/div><\/div><div class = \"tatsu-column-bg-image-wrap\"><div class = \"tatsu-column-bg-image\" ><\/div><\/div><\/div><style>.tatsu-row > .tatsu-ryle5_7-L.tatsu-column{width: 100%;}.tatsu-ryle5_7-L.tatsu-column > .tatsu-column-inner > .tatsu-column-overlay{mix-blend-mode: none;}.tatsu-ryle5_7-L > .tatsu-column-inner > .tatsu-top-divider{z-index: 9999;}.tatsu-ryle5_7-L > .tatsu-column-inner > .tatsu-bottom-divider{z-index: 9999;}.tatsu-ryle5_7-L > .tatsu-column-inner > .tatsu-left-divider{z-index: 9999;}.tatsu-ryle5_7-L > .tatsu-column-inner > .tatsu-right-divider{z-index: 9999;}@media only screen and (max-width:1377px) {.tatsu-row > .tatsu-ryle5_7-L.tatsu-column{width: 100%;}}@media only screen and (min-width:768px) and (max-width: 1024px) {.tatsu-row > .tatsu-ryle5_7-L.tatsu-column{width: 100%;}}@media only screen and (max-width: 767px) {.tatsu-row > .tatsu-ryle5_7-L.tatsu-column{width: 100%;}}<\/style><\/div><\/div><\/div><\/div><div class=\"tatsu-section-background-wrap\"><div class = \"tatsu-section-background\" ><\/div><\/div><style>.tatsu-S1bgx5OQbU .tatsu-section-pad{padding: 30px 0px 4px 0px;}.tatsu-S1bgx5OQbU > .tatsu-bottom-divider{z-index: 9999;}.tatsu-S1bgx5OQbU > .tatsu-top-divider{z-index: 9999;}<\/style><\/div><div  class=\"tatsu-g112h71t76g77j3 tatsu-section    tatsu-clearfix\" data-title=\"\"  data-headerscheme=\"background--dark\"><div class='tatsu-section-pad clearfix' data-padding='{\"d\":\"45px 0px 90px 0px\"}' data-padding-top='45px'><div class=\"tatsu-row-wrap  tatsu-wrap tatsu-row-has-three-cols tatsu-medium-gutter tatsu-reg-cols  tatsu-clearfix tatsu-g112h71ta3d57g4a\" ><div  class=\"tatsu-row \" ><div  class=\"tatsu-column  tatsu-column-no-bg tatsu-one-third tatsu-column-image-none tatsu-column-effect-none  tatsu-g112h71tescuqcwr\"  data-parallax-speed=\"0\" style=\"\"><div class=\"tatsu-column-inner \" ><div class=\"tatsu-column-pad-wrap\"><div class=\"tatsu-column-pad\" ><div  class=\"tatsu-module tatsu-title-icon  tatsu-g112h71tgz3uczd  \" ><span class=\"tatsu-ti-wrap tatsu-ti medium plain align-left\" ><i class=\"icon-icon_mail tatsu-ti tatsu-ti-icon\"><\/i><\/span><div class=\"tatsu-tc tatsu-tc-custom-space align-left medium plain\">\n<h6>Contacte-nos por e-mail<\/h6>\n<p><a href=\"mailto:info@theborder.nl\">info@www.theborder.nl<\/a><\/p>\n<\/div><style>.tatsu-g112h71tgz3uczd .tatsu-ti-icon{color: #5bad46 ;}<\/style><\/div><div  class=\"tatsu-module tatsu-title-icon  tatsu-g112h71vva3btb0t  \" ><span class=\"tatsu-ti-wrap tatsu-ti medium plain align-left\" ><i class=\"icon-call tatsu-ti tatsu-ti-icon\"><\/i><\/span><div class=\"tatsu-tc tatsu-tc-custom-space align-left medium plain\">\n<h6>Contacte-nos por telefone<\/h6>\n<p><a href=\"tel:+31206420681\">+31 20 642 0681<\/a><\/p>\n<\/div><style>.tatsu-g112h71vva3btb0t .tatsu-ti-icon{color: #5bad46 ;}<\/style><\/div><\/div><\/div><div class = \"tatsu-column-bg-image-wrap\"><div class = \"tatsu-column-bg-image\" ><\/div><\/div><\/div><style>.tatsu-row > .tatsu-g112h71tescuqcwr.tatsu-column{width: 33.33%;}.tatsu-g112h71tescuqcwr.tatsu-column > .tatsu-column-inner > .tatsu-column-overlay{mix-blend-mode: none;}.tatsu-g112h71tescuqcwr > .tatsu-column-inner > .tatsu-top-divider{z-index: 9999;}.tatsu-g112h71tescuqcwr > .tatsu-column-inner > .tatsu-bottom-divider{z-index: 9999;}.tatsu-g112h71tescuqcwr > .tatsu-column-inner > .tatsu-left-divider{z-index: 9999;}.tatsu-g112h71tescuqcwr > .tatsu-column-inner > .tatsu-right-divider{z-index: 9999;}@media only screen and (max-width: 767px) {.tatsu-row > .tatsu-g112h71tescuqcwr.tatsu-column{width: 100%;}}<\/style><\/div><div  class=\"tatsu-column  tatsu-column-no-bg tatsu-one-third tatsu-column-image-none tatsu-column-effect-none  tatsu-g112h71wcd9cu3fq\"  data-parallax-speed=\"0\" style=\"\"><div class=\"tatsu-column-inner \" ><div class=\"tatsu-column-pad-wrap\"><div class=\"tatsu-column-pad\" ><div  class=\"tatsu-module tatsu-title-icon  tatsu-g112h71wemfk0o0m  \" ><span class=\"tatsu-ti-wrap tatsu-ti medium plain align-left\" ><i class=\"icon-cart2 tatsu-ti tatsu-ti-icon\"><\/i><\/span><div class=\"tatsu-tc tatsu-tc-custom-space align-left medium plain\">\n<h6>Aceitamos:<\/h6>\n<p><img loading=\"lazy\" decoding=\"async\" class=\"alignnone size-full wp-image-3678\" src=\"https:\/\/www.theborder.nl\/wp-content\/uploads\/2018\/04\/betaal-met.png\" alt=\"\" width=\"200\" height=\"41\" \/><\/p>\n<\/div><style>.tatsu-g112h71wemfk0o0m .tatsu-ti-icon{color: #5bad46 ;}<\/style><\/div><\/div><\/div><div class = \"tatsu-column-bg-image-wrap\"><div class = \"tatsu-column-bg-image\" ><\/div><\/div><\/div><style>.tatsu-row > .tatsu-g112h71wcd9cu3fq.tatsu-column{width: 33.33%;}.tatsu-g112h71wcd9cu3fq.tatsu-column > .tatsu-column-inner > .tatsu-column-overlay{mix-blend-mode: none;}.tatsu-g112h71wcd9cu3fq > .tatsu-column-inner > .tatsu-top-divider{z-index: 9999;}.tatsu-g112h71wcd9cu3fq > .tatsu-column-inner > .tatsu-bottom-divider{z-index: 9999;}.tatsu-g112h71wcd9cu3fq > .tatsu-column-inner > .tatsu-left-divider{z-index: 9999;}.tatsu-g112h71wcd9cu3fq > .tatsu-column-inner > .tatsu-right-divider{z-index: 9999;}@media only screen and (max-width: 767px) {.tatsu-row > .tatsu-g112h71wcd9cu3fq.tatsu-column{width: 100%;}}<\/style><\/div><div  class=\"tatsu-column  tatsu-column-no-bg tatsu-one-third tatsu-column-image-none tatsu-column-effect-none  tatsu-g112h728hthzorc\"  data-parallax-speed=\"0\" style=\"\"><div class=\"tatsu-column-inner \" ><div class=\"tatsu-column-pad-wrap\"><div class=\"tatsu-column-pad\" ><div  class=\"tatsu-module tatsu-title-icon  tatsu-g112h728nh4o0ykd  \" ><span class=\"tatsu-ti-wrap tatsu-ti medium plain align-left\" ><i class=\"icon-icon_clock tatsu-ti tatsu-ti-icon\"><\/i><\/span><div class=\"tatsu-tc tatsu-tc-custom-space align-left medium plain\">\n<h6>Hor\u00e1rio de abertura<\/h6>\n<p>daily from 08:00 until 01:00<\/p>\n<\/div><style>.tatsu-g112h728nh4o0ykd .tatsu-ti-icon{color: #5bad46 ;}<\/style><\/div><\/div><\/div><div class = \"tatsu-column-bg-image-wrap\"><div class = \"tatsu-column-bg-image\" ><\/div><\/div><\/div><style>.tatsu-row > .tatsu-g112h728hthzorc.tatsu-column{width: 33.33%;}.tatsu-g112h728hthzorc.tatsu-column > .tatsu-column-inner > .tatsu-column-overlay{mix-blend-mode: none;}.tatsu-g112h728hthzorc > .tatsu-column-inner > .tatsu-top-divider{z-index: 9999;}.tatsu-g112h728hthzorc > .tatsu-column-inner > .tatsu-bottom-divider{z-index: 9999;}.tatsu-g112h728hthzorc > .tatsu-column-inner > .tatsu-left-divider{z-index: 9999;}.tatsu-g112h728hthzorc > .tatsu-column-inner > .tatsu-right-divider{z-index: 9999;}@media only screen and (max-width: 767px) {.tatsu-row > .tatsu-g112h728hthzorc.tatsu-column{width: 100%;}}<\/style><\/div><\/div><\/div><div class=\"tatsu-row-wrap  tatsu-wrap tatsu-row-has-two-cols tatsu-medium-gutter tatsu-reg-cols  tatsu-clearfix tatsu-g112h729as8rgaot\" ><div  class=\"tatsu-row \" ><div  class=\"tatsu-column  tatsu-column-no-bg tatsu-one-third tatsu-column-image-none tatsu-column-effect-none  tatsu-g112h729i0dnyc9y\"  data-parallax-speed=\"0\" style=\"\"><div class=\"tatsu-column-inner \" ><div class=\"tatsu-column-pad-wrap\"><div class=\"tatsu-column-pad\" ><div  class=\"tatsu-module tatsu-title-icon  tatsu-animate tatsu-g112h729lr52vhub  \" data-animation=\"fadeIn\"  ><span class=\"tatsu-ti-wrap tatsu-ti medium plain align-left\" ><i class=\"icon-icon_pin tatsu-ti tatsu-ti-icon\"><\/i><\/span><div class=\"tatsu-tc tatsu-tc-custom-space align-left medium plain\">\n<h6>Morada\u00a0<\/h6>\n<p>Amstelveenseweg 1160<br \/> 1081 JW Amsterdam<\/p>\n<\/div><style>.tatsu-g112h729lr52vhub .tatsu-ti-icon{color: #5bad46 ;}<\/style><\/div><div  class=\"tatsu-module tatsu-call-to-action tatsu-clearfix  tatsu-g112h72a0ld3ughq  \" ><div class=\"tatsu-cta-inner\"><h5 class=\"tatsu-action-content\" >Descri\u00e7\u00e3o do itiner\u00e1rio?<\/h5><a class=\"mediumbtn tatsu-button rounded tatsu-action-button   \" href=\"https:\/\/goo.gl\/maps\/PDJFcxqNDE72\" data-gdpr-atts={} target=\"_blank\"><span>Get directions now<\/span><\/a><style>.tatsu-g112h72a0ld3ughq.tatsu-call-to-action{background-color: #5bad46;}.tatsu-g112h72a0ld3ughq .tatsu-action-content{color: #ffffff ;}.tatsu-g112h72a0ld3ughq .tatsu-action-button:hover{background: #ffffff;border-color: #ffffff; }.tatsu-g112h72a0ld3ughq .tatsu-action-button span{color: #ffffff ;}.tatsu-g112h72a0ld3ughq .tatsu-action-button:hover span{color: #5bad46 ;}.tatsu-g112h72a0ld3ughq .tatsu-action-button{border-width: 1px;border-color: #ffffff; }<\/style><\/div><\/div><\/div><\/div><div class = \"tatsu-column-bg-image-wrap\"><div class = \"tatsu-column-bg-image\" ><\/div><\/div><\/div><style>.tatsu-row > .tatsu-g112h729i0dnyc9y.tatsu-column{width: 33.33%;}.tatsu-g112h729i0dnyc9y.tatsu-column > .tatsu-column-inner > .tatsu-column-overlay{mix-blend-mode: none;}.tatsu-g112h729i0dnyc9y > .tatsu-column-inner > .tatsu-top-divider{z-index: 9999;}.tatsu-g112h729i0dnyc9y > .tatsu-column-inner > .tatsu-bottom-divider{z-index: 9999;}.tatsu-g112h729i0dnyc9y > .tatsu-column-inner > .tatsu-left-divider{z-index: 9999;}.tatsu-g112h729i0dnyc9y > .tatsu-column-inner > .tatsu-right-divider{z-index: 9999;}@media only screen and (max-width: 767px) {.tatsu-row > .tatsu-g112h729i0dnyc9y.tatsu-column{width: 100%;}}<\/style><\/div><div  class=\"tatsu-column  tatsu-column-no-bg tatsu-two-third tatsu-column-image-none tatsu-column-effect-none  tatsu-g112h72alk3saotz\"  data-parallax-speed=\"0\" style=\"\"><div class=\"tatsu-column-inner \" ><div class=\"tatsu-column-pad-wrap\"><div class=\"tatsu-column-pad\" ><div  class=\"tatsu-module tatsu-gmap-wrapper be-gdpr-consent-required tatsu-g112h72anof67k2q   \" data-gdpr-concern=\"gmaps\" ><div class=\"tatsu-gmap map_960\" data-address=\"amstelveenseweg 1160 amsterdam\" data-zoom=\"14\" data-latitude=\"52.321991\" data-longitude=\"4.857060\" data-marker=\"\" data-style=\"standard\"><\/div><style>.tatsu-g112h72anof67k2q{height: 300px;}<\/style><\/div><\/div><\/div><div class = \"tatsu-column-bg-image-wrap\"><div class = \"tatsu-column-bg-image\" ><\/div><\/div><\/div><style>.tatsu-row > .tatsu-g112h72alk3saotz.tatsu-column{width: 66.67%;}.tatsu-g112h72alk3saotz.tatsu-column > .tatsu-column-inner > .tatsu-column-overlay{mix-blend-mode: none;}.tatsu-g112h72alk3saotz > .tatsu-column-inner > .tatsu-top-divider{z-index: 9999;}.tatsu-g112h72alk3saotz > .tatsu-column-inner > .tatsu-bottom-divider{z-index: 9999;}.tatsu-g112h72alk3saotz > .tatsu-column-inner > .tatsu-left-divider{z-index: 9999;}.tatsu-g112h72alk3saotz > .tatsu-column-inner > .tatsu-right-divider{z-index: 9999;}@media only screen and (max-width: 767px) {.tatsu-row > .tatsu-g112h72alk3saotz.tatsu-column{width: 100%;}}<\/style><\/div><\/div><\/div><\/div><div class=\"tatsu-section-background-wrap\"><div class = \"tatsu-section-background\" ><\/div><\/div><style>.tatsu-g112h71t76g77j3 .tatsu-section-pad{padding: 45px 0px 90px 0px;}.tatsu-g112h71t76g77j3 > .tatsu-bottom-divider{z-index: 9999;}.tatsu-g112h71t76g77j3 > .tatsu-top-divider{z-index: 9999;}<\/style><\/div>\n","protected":false},"excerpt":{"rendered":"<p><a href=\"https:\/\/www.theborder.nl\/pt-pt\/contacto\/\" class=\"more-link style2-button\">Read More<\/a><\/p>","protected":false},"author":1,"featured_media":0,"parent":0,"menu_order":0,"comment_status":"closed","ping_status":"closed","template":"","meta":{"footnotes":""},"class_list":["post-3863","page","type-page","status-publish","hentry"],"yoast_head":"<!-- This site is optimized with the Yoast SEO plugin v27.1.1 - https:\/\/yoast.com\/product\/yoast-seo-wordpress\/ -->\n<title>Contacto - The Border<\/title>\n<meta name=\"description\" content=\"Coffee Shop The Border. Amstelveenseweg 1160, 1081 JW Amesterd\u00e3o (perto do Bosque de Amesterd\u00e3o (Amsterdamse Bos)). N. de telefone +31 20 642 0681, e-mail: info@www.theborder.nl Aceitamos cart\u00f5es de cr\u00e9dito: VISA, Maestro, MasterCard.\u00a0 Hor\u00e1rio de abertura: diariamente das 08:00 \u00e0 01:00. \u00c9 f\u00e1cil chegar at\u00e9 n\u00f3s\u00a0de carro\" \/>\n<meta name=\"robots\" content=\"index, follow, max-snippet:-1, max-image-preview:large, max-video-preview:-1\" \/>\n<link rel=\"canonical\" href=\"https:\/\/www.theborder.nl\/contact\/\" \/>\n<meta property=\"og:locale\" content=\"pt_PT\" \/>\n<meta property=\"og:type\" content=\"article\" \/>\n<meta property=\"og:title\" content=\"Contacto - The Border\" \/>\n<meta property=\"og:description\" content=\"Coffee Shop The Border. Amstelveenseweg 1160, 1081 JW Amesterd\u00e3o (perto do Bosque de Amesterd\u00e3o (Amsterdamse Bos)). N. de telefone +31 20 642 0681, e-mail: info@www.theborder.nl Aceitamos cart\u00f5es de cr\u00e9dito: VISA, Maestro, MasterCard.\u00a0 Hor\u00e1rio de abertura: diariamente das 08:00 \u00e0 01:00. \u00c9 f\u00e1cil chegar at\u00e9 n\u00f3s\u00a0de carro\" \/>\n<meta property=\"og:url\" content=\"https:\/\/www.theborder.nl\/contact\/\" \/>\n<meta property=\"og:site_name\" content=\"The Border\" \/>\n<meta property=\"article:publisher\" content=\"https:\/\/www.facebook.com\/theborderamsterdam\/\" \/>\n<meta property=\"article:modified_time\" content=\"2021-11-15T15:54:26+00:00\" \/>\n<meta property=\"og:image\" content=\"https:\/\/www.theborder.nl\/wp-content\/uploads\/2018\/04\/betaal-met.png\" \/>\n<meta name=\"twitter:card\" content=\"summary_large_image\" \/>\n<meta name=\"twitter:label1\" content=\"Tempo estimado de leitura\" \/>\n\t<meta name=\"twitter:data1\" content=\"14 minutos\" \/>\n<!-- \/ Yoast SEO plugin. -->","yoast_head_json":{"title":"Contacto - The Border","description":"Coffee Shop The Border. Amstelveenseweg 1160, 1081 JW Amesterd\u00e3o (perto do Bosque de Amesterd\u00e3o (Amsterdamse Bos)). N. de telefone +31 20 642 0681, e-mail: info@www.theborder.nl Aceitamos cart\u00f5es de cr\u00e9dito: VISA, Maestro, MasterCard.\u00a0 Hor\u00e1rio de abertura: diariamente das 08:00 \u00e0 01:00. \u00c9 f\u00e1cil chegar at\u00e9 n\u00f3s\u00a0de carro","robots":{"index":"index","follow":"follow","max-snippet":"max-snippet:-1","max-image-preview":"max-image-preview:large","max-video-preview":"max-video-preview:-1"},"canonical":"https:\/\/www.theborder.nl\/contact\/","og_locale":"pt_PT","og_type":"article","og_title":"Contacto - The Border","og_description":"Coffee Shop The Border. Amstelveenseweg 1160, 1081 JW Amesterd\u00e3o (perto do Bosque de Amesterd\u00e3o (Amsterdamse Bos)). N. de telefone +31 20 642 0681, e-mail: info@www.theborder.nl Aceitamos cart\u00f5es de cr\u00e9dito: VISA, Maestro, MasterCard.\u00a0 Hor\u00e1rio de abertura: diariamente das 08:00 \u00e0 01:00. \u00c9 f\u00e1cil chegar at\u00e9 n\u00f3s\u00a0de carro","og_url":"https:\/\/www.theborder.nl\/contact\/","og_site_name":"The Border","article_publisher":"https:\/\/www.facebook.com\/theborderamsterdam\/","article_modified_time":"2021-11-15T15:54:26+00:00","og_image":[{"url":"https:\/\/www.theborder.nl\/wp-content\/uploads\/2018\/04\/betaal-met.png","type":"","width":"","height":""}],"twitter_card":"summary_large_image","twitter_misc":{"Tempo estimado de leitura":"14 minutos"},"schema":{"@context":"https:\/\/schema.org","@graph":[{"@type":"WebPage","@id":"https:\/\/www.theborder.nl\/contact\/","url":"https:\/\/www.theborder.nl\/contact\/","name":"Contacto - The Border","isPartOf":{"@id":"https:\/\/www.theborder.nl\/#website"},"primaryImageOfPage":{"@id":"https:\/\/www.theborder.nl\/contact\/#primaryimage"},"image":{"@id":"https:\/\/www.theborder.nl\/contact\/#primaryimage"},"thumbnailUrl":"https:\/\/www.theborder.nl\/wp-content\/uploads\/2018\/04\/betaal-met.png","datePublished":"2018-04-23T15:38:56+00:00","dateModified":"2021-11-15T15:54:26+00:00","description":"Coffee Shop The Border. Amstelveenseweg 1160, 1081 JW Amesterd\u00e3o (perto do Bosque de Amesterd\u00e3o (Amsterdamse Bos)). N. de telefone +31 20 642 0681, e-mail: info@www.theborder.nl Aceitamos cart\u00f5es de cr\u00e9dito: VISA, Maestro, MasterCard.\u00a0 Hor\u00e1rio de abertura: diariamente das 08:00 \u00e0 01:00. \u00c9 f\u00e1cil chegar at\u00e9 n\u00f3s\u00a0de carro","breadcrumb":{"@id":"https:\/\/www.theborder.nl\/contact\/#breadcrumb"},"inLanguage":"pt-PT","potentialAction":[{"@type":"ReadAction","target":["https:\/\/www.theborder.nl\/contact\/"]}]},{"@type":"ImageObject","inLanguage":"pt-PT","@id":"https:\/\/www.theborder.nl\/contact\/#primaryimage","url":"https:\/\/www.theborder.nl\/wp-content\/uploads\/2018\/04\/betaal-met.png","contentUrl":"https:\/\/www.theborder.nl\/wp-content\/uploads\/2018\/04\/betaal-met.png"},{"@type":"BreadcrumbList","@id":"https:\/\/www.theborder.nl\/contact\/#breadcrumb","itemListElement":[{"@type":"ListItem","position":1,"name":"Home","item":"https:\/\/www.theborder.nl\/pt-pt\/"},{"@type":"ListItem","position":2,"name":"Contacto"}]},{"@type":"WebSite","@id":"https:\/\/www.theborder.nl\/#website","url":"https:\/\/www.theborder.nl\/","name":"The Border","description":"Coffeeshop Amsterdam","publisher":{"@id":"https:\/\/www.theborder.nl\/#organization"},"potentialAction":[{"@type":"SearchAction","target":{"@type":"EntryPoint","urlTemplate":"https:\/\/www.theborder.nl\/?s={search_term_string}"},"query-input":{"@type":"PropertyValueSpecification","valueRequired":true,"valueName":"search_term_string"}}],"inLanguage":"pt-PT"},{"@type":"Organization","@id":"https:\/\/www.theborder.nl\/#organization","name":"The Border","url":"https:\/\/www.theborder.nl\/","logo":{"@type":"ImageObject","inLanguage":"pt-PT","@id":"https:\/\/www.theborder.nl\/#\/schema\/logo\/image\/","url":"https:\/\/www.theborder.nl\/wp-content\/uploads\/2020\/02\/Logo.png","contentUrl":"https:\/\/www.theborder.nl\/wp-content\/uploads\/2020\/02\/Logo.png","width":512,"height":512,"caption":"The Border"},"image":{"@id":"https:\/\/www.theborder.nl\/#\/schema\/logo\/image\/"},"sameAs":["https:\/\/www.facebook.com\/theborderamsterdam\/","https:\/\/www.instagram.com\/theborderamsterdam\/"]}]}},"_links":{"self":[{"href":"https:\/\/www.theborder.nl\/pt-pt\/wp-json\/wp\/v2\/pages\/3863","targetHints":{"allow":["GET"]}}],"collection":[{"href":"https:\/\/www.theborder.nl\/pt-pt\/wp-json\/wp\/v2\/pages"}],"about":[{"href":"https:\/\/www.theborder.nl\/pt-pt\/wp-json\/wp\/v2\/types\/page"}],"author":[{"embeddable":true,"href":"https:\/\/www.theborder.nl\/pt-pt\/wp-json\/wp\/v2\/users\/1"}],"replies":[{"embeddable":true,"href":"https:\/\/www.theborder.nl\/pt-pt\/wp-json\/wp\/v2\/comments?post=3863"}],"version-history":[{"count":10,"href":"https:\/\/www.theborder.nl\/pt-pt\/wp-json\/wp\/v2\/pages\/3863\/revisions"}],"predecessor-version":[{"id":7518,"href":"https:\/\/www.theborder.nl\/pt-pt\/wp-json\/wp\/v2\/pages\/3863\/revisions\/7518"}],"wp:attachment":[{"href":"https:\/\/www.theborder.nl\/pt-pt\/wp-json\/wp\/v2\/media?parent=3863"}],"curies":[{"name":"wp","href":"https:\/\/api.w.org\/{rel}","templated":true}]}}