{"id":3826,"date":"2018-04-23T15:26:36","date_gmt":"2018-04-23T15:26:36","guid":{"rendered":"https:\/\/www.theborder.nl\/house-rules\/"},"modified":"2020-06-24T11:03:37","modified_gmt":"2020-06-24T11:03:37","slug":"regrasdacasa","status":"publish","type":"page","link":"https:\/\/www.theborder.nl\/pt-pt\/regrasdacasa\/","title":{"rendered":"Regras Da Casa"},"content":{"rendered":"<div  class=\"tatsu-ico9m585bn8ana27 tatsu-section    tatsu-clearfix\" data-title=\"\"  data-headerscheme=\"background--dark\"><div class='tatsu-section-pad clearfix' data-padding='90px 0px 90px 0px' data-padding-top='90px'><div class=\"tatsu-row-wrap  tatsu-wrap tatsu-row-one-col tatsu-row-has-one-cols tatsu-medium-gutter tatsu-reg-cols  tatsu-clearfix tatsu-ico9m585w2a6ctwm\" ><div  class=\"tatsu-row \" ><div  class=\"tatsu-column  tatsu-column-no-bg tatsu-one-col tatsu-column-image- tatsu-column-effect-  tatsu-ico9m5862ae7vmgg\" data-animation=\"fadeIn\"   data-parallax-speed=\"0\" style=\"\"><div class=\"tatsu-column-inner \" ><div class=\"tatsu-column-pad-wrap\"><div class=\"tatsu-column-pad\" ><div  class=\"special-heading-wrap style1 oshine-module  tatsu-ico9m586b9x9xfo  \" data-animation=\"fadeIn\"  ><div class=\"special-heading align-center\"><h1 class=\"special-h-tag\" >REGRAS DA CASA<\/h1><div class=\"sub-title margin-bottom  special-subtitle\">\n<p>Toda a gente \u00e9 bem-vinda \u00e0 The Border. E queremos manter isso assim.\u00a0 Por esse motivo estabelecemos v\u00e1rias regras da casa.<\/p>\n<\/div><div class=\"sep-with-icon-wrap margin-bottom\"><span class=\"sep-with-icon\" ><\/span><i class=\"sep-icon font-icon oshine_diamond\"><\/i><span class=\"sep-with-icon\" ><\/span><\/div><\/div><style>.tatsu-ico9m586b9x9xfo .sep-icon.oshine_diamond{background: #5bad46;}.tatsu-ico9m586b9x9xfo .sep-with-icon{height: 1px;width: 20px;background: #efefef;}<\/style><\/div><\/div><\/div><div class = \"tatsu-column-bg-image-wrap\"><div class = \"tatsu-column-bg-image\" ><\/div><\/div><\/div><style>.tatsu-ico9m5862ae7vmgg.tatsu-column > .tatsu-column-inner > .tatsu-column-pad-wrap > .tatsu-column-pad{padding: 0px 0px 0px 0px;}.tatsu-ico9m5862ae7vmgg.tatsu-column > .tatsu-column-inner > .tatsu-column-overlay{mix-blend-mode: none;}.tatsu-ico9m5862ae7vmgg > .tatsu-column-inner > .tatsu-top-divider{z-index: 9999;}.tatsu-ico9m5862ae7vmgg > .tatsu-column-inner > .tatsu-bottom-divider{z-index: 9999;}.tatsu-ico9m5862ae7vmgg > .tatsu-column-inner > .tatsu-left-divider{z-index: 9999;}.tatsu-ico9m5862ae7vmgg > .tatsu-column-inner > .tatsu-right-divider{z-index: 9999;}.tatsu-ico9m5862ae7vmgg.tatsu-column{transform: translate3d(0px,0px, 0);}<\/style><\/div><\/div><\/div><div class=\"tatsu-row-wrap  tatsu-wrap tatsu-row-has-two-cols tatsu-medium-gutter tatsu-reg-cols  tatsu-clearfix tatsu-ico9m586fifgkrsn\" ><div  class=\"tatsu-row \" ><div  class=\"tatsu-column  tatsu-column-no-bg tatsu-one-third tatsu-column-image- tatsu-column-effect-  tatsu-ico9m586labqjrw2\" data-animation=\"fadeIn\"   data-parallax-speed=\"0\" style=\"\"><div class=\"tatsu-column-inner \" ><div class=\"tatsu-column-pad-wrap\"><div class=\"tatsu-column-pad\" ><div  class=\"tatsu-module tatsu-normal-icon tatsu-icon-shortcode align-center tatsu-ico9m586sy768pi3   \"><style>.tatsu-ico9m586sy768pi3 .tatsu-icon{color: #5bad46 ;}<\/style><a href=\"#\"  class=\"tatsu-icon-wrap diamond     \" data-animation=\"fadeIn\"   aria-label=\"icon-happy\" data-gdpr-atts={}   ><i class=\"tatsu-icon tatsu-custom-icon tatsu-custom-icon-class icon-happy xlarge diamond\"  data-animation=\"fadeIn\" data-animation-delay=\"0\"><\/i><\/a><\/div><\/div><\/div><div class = \"tatsu-column-bg-image-wrap\"><div class = \"tatsu-column-bg-image\" ><\/div><\/div><\/div><style>.tatsu-ico9m586labqjrw2.tatsu-column > .tatsu-column-inner > .tatsu-column-pad-wrap > .tatsu-column-pad{padding: 0px 0px 0px 0px;}.tatsu-ico9m586labqjrw2.tatsu-column > .tatsu-column-inner > .tatsu-column-overlay{mix-blend-mode: none;}.tatsu-ico9m586labqjrw2 > .tatsu-column-inner > .tatsu-top-divider{z-index: 9999;}.tatsu-ico9m586labqjrw2 > .tatsu-column-inner > .tatsu-bottom-divider{z-index: 9999;}.tatsu-ico9m586labqjrw2 > .tatsu-column-inner > .tatsu-left-divider{z-index: 9999;}.tatsu-ico9m586labqjrw2 > .tatsu-column-inner > .tatsu-right-divider{z-index: 9999;}.tatsu-ico9m586labqjrw2.tatsu-column{transform: translate3d(0px,0px, 0);}<\/style><\/div><div  class=\"tatsu-column  tatsu-column-no-bg tatsu-two-third tatsu-column-image- tatsu-column-effect-  tatsu-ico9m586xz3ge053\" data-animation=\"fadeIn\"   data-parallax-speed=\"0\" style=\"\"><div class=\"tatsu-column-inner \" ><div class=\"tatsu-column-pad-wrap\"><div class=\"tatsu-column-pad\" ><div  class=\"tatsu-module tatsu-text-block-wrap tatsu-ico9m5876d8beoos  \"><div class=\"tatsu-text-inner   clearfix\" data-animation=\"fadeIn\"  ><style>.tatsu-ico9m5876d8beoos.tatsu-text-block-wrap .tatsu-text-inner{width: 100%;}<\/style>\n<ul>\n<li>O acesso destina-se apenas a pessoas com idade igual ou superior a 18 anos.<\/li>\n<li>A identifica\u00e7\u00e3o \u00e9 obrigat\u00f3ria (por meio de passaporte, carta de condu\u00e7\u00e3o ou cart\u00e3o de cidad\u00e3o (cart\u00e3o de identifica\u00e7\u00e3o)).<\/li>\n<li>Em caso de identifica\u00e7\u00e3o falsa chamamos sempre a pol\u00edcia.<\/li>\n<li>N\u00e3o toleramos a revenda a menores.<\/li>\n<li>Par evitar dist\u00farbios, pedimos-lhe que n\u00e3o permane\u00e7a nas imedia\u00e7\u00f5es da loja.<\/li>\n<li>N\u00e3o \u00e9 permitido fumar no interior.<\/li>\n<li>A posse, utiliza\u00e7\u00e3o e venda de drogas pesadas e \u00e1lcool s\u00e3o proibidas.<\/li>\n<li>N\u00e3o atendemos clientes cujo ve\u00edculos estejam em infra\u00e7\u00e3o de estacionamento ou que provoquem qualquer tipo de dist\u00farbios.<\/li>\n<li>A venda de produtos roubados \u00e9 proibida.<\/li>\n<li>N\u00e3o fa\u00e7a barulho e arrume o que desarrumou.<\/li>\n<li>N\u00e3o toleramos agress\u00f5es.<\/li>\n<li>Os funcion\u00e1rios do estabelecimento t\u00eam o direito, a qualquer momento, de recusar a entrada e\/ou de revistar algu\u00e9m.<\/li>\n<li><strong>Vigiamos a loja e respetivas imedia\u00e7\u00f5es 24 horas por dia, sete dias por semana, atrav\u00e9s de rigorosas e diversas medidas. Perante perturba\u00e7\u00e3o da ordem p\u00fablica, dist\u00farbios ou viola\u00e7\u00e3o das regras da casa, apresentamos queixa \u00e0 pol\u00edcia.<\/strong><\/li>\n<\/ul>\n<\/div><\/div><\/div><\/div><div class = \"tatsu-column-bg-image-wrap\"><div class = \"tatsu-column-bg-image\" ><\/div><\/div><\/div><style>.tatsu-ico9m586xz3ge053.tatsu-column > .tatsu-column-inner > .tatsu-column-pad-wrap > .tatsu-column-pad{padding: 0px 0px 0px 0px;}.tatsu-ico9m586xz3ge053.tatsu-column > .tatsu-column-inner > .tatsu-column-overlay{mix-blend-mode: none;}.tatsu-ico9m586xz3ge053 > .tatsu-column-inner > .tatsu-top-divider{z-index: 9999;}.tatsu-ico9m586xz3ge053 > .tatsu-column-inner > .tatsu-bottom-divider{z-index: 9999;}.tatsu-ico9m586xz3ge053 > .tatsu-column-inner > .tatsu-left-divider{z-index: 9999;}.tatsu-ico9m586xz3ge053 > .tatsu-column-inner > .tatsu-right-divider{z-index: 9999;}.tatsu-ico9m586xz3ge053.tatsu-column{transform: translate3d(0px,0px, 0);}<\/style><\/div><\/div><\/div><\/div><div class=\"tatsu-section-background-wrap\"><div class = \"tatsu-section-background\" ><\/div><\/div><style>.tatsu-ico9m585bn8ana27 .tatsu-section-pad{padding: 90px 0px 90px 0px;}.tatsu-ico9m585bn8ana27.tatsu-section{margin: 0px 0px 0px 0px;}.tatsu-ico9m585bn8ana27 > .tatsu-bottom-divider{z-index: 9999;}.tatsu-ico9m585bn8ana27 > .tatsu-top-divider{z-index: 9999;}<\/style><\/div>\n","protected":false},"excerpt":{"rendered":"<p><a href=\"https:\/\/www.theborder.nl\/pt-pt\/regrasdacasa\/\" class=\"more-link style2-button\">Read More<\/a><\/p>","protected":false},"author":1,"featured_media":0,"parent":0,"menu_order":0,"comment_status":"closed","ping_status":"closed","template":"","meta":{"footnotes":""},"class_list":["post-3826","page","type-page","status-publish","hentry"],"yoast_head":"<!-- This site is optimized with the Yoast SEO plugin v27.1.1 - https:\/\/yoast.com\/product\/yoast-seo-wordpress\/ -->\n<title>Regras Da Casa - The Border<\/title>\n<meta name=\"description\" content=\"Todas as pessoas com mais de 18 anos s\u00e3o bem-vindas \u00e0 The Border. Por isso estabelecemos v\u00e1rias regras da casa, tais como: O acesso destina-se apenas a pessoas com idade igual ou superior a 18 anos. A identifica\u00e7\u00e3o \u00e9 obrigat\u00f3ria. N\u00e3o toleramos a revenda a menores. A posse, utiliza\u00e7\u00e3o e venda de drogas pesadas e \u00e1lcool s\u00e3o proibidas.\" \/>\n<meta name=\"robots\" content=\"index, follow, max-snippet:-1, max-image-preview:large, max-video-preview:-1\" \/>\n<link rel=\"canonical\" href=\"https:\/\/www.theborder.nl\/huisregels\/\" \/>\n<meta property=\"og:locale\" content=\"pt_PT\" \/>\n<meta property=\"og:type\" content=\"article\" \/>\n<meta property=\"og:title\" content=\"Regras Da Casa - The Border\" \/>\n<meta property=\"og:description\" content=\"Todas as pessoas com mais de 18 anos s\u00e3o bem-vindas \u00e0 The Border. Por isso estabelecemos v\u00e1rias regras da casa, tais como: O acesso destina-se apenas a pessoas com idade igual ou superior a 18 anos. A identifica\u00e7\u00e3o \u00e9 obrigat\u00f3ria. N\u00e3o toleramos a revenda a menores. A posse, utiliza\u00e7\u00e3o e venda de drogas pesadas e \u00e1lcool s\u00e3o proibidas.\" \/>\n<meta property=\"og:url\" content=\"https:\/\/www.theborder.nl\/huisregels\/\" \/>\n<meta property=\"og:site_name\" content=\"The Border\" \/>\n<meta property=\"article:publisher\" content=\"https:\/\/www.facebook.com\/theborderamsterdam\/\" \/>\n<meta property=\"article:modified_time\" content=\"2020-06-24T11:03:37+00:00\" \/>\n<meta name=\"twitter:card\" content=\"summary_large_image\" \/>\n<meta name=\"twitter:label1\" content=\"Tempo estimado de leitura\" \/>\n\t<meta name=\"twitter:data1\" content=\"4 minutos\" \/>\n<!-- \/ Yoast SEO plugin. -->","yoast_head_json":{"title":"Regras Da Casa - The Border","description":"Todas as pessoas com mais de 18 anos s\u00e3o bem-vindas \u00e0 The Border. Por isso estabelecemos v\u00e1rias regras da casa, tais como: O acesso destina-se apenas a pessoas com idade igual ou superior a 18 anos. A identifica\u00e7\u00e3o \u00e9 obrigat\u00f3ria. N\u00e3o toleramos a revenda a menores. A posse, utiliza\u00e7\u00e3o e venda de drogas pesadas e \u00e1lcool s\u00e3o proibidas.","robots":{"index":"index","follow":"follow","max-snippet":"max-snippet:-1","max-image-preview":"max-image-preview:large","max-video-preview":"max-video-preview:-1"},"canonical":"https:\/\/www.theborder.nl\/huisregels\/","og_locale":"pt_PT","og_type":"article","og_title":"Regras Da Casa - The Border","og_description":"Todas as pessoas com mais de 18 anos s\u00e3o bem-vindas \u00e0 The Border. Por isso estabelecemos v\u00e1rias regras da casa, tais como: O acesso destina-se apenas a pessoas com idade igual ou superior a 18 anos. A identifica\u00e7\u00e3o \u00e9 obrigat\u00f3ria. N\u00e3o toleramos a revenda a menores. A posse, utiliza\u00e7\u00e3o e venda de drogas pesadas e \u00e1lcool s\u00e3o proibidas.","og_url":"https:\/\/www.theborder.nl\/huisregels\/","og_site_name":"The Border","article_publisher":"https:\/\/www.facebook.com\/theborderamsterdam\/","article_modified_time":"2020-06-24T11:03:37+00:00","twitter_card":"summary_large_image","twitter_misc":{"Tempo estimado de leitura":"4 minutos"},"schema":{"@context":"https:\/\/schema.org","@graph":[{"@type":"WebPage","@id":"https:\/\/www.theborder.nl\/huisregels\/","url":"https:\/\/www.theborder.nl\/huisregels\/","name":"Regras Da Casa - The Border","isPartOf":{"@id":"https:\/\/www.theborder.nl\/#website"},"datePublished":"2018-04-23T15:26:36+00:00","dateModified":"2020-06-24T11:03:37+00:00","description":"Todas as pessoas com mais de 18 anos s\u00e3o bem-vindas \u00e0 The Border. Por isso estabelecemos v\u00e1rias regras da casa, tais como: O acesso destina-se apenas a pessoas com idade igual ou superior a 18 anos. A identifica\u00e7\u00e3o \u00e9 obrigat\u00f3ria. N\u00e3o toleramos a revenda a menores. A posse, utiliza\u00e7\u00e3o e venda de drogas pesadas e \u00e1lcool s\u00e3o proibidas.","breadcrumb":{"@id":"https:\/\/www.theborder.nl\/huisregels\/#breadcrumb"},"inLanguage":"pt-PT","potentialAction":[{"@type":"ReadAction","target":["https:\/\/www.theborder.nl\/huisregels\/"]}]},{"@type":"BreadcrumbList","@id":"https:\/\/www.theborder.nl\/huisregels\/#breadcrumb","itemListElement":[{"@type":"ListItem","position":1,"name":"Home","item":"https:\/\/www.theborder.nl\/pt-pt\/"},{"@type":"ListItem","position":2,"name":"Regras Da Casa"}]},{"@type":"WebSite","@id":"https:\/\/www.theborder.nl\/#website","url":"https:\/\/www.theborder.nl\/","name":"The Border","description":"Coffeeshop Amsterdam","publisher":{"@id":"https:\/\/www.theborder.nl\/#organization"},"potentialAction":[{"@type":"SearchAction","target":{"@type":"EntryPoint","urlTemplate":"https:\/\/www.theborder.nl\/?s={search_term_string}"},"query-input":{"@type":"PropertyValueSpecification","valueRequired":true,"valueName":"search_term_string"}}],"inLanguage":"pt-PT"},{"@type":"Organization","@id":"https:\/\/www.theborder.nl\/#organization","name":"The Border","url":"https:\/\/www.theborder.nl\/","logo":{"@type":"ImageObject","inLanguage":"pt-PT","@id":"https:\/\/www.theborder.nl\/#\/schema\/logo\/image\/","url":"https:\/\/www.theborder.nl\/wp-content\/uploads\/2020\/02\/Logo.png","contentUrl":"https:\/\/www.theborder.nl\/wp-content\/uploads\/2020\/02\/Logo.png","width":512,"height":512,"caption":"The Border"},"image":{"@id":"https:\/\/www.theborder.nl\/#\/schema\/logo\/image\/"},"sameAs":["https:\/\/www.facebook.com\/theborderamsterdam\/","https:\/\/www.instagram.com\/theborderamsterdam\/"]}]}},"_links":{"self":[{"href":"https:\/\/www.theborder.nl\/pt-pt\/wp-json\/wp\/v2\/pages\/3826","targetHints":{"allow":["GET"]}}],"collection":[{"href":"https:\/\/www.theborder.nl\/pt-pt\/wp-json\/wp\/v2\/pages"}],"about":[{"href":"https:\/\/www.theborder.nl\/pt-pt\/wp-json\/wp\/v2\/types\/page"}],"author":[{"embeddable":true,"href":"https:\/\/www.theborder.nl\/pt-pt\/wp-json\/wp\/v2\/users\/1"}],"replies":[{"embeddable":true,"href":"https:\/\/www.theborder.nl\/pt-pt\/wp-json\/wp\/v2\/comments?post=3826"}],"version-history":[{"count":5,"href":"https:\/\/www.theborder.nl\/pt-pt\/wp-json\/wp\/v2\/pages\/3826\/revisions"}],"predecessor-version":[{"id":3919,"href":"https:\/\/www.theborder.nl\/pt-pt\/wp-json\/wp\/v2\/pages\/3826\/revisions\/3919"}],"wp:attachment":[{"href":"https:\/\/www.theborder.nl\/pt-pt\/wp-json\/wp\/v2\/media?parent=3826"}],"curies":[{"name":"wp","href":"https:\/\/api.w.org\/{rel}","templated":true}]}}