{"id":3781,"date":"2017-04-21T12:52:17","date_gmt":"2017-04-21T12:52:17","guid":{"rendered":"https:\/\/www.theborder.nl\/geschiedenis\/"},"modified":"2020-01-20T19:13:01","modified_gmt":"2020-01-20T19:13:01","slug":"historia","status":"publish","type":"page","link":"https:\/\/www.theborder.nl\/pt-pt\/historia\/","title":{"rendered":"Hist\u00f3ria"},"content":{"rendered":"<div  class=\"tatsu-g35e2c6th2bhcrly tatsu-section    tatsu-clearfix\" data-title=\"\"  data-headerscheme=\"background--dark\"><div class='tatsu-section-pad clearfix' data-padding='{\"d\":\"90px 0px 90px 0px\"}' data-padding-top='90px'><div class=\"tatsu-row-wrap  tatsu-wrap tatsu-row-one-col tatsu-row-has-one-cols tatsu-medium-gutter tatsu-reg-cols  tatsu-clearfix tatsu-g35e2c6tkodpochz\" ><div  class=\"tatsu-row \" ><div  class=\"tatsu-column  tatsu-column-no-bg tatsu-one-col tatsu-column-image-none tatsu-column-effect-none  tatsu-g35e2c6to16og8uk\" data-animation=\"fadeIn\"   data-parallax-speed=\"0\" style=\"\"><div class=\"tatsu-column-inner \" ><div class=\"tatsu-column-pad-wrap\"><div class=\"tatsu-column-pad\" ><div  class=\"special-heading-wrap style1 oshine-module  tatsu-g35e2c6tqo8tmt2c  \" data-animation=\"fadeIn\"  ><div class=\"special-heading align-center\"><h1 class=\"special-h-tag\" >A NOSSA HIST\u00d3RIA<\/h1><div class=\"sub-title margin-bottom  special-subtitle\">\n<p>A hist\u00f3ria da The Border come\u00e7ou em Leidseplein, em Amesterd\u00e3o. A\u00ed trabalhavam, no final dos anos 80 do s\u00e9culo passado, os amigos de inf\u00e2ncia Bart e Eric, no bar do ent\u00e3o caf\u00e9 Le Berry. Enquanto trabalhavam no bar, os amigos sonhavam frequentemente com a abertura de um neg\u00f3cio juntos.<\/p>\n<p><strong>O surgimento dos caf\u00e9s de cannabis<\/strong><\/p>\n<p>No in\u00edcio dos anos noventa abria um caf\u00e9 de cannabis atr\u00e1s do outro na capital holandesa. N\u00e3o havia ent\u00e3o regulamenta\u00e7\u00f5es estritas, como as que h\u00e1 atualmente. Os dois amigos de inf\u00e2ncia naturais de Amstelveen, notaram que n\u00e3o havia ainda, na sua zona de nascimento, a exist\u00eancia de um caf\u00e9 que vendesse cannabis. Os seus planos para a cria\u00e7\u00e3o do pr\u00f3prio neg\u00f3cio foram ganhando forma.<\/p>\n<p>Em 1992 tinha chegado a hora. Juntos, Eric e Bart conseguiram comprar o caf\u00e9 &#8220;De Schuimkraag&#8221;. O cafezito situava-se em Amesterd\u00e3o, mesmo na fronteira com Amstelveen, na <a href=\"https:\/\/maps.google.com\/?q=Amstelveenseweg+1160&#038;entry=gmail&#038;source=g\">Amstelveenseweg 1160<\/a>. A loja deles, perto do Amsterdamse Bos recebeu o adequado nome The Border [A Fronteira].<\/p>\n<p><strong>A abertura da The Border<\/strong><\/p>\n<p>A inten\u00e7\u00e3o era que The Border se tornasse uma minivariante do Le Berry, mas\u00a0 combinando a venda de cannabis. No piso de cima, a loja foi reconstru\u00edda ao estilo dos antigos caf\u00e9s dos anos oitenta. A cave em baixo recebeu um aspeto tropical, com mesas de bilhar, uma m\u00e1quina de flippers e matraquilhos. Para atender a procura de charros, estava l\u00e1 um amigo vendedor que tinha uma bolsinha com alguma erva. Nesse tempo era assim.<\/p>\n<p>Gradualmente, o vendedor foi ocupando um lugar permanente num canto atr\u00e1s do bar. Foi um sucesso! Muitos fumadores procuravam a The Border. Tornou-se mesmo t\u00e3o concorrido que o Eric e o Bart decidiram mudar a venda de cannabis para o piso de cima. Em baixo havia ainda muito espa\u00e7o para jogar bilhar, flippers ou para beber uma cerveja.<\/p>\n<p><strong>Regulamenta\u00e7\u00e3o do governo<\/strong><\/p>\n<p>Mas a pol\u00edtica tamb\u00e9m n\u00e3o ficara parada. Pois os pontos de venda de cannabis espalhavam-se, como uma mancha de \u00f3leo, pela cidade de Amesterd\u00e3o. Em 1995 havia cerca de 350 Coffee Shops na cidade (no ano de 2018 esse n\u00famero ficou reduzido a uma boa metade). O governo come\u00e7ou gradualmente a desenvolver mais e mais medidas pol\u00edticas.<\/p>\n<p>Uma das novas condi\u00e7\u00f5es, surgidas em 2007, foi a proibi\u00e7\u00e3o da venda de \u00e1lcool nos caf\u00e9s de haxixe. A The Border estava j\u00e1 muito \u00e0 frente, uma vez que decidira parar com tal venda j\u00e1 em 2001. Eric e Bart queriam servir de exemplo. Desse modo o caf\u00e9 de haxixe foi o primeiro em Amesterd\u00e3o a excluir, a t\u00edtulo definitivo e volunt\u00e1rio, a venda do \u00e1lcool. A The Border foi tamb\u00e9m uma das primeiras a ter porteiros \u00e0 entrada, para efetuar um estreito controlo de acesso.<\/p>\n<p><strong>Servi\u00e7o aos clientes<\/strong><\/p>\n<p>Atualmente, o espa\u00e7o do piso de baixo encontra-se fechado ao p\u00fablico, e em termos de interior, The Border j\u00e1 n\u00e3o se parece com o caf\u00e9 de cannabis que era nos seus primeiros anos. O que ficou, foi o atendimento aos clientes. The Border pretende continuar a inform\u00e1-los o melhor poss\u00edvel, e a servi-los, pondo ao dispor um variado sortido. Mas, fator n\u00e3o menos importante, s\u00e3o as imedia\u00e7\u00f5es que devem ser limpas e seguras.<\/p>\n<p>Em 2017 The Border celebrou 25 anos de exist\u00eancia, e estamos certos de poder celebrar, pelo menos outros 25 anos. Somos a favor de uma maior regulamenta\u00e7\u00e3o da cannabis e de uma mais ampla normaliza\u00e7\u00e3o da nossa empresa. Embora a pol\u00edtica funcione lenta e demoradamente, a &#8220;caixa de Pandora&#8221; j\u00e1 foi aberta. The Border acolhe com benevol\u00eancia cada iniciativa governamental \u00fatil e inovadora.<\/p>\n<p>\u00a0<\/p>\n<\/div><div class=\"sep-with-icon-wrap margin-bottom\"><span class=\"sep-with-icon\" ><\/span><i class=\"sep-icon font-icon oshine_diamond\"><\/i><span class=\"sep-with-icon\" ><\/span><\/div><\/div><style>.tatsu-g35e2c6tqo8tmt2c .sep-icon.oshine_diamond{background: #5bad46;}.tatsu-g35e2c6tqo8tmt2c .sep-with-icon{height: 1px;width: 20px;background: #efefef;}<\/style><\/div><\/div><\/div><div class = \"tatsu-column-bg-image-wrap\"><div class = \"tatsu-column-bg-image\" ><\/div><\/div><\/div><style>.tatsu-row > .tatsu-g35e2c6to16og8uk.tatsu-column{width: 100%;}.tatsu-g35e2c6to16og8uk.tatsu-column > .tatsu-column-inner > .tatsu-column-overlay{mix-blend-mode: none;}.tatsu-g35e2c6to16og8uk > .tatsu-column-inner > .tatsu-top-divider{z-index: 9999;}.tatsu-g35e2c6to16og8uk > .tatsu-column-inner > .tatsu-bottom-divider{z-index: 9999;}.tatsu-g35e2c6to16og8uk > .tatsu-column-inner > .tatsu-left-divider{z-index: 9999;}.tatsu-g35e2c6to16og8uk > .tatsu-column-inner > .tatsu-right-divider{z-index: 9999;}.tatsu-g35e2c6to16og8uk.tatsu-column{transform: translate3d(0px,0px, 0);}<\/style><\/div><\/div><\/div><\/div><div class=\"tatsu-section-background-wrap\"><div class = \"tatsu-section-background\" ><\/div><\/div><style>.tatsu-g35e2c6th2bhcrly .tatsu-section-pad{padding: 90px 0px 90px 0px;}.tatsu-g35e2c6th2bhcrly > .tatsu-bottom-divider{z-index: 9999;}.tatsu-g35e2c6th2bhcrly > .tatsu-top-divider{z-index: 9999;}<\/style><\/div><div  class=\"tatsu-g35e2c6x0h60uqdz tatsu-section    tatsu-clearfix\" data-title=\"\"  data-headerscheme=\"background--dark\"><div class='tatsu-section-pad clearfix' data-padding='{\"d\":\"90px 0px 90px 0px\"}' data-padding-top='90px'><div class=\"tatsu-row-wrap  tatsu-wrap tatsu-row-one-col tatsu-row-has-one-cols tatsu-medium-gutter tatsu-reg-cols  tatsu-clearfix tatsu-g35e2c6x35ef23p9\" ><div  class=\"tatsu-row \" ><div  class=\"tatsu-column  tatsu-column-no-bg tatsu-one-col tatsu-column-image-none tatsu-column-effect-none  tatsu-g35e2c6x5zcr44i4\" data-animation=\"fadeIn\"   data-parallax-speed=\"0\" style=\"\"><div class=\"tatsu-column-inner \" ><div class=\"tatsu-column-pad-wrap\"><div class=\"tatsu-column-pad\" ><div  class=\"tatsu-module tatsu-gmap-wrapper be-gdpr-consent-required tatsu-g35e2c6x812wi0ed   tatsu-animate\" data-gdpr-concern=\"gmaps\" data-animation=\"fadeIn\"  ><div class=\"tatsu-gmap map_960\" data-address=\"Amstelveenseweg 1160 Amsterdam.\" data-zoom=\"14\" data-latitude=\"52.321991\" data-longitude=\"4.857060\" data-marker=\"\" data-style=\"standard\"><\/div><style>.tatsu-g35e2c6x812wi0ed{height: 300px;}<\/style><\/div><\/div><\/div><div class = \"tatsu-column-bg-image-wrap\"><div class = \"tatsu-column-bg-image\" ><\/div><\/div><\/div><style>.tatsu-row > .tatsu-g35e2c6x5zcr44i4.tatsu-column{width: 100%;}.tatsu-g35e2c6x5zcr44i4.tatsu-column > .tatsu-column-inner > .tatsu-column-overlay{mix-blend-mode: none;}.tatsu-g35e2c6x5zcr44i4 > .tatsu-column-inner > .tatsu-top-divider{z-index: 9999;}.tatsu-g35e2c6x5zcr44i4 > .tatsu-column-inner > .tatsu-bottom-divider{z-index: 9999;}.tatsu-g35e2c6x5zcr44i4 > .tatsu-column-inner > .tatsu-left-divider{z-index: 9999;}.tatsu-g35e2c6x5zcr44i4 > .tatsu-column-inner > .tatsu-right-divider{z-index: 9999;}.tatsu-g35e2c6x5zcr44i4.tatsu-column{transform: translate3d(0px,0px, 0);}<\/style><\/div><\/div><\/div><\/div><div class=\"tatsu-section-background-wrap\"><div class = \"tatsu-section-background\" ><\/div><\/div><style>.tatsu-g35e2c6x0h60uqdz .tatsu-section-pad{padding: 90px 0px 90px 0px;}.tatsu-g35e2c6x0h60uqdz > .tatsu-bottom-divider{z-index: 9999;}.tatsu-g35e2c6x0h60uqdz > .tatsu-top-divider{z-index: 9999;}<\/style><\/div>\n","protected":false},"excerpt":{"rendered":"<p><a href=\"https:\/\/www.theborder.nl\/pt-pt\/historia\/\" class=\"more-link style2-button\">Read More<\/a><\/p>","protected":false},"author":1,"featured_media":0,"parent":0,"menu_order":0,"comment_status":"closed","ping_status":"closed","template":"","meta":{"footnotes":""},"class_list":["post-3781","page","type-page","status-publish","hentry"],"yoast_head":"<!-- This site is optimized with the Yoast SEO plugin v27.1.1 - https:\/\/yoast.com\/product\/yoast-seo-wordpress\/ -->\n<title>Hist\u00f3ria - The Border<\/title>\n<meta name=\"description\" content=\"A hist\u00f3ria da Cofee Shop The Border em Amesterd\u00e3o come\u00e7ou na Amstelveenseweg 1160. Na fronteira com Amstelveen, nos limites do Amsterdamse Bos (Bosque de Amesterd\u00e3o), abrimos o caf\u00e9 de haxixe em 1992. Em 2001 fomos dos primeiros a parar com a venda de \u00e1lcool. Desde ent\u00e3o vendemos apenas cannabis e produtos para fumar.\" \/>\n<meta name=\"robots\" content=\"index, follow, max-snippet:-1, max-image-preview:large, max-video-preview:-1\" \/>\n<link rel=\"canonical\" href=\"https:\/\/www.theborder.nl\/geschiedenis\/\" \/>\n<meta property=\"og:locale\" content=\"pt_PT\" \/>\n<meta property=\"og:type\" content=\"article\" \/>\n<meta property=\"og:title\" content=\"Hist\u00f3ria - The Border\" \/>\n<meta property=\"og:description\" content=\"A hist\u00f3ria da Cofee Shop The Border em Amesterd\u00e3o come\u00e7ou na Amstelveenseweg 1160. Na fronteira com Amstelveen, nos limites do Amsterdamse Bos (Bosque de Amesterd\u00e3o), abrimos o caf\u00e9 de haxixe em 1992. Em 2001 fomos dos primeiros a parar com a venda de \u00e1lcool. Desde ent\u00e3o vendemos apenas cannabis e produtos para fumar.\" \/>\n<meta property=\"og:url\" content=\"https:\/\/www.theborder.nl\/geschiedenis\/\" \/>\n<meta property=\"og:site_name\" content=\"The Border\" \/>\n<meta property=\"article:publisher\" content=\"https:\/\/www.facebook.com\/theborderamsterdam\/\" \/>\n<meta property=\"article:modified_time\" content=\"2020-01-20T19:13:01+00:00\" \/>\n<meta name=\"twitter:card\" content=\"summary_large_image\" \/>\n<meta name=\"twitter:label1\" content=\"Tempo estimado de leitura\" \/>\n\t<meta name=\"twitter:data1\" content=\"8 minutos\" \/>\n<!-- \/ Yoast SEO plugin. -->","yoast_head_json":{"title":"Hist\u00f3ria - The Border","description":"A hist\u00f3ria da Cofee Shop The Border em Amesterd\u00e3o come\u00e7ou na Amstelveenseweg 1160. Na fronteira com Amstelveen, nos limites do Amsterdamse Bos (Bosque de Amesterd\u00e3o), abrimos o caf\u00e9 de haxixe em 1992. Em 2001 fomos dos primeiros a parar com a venda de \u00e1lcool. Desde ent\u00e3o vendemos apenas cannabis e produtos para fumar.","robots":{"index":"index","follow":"follow","max-snippet":"max-snippet:-1","max-image-preview":"max-image-preview:large","max-video-preview":"max-video-preview:-1"},"canonical":"https:\/\/www.theborder.nl\/geschiedenis\/","og_locale":"pt_PT","og_type":"article","og_title":"Hist\u00f3ria - The Border","og_description":"A hist\u00f3ria da Cofee Shop The Border em Amesterd\u00e3o come\u00e7ou na Amstelveenseweg 1160. Na fronteira com Amstelveen, nos limites do Amsterdamse Bos (Bosque de Amesterd\u00e3o), abrimos o caf\u00e9 de haxixe em 1992. Em 2001 fomos dos primeiros a parar com a venda de \u00e1lcool. Desde ent\u00e3o vendemos apenas cannabis e produtos para fumar.","og_url":"https:\/\/www.theborder.nl\/geschiedenis\/","og_site_name":"The Border","article_publisher":"https:\/\/www.facebook.com\/theborderamsterdam\/","article_modified_time":"2020-01-20T19:13:01+00:00","twitter_card":"summary_large_image","twitter_misc":{"Tempo estimado de leitura":"8 minutos"},"schema":{"@context":"https:\/\/schema.org","@graph":[{"@type":"WebPage","@id":"https:\/\/www.theborder.nl\/geschiedenis\/","url":"https:\/\/www.theborder.nl\/geschiedenis\/","name":"Hist\u00f3ria - The Border","isPartOf":{"@id":"https:\/\/www.theborder.nl\/#website"},"datePublished":"2017-04-21T12:52:17+00:00","dateModified":"2020-01-20T19:13:01+00:00","description":"A hist\u00f3ria da Cofee Shop The Border em Amesterd\u00e3o come\u00e7ou na Amstelveenseweg 1160. Na fronteira com Amstelveen, nos limites do Amsterdamse Bos (Bosque de Amesterd\u00e3o), abrimos o caf\u00e9 de haxixe em 1992. Em 2001 fomos dos primeiros a parar com a venda de \u00e1lcool. Desde ent\u00e3o vendemos apenas cannabis e produtos para fumar.","breadcrumb":{"@id":"https:\/\/www.theborder.nl\/geschiedenis\/#breadcrumb"},"inLanguage":"pt-PT","potentialAction":[{"@type":"ReadAction","target":["https:\/\/www.theborder.nl\/geschiedenis\/"]}]},{"@type":"BreadcrumbList","@id":"https:\/\/www.theborder.nl\/geschiedenis\/#breadcrumb","itemListElement":[{"@type":"ListItem","position":1,"name":"Home","item":"https:\/\/www.theborder.nl\/pt-pt\/"},{"@type":"ListItem","position":2,"name":"Hist\u00f3ria"}]},{"@type":"WebSite","@id":"https:\/\/www.theborder.nl\/#website","url":"https:\/\/www.theborder.nl\/","name":"The Border","description":"Coffeeshop Amsterdam","publisher":{"@id":"https:\/\/www.theborder.nl\/#organization"},"potentialAction":[{"@type":"SearchAction","target":{"@type":"EntryPoint","urlTemplate":"https:\/\/www.theborder.nl\/?s={search_term_string}"},"query-input":{"@type":"PropertyValueSpecification","valueRequired":true,"valueName":"search_term_string"}}],"inLanguage":"pt-PT"},{"@type":"Organization","@id":"https:\/\/www.theborder.nl\/#organization","name":"The Border","url":"https:\/\/www.theborder.nl\/","logo":{"@type":"ImageObject","inLanguage":"pt-PT","@id":"https:\/\/www.theborder.nl\/#\/schema\/logo\/image\/","url":"https:\/\/www.theborder.nl\/wp-content\/uploads\/2020\/02\/Logo.png","contentUrl":"https:\/\/www.theborder.nl\/wp-content\/uploads\/2020\/02\/Logo.png","width":512,"height":512,"caption":"The Border"},"image":{"@id":"https:\/\/www.theborder.nl\/#\/schema\/logo\/image\/"},"sameAs":["https:\/\/www.facebook.com\/theborderamsterdam\/","https:\/\/www.instagram.com\/theborderamsterdam\/"]}]}},"_links":{"self":[{"href":"https:\/\/www.theborder.nl\/pt-pt\/wp-json\/wp\/v2\/pages\/3781","targetHints":{"allow":["GET"]}}],"collection":[{"href":"https:\/\/www.theborder.nl\/pt-pt\/wp-json\/wp\/v2\/pages"}],"about":[{"href":"https:\/\/www.theborder.nl\/pt-pt\/wp-json\/wp\/v2\/types\/page"}],"author":[{"embeddable":true,"href":"https:\/\/www.theborder.nl\/pt-pt\/wp-json\/wp\/v2\/users\/1"}],"replies":[{"embeddable":true,"href":"https:\/\/www.theborder.nl\/pt-pt\/wp-json\/wp\/v2\/comments?post=3781"}],"version-history":[{"count":4,"href":"https:\/\/www.theborder.nl\/pt-pt\/wp-json\/wp\/v2\/pages\/3781\/revisions"}],"predecessor-version":[{"id":5672,"href":"https:\/\/www.theborder.nl\/pt-pt\/wp-json\/wp\/v2\/pages\/3781\/revisions\/5672"}],"wp:attachment":[{"href":"https:\/\/www.theborder.nl\/pt-pt\/wp-json\/wp\/v2\/media?parent=3781"}],"curies":[{"name":"wp","href":"https:\/\/api.w.org\/{rel}","templated":true}]}}