{"id":3825,"date":"2018-04-23T15:26:36","date_gmt":"2018-04-23T15:26:36","guid":{"rendered":"https:\/\/www.theborder.nl\/house-rules\/"},"modified":"2020-06-24T11:02:35","modified_gmt":"2020-06-24T11:02:35","slug":"zasady","status":"publish","type":"page","link":"https:\/\/www.theborder.nl\/pl\/zasady\/","title":{"rendered":"Zasady"},"content":{"rendered":"<div  class=\"tatsu-ic8ur2l99zfbmzw4 tatsu-section    tatsu-clearfix\" data-title=\"\"  data-headerscheme=\"background--dark\"><div class='tatsu-section-pad clearfix' data-padding='90px 0px 90px 0px' data-padding-top='90px'><div class=\"tatsu-row-wrap  tatsu-wrap tatsu-row-one-col tatsu-row-has-one-cols tatsu-medium-gutter tatsu-reg-cols  tatsu-clearfix tatsu-ic8ur2l9tzt6vsb\" ><div  class=\"tatsu-row \" ><div  class=\"tatsu-column  tatsu-column-no-bg tatsu-one-col tatsu-column-image- tatsu-column-effect-  tatsu-ic8ur2la0j41m0p0\" data-animation=\"fadeIn\"   data-parallax-speed=\"0\" style=\"\"><div class=\"tatsu-column-inner \" ><div class=\"tatsu-column-pad-wrap\"><div class=\"tatsu-column-pad\" ><div  class=\"special-heading-wrap style1 oshine-module  tatsu-ic8ur2la9q2gfgpu  \" data-animation=\"fadeIn\"  ><div class=\"special-heading align-center\"><h1 class=\"special-h-tag\" >ZASADY<\/h1><div class=\"sub-title margin-bottom  special-subtitle\">\n<p>W\u00a0\u201eThe Border\u201d mile widziani s\u0105 wszyscy. Chcemy, \u017ceby tak te\u017c pozosta\u0142o. Dlatego ustanowili\u015bmy kilka zasad.<\/p>\n<\/div><div class=\"sep-with-icon-wrap margin-bottom\"><span class=\"sep-with-icon\" ><\/span><i class=\"sep-icon font-icon oshine_diamond\"><\/i><span class=\"sep-with-icon\" ><\/span><\/div><\/div><style>.tatsu-ic8ur2la9q2gfgpu .sep-icon.oshine_diamond{background: #5bad46;}.tatsu-ic8ur2la9q2gfgpu .sep-with-icon{height: 1px;width: 20px;background: #efefef;}<\/style><\/div><\/div><\/div><div class = \"tatsu-column-bg-image-wrap\"><div class = \"tatsu-column-bg-image\" ><\/div><\/div><\/div><style>.tatsu-ic8ur2la0j41m0p0.tatsu-column > .tatsu-column-inner > .tatsu-column-pad-wrap > .tatsu-column-pad{padding: 0px 0px 0px 0px;}.tatsu-ic8ur2la0j41m0p0.tatsu-column > .tatsu-column-inner > .tatsu-column-overlay{mix-blend-mode: none;}.tatsu-ic8ur2la0j41m0p0 > .tatsu-column-inner > .tatsu-top-divider{z-index: 9999;}.tatsu-ic8ur2la0j41m0p0 > .tatsu-column-inner > .tatsu-bottom-divider{z-index: 9999;}.tatsu-ic8ur2la0j41m0p0 > .tatsu-column-inner > .tatsu-left-divider{z-index: 9999;}.tatsu-ic8ur2la0j41m0p0 > .tatsu-column-inner > .tatsu-right-divider{z-index: 9999;}.tatsu-ic8ur2la0j41m0p0.tatsu-column{transform: translate3d(0px,0px, 0);}<\/style><\/div><\/div><\/div><div class=\"tatsu-row-wrap  tatsu-wrap tatsu-row-has-two-cols tatsu-medium-gutter tatsu-reg-cols  tatsu-clearfix tatsu-ic8ur2ladz1yfo53\" ><div  class=\"tatsu-row \" ><div  class=\"tatsu-column  tatsu-column-no-bg tatsu-one-third tatsu-column-image- tatsu-column-effect-  tatsu-ic8ur2lajeanc95e\" data-animation=\"fadeIn\"   data-parallax-speed=\"0\" style=\"\"><div class=\"tatsu-column-inner \" ><div class=\"tatsu-column-pad-wrap\"><div class=\"tatsu-column-pad\" ><div  class=\"tatsu-module tatsu-normal-icon tatsu-icon-shortcode align-center tatsu-ic8ur2lasafagk62   \"><style>.tatsu-ic8ur2lasafagk62 .tatsu-icon{color: #5bad46 ;}<\/style><a href=\"#\"  class=\"tatsu-icon-wrap diamond     \" data-animation=\"fadeIn\"   aria-label=\"icon-happy\" data-gdpr-atts={}   ><i class=\"tatsu-icon tatsu-custom-icon tatsu-custom-icon-class icon-happy xlarge diamond\"  data-animation=\"fadeIn\" data-animation-delay=\"0\"><\/i><\/a><\/div><\/div><\/div><div class = \"tatsu-column-bg-image-wrap\"><div class = \"tatsu-column-bg-image\" ><\/div><\/div><\/div><style>.tatsu-ic8ur2lajeanc95e.tatsu-column > .tatsu-column-inner > .tatsu-column-pad-wrap > .tatsu-column-pad{padding: 0px 0px 0px 0px;}.tatsu-ic8ur2lajeanc95e.tatsu-column > .tatsu-column-inner > .tatsu-column-overlay{mix-blend-mode: none;}.tatsu-ic8ur2lajeanc95e > .tatsu-column-inner > .tatsu-top-divider{z-index: 9999;}.tatsu-ic8ur2lajeanc95e > .tatsu-column-inner > .tatsu-bottom-divider{z-index: 9999;}.tatsu-ic8ur2lajeanc95e > .tatsu-column-inner > .tatsu-left-divider{z-index: 9999;}.tatsu-ic8ur2lajeanc95e > .tatsu-column-inner > .tatsu-right-divider{z-index: 9999;}.tatsu-ic8ur2lajeanc95e.tatsu-column{transform: translate3d(0px,0px, 0);}<\/style><\/div><div  class=\"tatsu-column  tatsu-column-no-bg tatsu-two-third tatsu-column-image- tatsu-column-effect-  tatsu-ic8ur2law13qf33i\" data-animation=\"fadeIn\"   data-parallax-speed=\"0\" style=\"\"><div class=\"tatsu-column-inner \" ><div class=\"tatsu-column-pad-wrap\"><div class=\"tatsu-column-pad\" ><div  class=\"tatsu-module tatsu-text-block-wrap tatsu-ic8ur2lb3lfiprff  \"><div class=\"tatsu-text-inner   clearfix\" data-animation=\"fadeIn\"  ><style>.tatsu-ic8ur2lb3lfiprff.tatsu-text-block-wrap .tatsu-text-inner{width: 100%;}<\/style>\n<ul>\n<li>Wst\u0119p mo\u017cliwy jest wy\u0142\u0105cznie dla os\u00f3b, kt\u00f3re uko\u0144czy\u0142y 18 lat.<\/li>\n<li>Wymagamy okazania dowodu to\u017csamo\u015bci (paszportu, prawa jazdy lub dowodu osobistego),<\/li>\n<li>W\u00a0przypadku fa\u0142szywego dowodu to\u017csamo\u015bci zawsze zawiadamiamy policj\u0119.<\/li>\n<li>Nie tolerujemy odsprzeda\u017cy osobom niepe\u0142noletnim.<\/li>\n<li>Aby nie przeszkadza\u0107 okolicznym mieszka\u0144com, prosimy nie przebywa\u0107 w pobli\u017cu sklepu przez d\u0142u\u017cszy czas.<\/li>\n<li>Palenie w\u00a0\u015brodku jest zabronione.<\/li>\n<li>Obowi\u0105zuje zakaz posiadania i za\u017cywania lub spo\u017cywania narkotyk\u00f3w twardych i\u00a0alkoholu oraz handlu nimi.<\/li>\n<li>Nie obs\u0142ugujemy os\u00f3b nieprawid\u0142owo parkuj\u0105cych i\u00a0tych, kt\u00f3re w\u00a0inny spos\u00f3b s\u0105 uci\u0105\u017cliwe dla otoczenia.<\/li>\n<li>Handel skradzionymi przedmiotami jest zabroniony.<\/li>\n<li>Prosimy nie ha\u0142asowa\u0107 i\u00a0nie \u015bmieci\u0107.<\/li>\n<li>Nie tolerujemy agresji.<\/li>\n<li>Personel ma prawo w\u00a0ka\u017cdym momencie odm\u00f3wi\u0107 komu\u015b wst\u0119pu lub dokona\u0107 przeszukania.<\/li>\n<li><strong>Sklep i\u00a0jego okolica jest kontrolowana przez 24 godziny na dob\u0119 przez siedem dni w tygodniu przy zastosowaniu dok\u0142adnych i r\u00f3\u017cnorodnych \u015brodk\u00f3w. W przypadku stwierdzenia naruszenia porz\u0105dku publicznego, powodowania uci\u0105\u017cliwo\u015bci lub z\u0142amania naszych zasad zawiadomimy policj\u0119. <\/strong><\/li>\n<\/ul>\n<\/div><\/div><\/div><\/div><div class = \"tatsu-column-bg-image-wrap\"><div class = \"tatsu-column-bg-image\" ><\/div><\/div><\/div><style>.tatsu-ic8ur2law13qf33i.tatsu-column > .tatsu-column-inner > .tatsu-column-pad-wrap > .tatsu-column-pad{padding: 0px 0px 0px 0px;}.tatsu-ic8ur2law13qf33i.tatsu-column > .tatsu-column-inner > .tatsu-column-overlay{mix-blend-mode: none;}.tatsu-ic8ur2law13qf33i > .tatsu-column-inner > .tatsu-top-divider{z-index: 9999;}.tatsu-ic8ur2law13qf33i > .tatsu-column-inner > .tatsu-bottom-divider{z-index: 9999;}.tatsu-ic8ur2law13qf33i > .tatsu-column-inner > .tatsu-left-divider{z-index: 9999;}.tatsu-ic8ur2law13qf33i > .tatsu-column-inner > .tatsu-right-divider{z-index: 9999;}.tatsu-ic8ur2law13qf33i.tatsu-column{transform: translate3d(0px,0px, 0);}<\/style><\/div><\/div><\/div><\/div><div class=\"tatsu-section-background-wrap\"><div class = \"tatsu-section-background\" ><\/div><\/div><style>.tatsu-ic8ur2l99zfbmzw4 .tatsu-section-pad{padding: 90px 0px 90px 0px;}.tatsu-ic8ur2l99zfbmzw4.tatsu-section{margin: 0px 0px 0px 0px;}.tatsu-ic8ur2l99zfbmzw4 > .tatsu-bottom-divider{z-index: 9999;}.tatsu-ic8ur2l99zfbmzw4 > .tatsu-top-divider{z-index: 9999;}<\/style><\/div>\n","protected":false},"excerpt":{"rendered":"<p><a href=\"https:\/\/www.theborder.nl\/pl\/zasady\/\" class=\"more-link style2-button\">Read More<\/a><\/p>","protected":false},"author":1,"featured_media":0,"parent":0,"menu_order":0,"comment_status":"closed","ping_status":"closed","template":"","meta":{"footnotes":""},"class_list":["post-3825","page","type-page","status-publish","hentry"],"yoast_head":"<!-- This site is optimized with the Yoast SEO plugin v27.1.1 - https:\/\/yoast.com\/product\/yoast-seo-wordpress\/ -->\n<title>Zasady - The Border<\/title>\n<meta name=\"description\" content=\"W \u201eThe Border\u201d mile widziani s\u0105 wszyscy powy\u017cej 18 r.\u017c. Stosujemy zasady: Wst\u0119p wy\u0142\u0105cznie dla os\u00f3b, kt\u00f3re uko\u0144czy\u0142y 18 lat. Wymagamy okazania dowodu to\u017csamo\u015bci. Nie tolerujemy odsprzeda\u017cy osobom niepe\u0142noletnim. Zakazane jest posiadanie i za\u017cywanie lub spo\u017cywanie narkotyk\u00f3w twardych i alkoholu oraz handel nimi.\" \/>\n<meta name=\"robots\" content=\"index, follow, max-snippet:-1, max-image-preview:large, max-video-preview:-1\" \/>\n<link rel=\"canonical\" href=\"https:\/\/www.theborder.nl\/huisregels\/\" \/>\n<meta property=\"og:locale\" content=\"pl_PL\" \/>\n<meta property=\"og:type\" content=\"article\" \/>\n<meta property=\"og:title\" content=\"Zasady - The Border\" \/>\n<meta property=\"og:description\" content=\"W \u201eThe Border\u201d mile widziani s\u0105 wszyscy powy\u017cej 18 r.\u017c. Stosujemy zasady: Wst\u0119p wy\u0142\u0105cznie dla os\u00f3b, kt\u00f3re uko\u0144czy\u0142y 18 lat. Wymagamy okazania dowodu to\u017csamo\u015bci. Nie tolerujemy odsprzeda\u017cy osobom niepe\u0142noletnim. Zakazane jest posiadanie i za\u017cywanie lub spo\u017cywanie narkotyk\u00f3w twardych i alkoholu oraz handel nimi.\" \/>\n<meta property=\"og:url\" content=\"https:\/\/www.theborder.nl\/huisregels\/\" \/>\n<meta property=\"og:site_name\" content=\"The Border\" \/>\n<meta property=\"article:publisher\" content=\"https:\/\/www.facebook.com\/theborderamsterdam\/\" \/>\n<meta property=\"article:modified_time\" content=\"2020-06-24T11:02:35+00:00\" \/>\n<meta name=\"twitter:card\" content=\"summary_large_image\" \/>\n<meta name=\"twitter:label1\" content=\"Szacowany czas czytania\" \/>\n\t<meta name=\"twitter:data1\" content=\"3 minuty\" \/>\n<!-- \/ Yoast SEO plugin. -->","yoast_head_json":{"title":"Zasady - The Border","description":"W \u201eThe Border\u201d mile widziani s\u0105 wszyscy powy\u017cej 18 r.\u017c. Stosujemy zasady: Wst\u0119p wy\u0142\u0105cznie dla os\u00f3b, kt\u00f3re uko\u0144czy\u0142y 18 lat. Wymagamy okazania dowodu to\u017csamo\u015bci. Nie tolerujemy odsprzeda\u017cy osobom niepe\u0142noletnim. Zakazane jest posiadanie i za\u017cywanie lub spo\u017cywanie narkotyk\u00f3w twardych i alkoholu oraz handel nimi.","robots":{"index":"index","follow":"follow","max-snippet":"max-snippet:-1","max-image-preview":"max-image-preview:large","max-video-preview":"max-video-preview:-1"},"canonical":"https:\/\/www.theborder.nl\/huisregels\/","og_locale":"pl_PL","og_type":"article","og_title":"Zasady - The Border","og_description":"W \u201eThe Border\u201d mile widziani s\u0105 wszyscy powy\u017cej 18 r.\u017c. Stosujemy zasady: Wst\u0119p wy\u0142\u0105cznie dla os\u00f3b, kt\u00f3re uko\u0144czy\u0142y 18 lat. Wymagamy okazania dowodu to\u017csamo\u015bci. Nie tolerujemy odsprzeda\u017cy osobom niepe\u0142noletnim. Zakazane jest posiadanie i za\u017cywanie lub spo\u017cywanie narkotyk\u00f3w twardych i alkoholu oraz handel nimi.","og_url":"https:\/\/www.theborder.nl\/huisregels\/","og_site_name":"The Border","article_publisher":"https:\/\/www.facebook.com\/theborderamsterdam\/","article_modified_time":"2020-06-24T11:02:35+00:00","twitter_card":"summary_large_image","twitter_misc":{"Szacowany czas czytania":"3 minuty"},"schema":{"@context":"https:\/\/schema.org","@graph":[{"@type":"WebPage","@id":"https:\/\/www.theborder.nl\/huisregels\/","url":"https:\/\/www.theborder.nl\/huisregels\/","name":"Zasady - The Border","isPartOf":{"@id":"https:\/\/www.theborder.nl\/#website"},"datePublished":"2018-04-23T15:26:36+00:00","dateModified":"2020-06-24T11:02:35+00:00","description":"W \u201eThe Border\u201d mile widziani s\u0105 wszyscy powy\u017cej 18 r.\u017c. Stosujemy zasady: Wst\u0119p wy\u0142\u0105cznie dla os\u00f3b, kt\u00f3re uko\u0144czy\u0142y 18 lat. Wymagamy okazania dowodu to\u017csamo\u015bci. Nie tolerujemy odsprzeda\u017cy osobom niepe\u0142noletnim. Zakazane jest posiadanie i za\u017cywanie lub spo\u017cywanie narkotyk\u00f3w twardych i alkoholu oraz handel nimi.","breadcrumb":{"@id":"https:\/\/www.theborder.nl\/huisregels\/#breadcrumb"},"inLanguage":"pl-PL","potentialAction":[{"@type":"ReadAction","target":["https:\/\/www.theborder.nl\/huisregels\/"]}]},{"@type":"BreadcrumbList","@id":"https:\/\/www.theborder.nl\/huisregels\/#breadcrumb","itemListElement":[{"@type":"ListItem","position":1,"name":"Home","item":"https:\/\/www.theborder.nl\/pl\/"},{"@type":"ListItem","position":2,"name":"Zasady"}]},{"@type":"WebSite","@id":"https:\/\/www.theborder.nl\/#website","url":"https:\/\/www.theborder.nl\/","name":"The Border","description":"Coffeeshop Amsterdam","publisher":{"@id":"https:\/\/www.theborder.nl\/#organization"},"potentialAction":[{"@type":"SearchAction","target":{"@type":"EntryPoint","urlTemplate":"https:\/\/www.theborder.nl\/?s={search_term_string}"},"query-input":{"@type":"PropertyValueSpecification","valueRequired":true,"valueName":"search_term_string"}}],"inLanguage":"pl-PL"},{"@type":"Organization","@id":"https:\/\/www.theborder.nl\/#organization","name":"The Border","url":"https:\/\/www.theborder.nl\/","logo":{"@type":"ImageObject","inLanguage":"pl-PL","@id":"https:\/\/www.theborder.nl\/#\/schema\/logo\/image\/","url":"https:\/\/www.theborder.nl\/wp-content\/uploads\/2020\/02\/Logo.png","contentUrl":"https:\/\/www.theborder.nl\/wp-content\/uploads\/2020\/02\/Logo.png","width":512,"height":512,"caption":"The Border"},"image":{"@id":"https:\/\/www.theborder.nl\/#\/schema\/logo\/image\/"},"sameAs":["https:\/\/www.facebook.com\/theborderamsterdam\/","https:\/\/www.instagram.com\/theborderamsterdam\/"]}]}},"_links":{"self":[{"href":"https:\/\/www.theborder.nl\/pl\/wp-json\/wp\/v2\/pages\/3825","targetHints":{"allow":["GET"]}}],"collection":[{"href":"https:\/\/www.theborder.nl\/pl\/wp-json\/wp\/v2\/pages"}],"about":[{"href":"https:\/\/www.theborder.nl\/pl\/wp-json\/wp\/v2\/types\/page"}],"author":[{"embeddable":true,"href":"https:\/\/www.theborder.nl\/pl\/wp-json\/wp\/v2\/users\/1"}],"replies":[{"embeddable":true,"href":"https:\/\/www.theborder.nl\/pl\/wp-json\/wp\/v2\/comments?post=3825"}],"version-history":[{"count":5,"href":"https:\/\/www.theborder.nl\/pl\/wp-json\/wp\/v2\/pages\/3825\/revisions"}],"predecessor-version":[{"id":3922,"href":"https:\/\/www.theborder.nl\/pl\/wp-json\/wp\/v2\/pages\/3825\/revisions\/3922"}],"wp:attachment":[{"href":"https:\/\/www.theborder.nl\/pl\/wp-json\/wp\/v2\/media?parent=3825"}],"curies":[{"name":"wp","href":"https:\/\/api.w.org\/{rel}","templated":true}]}}