{"id":3780,"date":"2017-04-21T12:52:17","date_gmt":"2017-04-21T12:52:17","guid":{"rendered":"https:\/\/www.theborder.nl\/geschiedenis\/"},"modified":"2020-01-20T22:34:21","modified_gmt":"2020-01-20T22:34:21","slug":"historia","status":"publish","type":"page","link":"https:\/\/www.theborder.nl\/pl\/historia\/","title":{"rendered":"Historia"},"content":{"rendered":"<div  class=\"tatsu-g35e30nfbwciima3 tatsu-section    tatsu-clearfix\" data-title=\"\"  data-headerscheme=\"background--dark\"><div class='tatsu-section-pad clearfix' data-padding='{\"d\":\"90px 0px 90px 0px\"}' data-padding-top='90px'><div class=\"tatsu-row-wrap  tatsu-wrap tatsu-row-one-col tatsu-row-has-one-cols tatsu-medium-gutter tatsu-reg-cols  tatsu-clearfix tatsu-g35e30nffb3x0dzz\" ><div  class=\"tatsu-row \" ><div  class=\"tatsu-column  tatsu-column-no-bg tatsu-one-col tatsu-column-image-none tatsu-column-effect-none  tatsu-g35e30nfil1lj546\" data-animation=\"fadeIn\"   data-parallax-speed=\"0\" style=\"\"><div class=\"tatsu-column-inner \" ><div class=\"tatsu-column-pad-wrap\"><div class=\"tatsu-column-pad\" ><div  class=\"special-heading-wrap style1 oshine-module  tatsu-g35e30nfl688avg8  \" data-animation=\"fadeIn\"  ><div class=\"special-heading align-center\"><h1 class=\"special-h-tag\" >NASZA HISTORIA<\/h1><div class=\"sub-title margin-bottom  special-subtitle\">\n<p>Historia \u201eThe Border\u201d rozpocz\u0119\u0142a si\u0119 w\u00a0Amsterdamie na placu Leidseplein. Pod koniec lat osiemdziesi\u0105tych ubieg\u0142ego wieku za\u00a0barem istniej\u0105cej tam w\u00f3wczas kawiarni \u201eLe Berry\u201d pracowali przyjaciele z dzieci\u0144stwa \u2013 Bart i\u00a0Eric. Stoj\u0105c za barem, cz\u0119sto marzyli o tym, by otworzy\u0107 w\u0142asny biznes.<\/p>\n<p><strong>Pojawienie si\u0119 kawiarni z\u00a0konopiami<\/strong><\/p>\n<p>Na pocz\u0105tku lat dziewi\u0119\u0107dziesi\u0105tych w stolicy Holandii jedna za drug\u0105 powstawa\u0142y kawiarnie z\u00a0konopiami. Nie by\u0142o w\u00f3wczas tak surowych przepis\u00f3w, jakie obowi\u0105zuj\u0105 obecnie. Pochodz\u0105cy z\u00a0Amstelveen przyjaciele dostrzegli, \u017ce w okolicy, z kt\u00f3rej pochodz\u0105, jeszcze nie ma kawiarni oferuj\u0105cej te\u017c sprzeda\u017c konopi. Ich plany na w\u0142asny lokal nabiera\u0142y zatem realnych kszta\u0142t\u00f3w.<\/p>\n<p>W\u00a01992 roku Ericowi i\u00a0Bartowi uda\u0142o si\u0119 przej\u0105\u0107 kawiarni\u0119 \u201eDe Schuimkraag\u201d. Kawiarenka usytuowana by\u0142a w\u00a0Amsterdamie, bezpo\u015brednio przy granicy z\u00a0Amstelveen przy <a href=\"https:\/\/maps.google.com\/?q=Amstelveenseweg+1160&#038;entry=gmail&#038;source=g\">Amstelveenseweg 1160<\/a>. Ich w\u0142asny lokal w pobli\u017cu lasu amsterdamskiego otrzyma\u0142 odpowiedni\u0105 nazw\u0119 \u2013 \u201eThe Border\u201d [ang. granica].<\/p>\n<p><strong>Otwarcie \u201eThe Border\u201d<\/strong><\/p>\n<p>Pocz\u0105tkowo \u201eThe Border\u201d mia\u0142 by\u0107 swego rodzaju miniaturow\u0105 wersj\u0105 \u201eLe Berry\u201d, tyle \u017ce w\u00a0po\u0142\u0105czeniu ze sprzeda\u017c\u0105 konopi. Pi\u0119tro lokalu przebudowano na kawiarni\u0119 w stylu lat osiemdziesi\u0105tych: w drewnie i ze stonowanym o\u015bwietleniem. Piwnicy nadano z kolei tropikalny wygl\u0105d, wstawiaj\u0105c do niej automaty do gry i\u00a0pi\u0142karzyki. Popyt na <em>jointy<\/em> mia\u0142 zaspokaja\u0107 zaprzyja\u017aniony sprzedawca z\u00a0torebk\u0105 z odrobin\u0105 marihuany. Tak to si\u0119 w tamtych latach odbywa\u0142o.<\/p>\n<p>Z\u00a0czasem sprzedawca dosta\u0142 w\u0142asne, sta\u0142e miejsce w rogu za barem. Kawiarnia okaza\u0142a si\u0119 sukcesem. Do \u201eThe Border\u201d przychodzi\u0142o wielu palaczy. Ze wzgl\u0119du na jej popularno\u015b\u0107 Eric i\u00a0Bart postanowili przenie\u015b\u0107 sprzeda\u017c konopi na pi\u0119tro. Na dole powsta\u0142o miejsce na bilard, flippery i\u00a0piwne stoliki.<\/p>\n<p><strong>Regulacje wprowadzane przez rz\u0105d<\/strong><\/p>\n<p>Tymczasem zmiany zachodzi\u0142y te\u017c w polityce, bo punkty sprzeda\u017cy konopi rozprzestrzenia\u0142y si\u0119 w\u00a0Amsterdamie jak plama oleju. W\u00a0roku 1995 w mie\u015bcie istnia\u0142o oko\u0142o 350 coffee shop\u00f3w (do 2018 roku ich liczba spad\u0142a o\u00a0ponad po\u0142ow\u0119). Rz\u0105d zacz\u0105\u0142 stopniowo wprowadza\u0107 coraz wi\u0119cej ogranicze\u0144.<\/p>\n<p>Do nowych warunk\u00f3w nale\u017cy wprowadzony w 2007\u00a0roku zakaz sprzeda\u017cy alkoholu w\u00a0kawiarniach z haszyszem. W tym wzgl\u0119dzie \u201eThe Border\u201d znacznie wyprzedzi\u0142a czas, poniewa\u017c alkohol przestali\u015bmy sprzedawa\u0107 ju\u017c w\u00a02001 roku. Eric i\u00a0Bart chcieli dawa\u0107 przyk\u0142ad. Tym samym nasza kawiarnia z\u00a0haszyszem by\u0142a pierwsz\u0105 w\u00a0Amsterdamie, kt\u00f3ra alkohol wycofa\u0142a z\u00a0oferty dobrowolnie i\u00a0definitywnie. \u201eThe Border\u201d by\u0142a te\u017c jedn\u0105 z pierwszych, kt\u00f3ra wprowadzi\u0142a pracownik\u00f3w ochrony przy wej\u015bciu, maj\u0105cych za zadanie prowadzi\u0107 surow\u0105 kontrol\u0119 wst\u0119pu.<\/p>\n<p><strong>Obs\u0142uga klienta<\/strong><\/p>\n<p>Obecnie pomieszczenia na dole nie s\u0105 dost\u0119pne dla klient\u00f3w, a\u00a0wn\u0119trze \u201eThe Border\u201d nie przypomina ju\u017c dawnej kawiarni z\u00a0konopiami. Nie zmieni\u0142a si\u0119 natomiast obs\u0142uga klienta. W\u00a0\u201eThe Border\u201d nadal chcemy oferowa\u0107 klientom wyczerpuj\u0105ce informacje i\u00a0fachow\u0105 obs\u0142ug\u0119 w\u00a0obszarze zmieniaj\u0105cego si\u0119 asortymentu. Co najmniej tak samo wa\u017cne jest dla nas czyste i\u00a0bezpieczne otoczenie.<\/p>\n<p>W\u00a0roku 2017 \u201eThe Border\u201d obchodzi\u0142a 25-lecie powstania. A my mamy nadziej\u0119 istnie\u0107 co najmniej kolejne 25 lat. Popieramy dalsze regulowanie rynku konopi i\u00a0dalsz\u0105 standaryzacj\u0119 naszej dzia\u0142alno\u015bci. Cho\u0107 polityka dzia\u0142a powoli i\u00a0mozolnie, zmian nie mo\u017cna powstrzyma\u0107. \u201eThe Border\u201d z entuzjazmem przyklaskuje zatem wszelkim sensownym, naprawczym inicjatywom rz\u0105dowym.<\/p>\n<\/div><div class=\"sep-with-icon-wrap margin-bottom\"><span class=\"sep-with-icon\" ><\/span><i class=\"sep-icon font-icon oshine_diamond\"><\/i><span class=\"sep-with-icon\" ><\/span><\/div><\/div><style>.tatsu-g35e30nfl688avg8 .sep-icon.oshine_diamond{background: #5bad46;}.tatsu-g35e30nfl688avg8 .sep-with-icon{height: 1px;width: 20px;background: #efefef;}<\/style><\/div><\/div><\/div><div class = \"tatsu-column-bg-image-wrap\"><div class = \"tatsu-column-bg-image\" ><\/div><\/div><\/div><style>.tatsu-row > .tatsu-g35e30nfil1lj546.tatsu-column{width: 100%;}.tatsu-g35e30nfil1lj546.tatsu-column > .tatsu-column-inner > .tatsu-column-overlay{mix-blend-mode: none;}.tatsu-g35e30nfil1lj546 > .tatsu-column-inner > .tatsu-top-divider{z-index: 9999;}.tatsu-g35e30nfil1lj546 > .tatsu-column-inner > .tatsu-bottom-divider{z-index: 9999;}.tatsu-g35e30nfil1lj546 > .tatsu-column-inner > .tatsu-left-divider{z-index: 9999;}.tatsu-g35e30nfil1lj546 > .tatsu-column-inner > .tatsu-right-divider{z-index: 9999;}.tatsu-g35e30nfil1lj546.tatsu-column{transform: translate3d(0px,0px, 0);}<\/style><\/div><\/div><\/div><\/div><div class=\"tatsu-section-background-wrap\"><div class = \"tatsu-section-background\" ><\/div><\/div><style>.tatsu-g35e30nfbwciima3 .tatsu-section-pad{padding: 90px 0px 90px 0px;}.tatsu-g35e30nfbwciima3 > .tatsu-bottom-divider{z-index: 9999;}.tatsu-g35e30nfbwciima3 > .tatsu-top-divider{z-index: 9999;}<\/style><\/div><div  class=\"tatsu-g35e30niilb9vwg0 tatsu-section    tatsu-clearfix\" data-title=\"\"  data-headerscheme=\"background--dark\"><div class='tatsu-section-pad clearfix' data-padding='{\"d\":\"90px 0px 90px 0px\"}' data-padding-top='90px'><div class=\"tatsu-row-wrap  tatsu-wrap tatsu-row-one-col tatsu-row-has-one-cols tatsu-medium-gutter tatsu-reg-cols  tatsu-clearfix tatsu-g35e30nil52g6l55\" ><div  class=\"tatsu-row \" ><div  class=\"tatsu-column  tatsu-column-no-bg tatsu-one-col tatsu-column-image-none tatsu-column-effect-none  tatsu-g35e30nint1vry2n\" data-animation=\"fadeIn\"   data-parallax-speed=\"0\" style=\"\"><div class=\"tatsu-column-inner \" ><div class=\"tatsu-column-pad-wrap\"><div class=\"tatsu-column-pad\" ><div  class=\"tatsu-module tatsu-gmap-wrapper be-gdpr-consent-required tatsu-g35e30nipvcront9   tatsu-animate\" data-gdpr-concern=\"gmaps\" data-animation=\"fadeIn\"  ><div class=\"tatsu-gmap map_960\" data-address=\"Amstelveenseweg 1160 Amsterdam.\" data-zoom=\"14\" data-latitude=\"52.321991\" data-longitude=\"4.857060\" data-marker=\"\" data-style=\"standard\"><\/div><style>.tatsu-g35e30nipvcront9{height: 300px;}<\/style><\/div><\/div><\/div><div class = \"tatsu-column-bg-image-wrap\"><div class = \"tatsu-column-bg-image\" ><\/div><\/div><\/div><style>.tatsu-row > .tatsu-g35e30nint1vry2n.tatsu-column{width: 100%;}.tatsu-g35e30nint1vry2n.tatsu-column > .tatsu-column-inner > .tatsu-column-overlay{mix-blend-mode: none;}.tatsu-g35e30nint1vry2n > .tatsu-column-inner > .tatsu-top-divider{z-index: 9999;}.tatsu-g35e30nint1vry2n > .tatsu-column-inner > .tatsu-bottom-divider{z-index: 9999;}.tatsu-g35e30nint1vry2n > .tatsu-column-inner > .tatsu-left-divider{z-index: 9999;}.tatsu-g35e30nint1vry2n > .tatsu-column-inner > .tatsu-right-divider{z-index: 9999;}.tatsu-g35e30nint1vry2n.tatsu-column{transform: translate3d(0px,0px, 0);}<\/style><\/div><\/div><\/div><\/div><div class=\"tatsu-section-background-wrap\"><div class = \"tatsu-section-background\" ><\/div><\/div><style>.tatsu-g35e30niilb9vwg0 .tatsu-section-pad{padding: 90px 0px 90px 0px;}.tatsu-g35e30niilb9vwg0 > .tatsu-bottom-divider{z-index: 9999;}.tatsu-g35e30niilb9vwg0 > .tatsu-top-divider{z-index: 9999;}<\/style><\/div>\n","protected":false},"excerpt":{"rendered":"<p><a href=\"https:\/\/www.theborder.nl\/pl\/historia\/\" class=\"more-link style2-button\">Read More<\/a><\/p>","protected":false},"author":1,"featured_media":0,"parent":0,"menu_order":0,"comment_status":"closed","ping_status":"closed","template":"","meta":{"footnotes":""},"class_list":["post-3780","page","type-page","status-publish","hentry"],"yoast_head":"<!-- This site is optimized with the Yoast SEO plugin v27.1.1 - https:\/\/yoast.com\/product\/yoast-seo-wordpress\/ -->\n<title>Historia - The Border<\/title>\n<meta name=\"description\" content=\"Historia amsterdamskiego coffee shopu \u201eThe Border\u201d si\u0119ga 1992 roku. Wtedy na granicy z Amstelveen przy Amstelveenseweg 1160 otwarli\u015bmy kafejk\u0119, w kt\u00f3rej mo\u017cna by\u0142o kupi\u0107 haszysz. W 2001 roku jako jedni z pierwszych zrezygnowali\u015bmy ze sprzeda\u017cy alkoholu. Od tego czasu sprzedajemy jedynie konopie i wyroby tytoniowe.\" \/>\n<meta name=\"robots\" content=\"index, follow, max-snippet:-1, max-image-preview:large, max-video-preview:-1\" \/>\n<link rel=\"canonical\" href=\"https:\/\/www.theborder.nl\/geschiedenis\/\" \/>\n<meta property=\"og:locale\" content=\"pl_PL\" \/>\n<meta property=\"og:type\" content=\"article\" \/>\n<meta property=\"og:title\" content=\"Historia - The Border\" \/>\n<meta property=\"og:description\" content=\"Historia amsterdamskiego coffee shopu \u201eThe Border\u201d si\u0119ga 1992 roku. Wtedy na granicy z Amstelveen przy Amstelveenseweg 1160 otwarli\u015bmy kafejk\u0119, w kt\u00f3rej mo\u017cna by\u0142o kupi\u0107 haszysz. W 2001 roku jako jedni z pierwszych zrezygnowali\u015bmy ze sprzeda\u017cy alkoholu. Od tego czasu sprzedajemy jedynie konopie i wyroby tytoniowe.\" \/>\n<meta property=\"og:url\" content=\"https:\/\/www.theborder.nl\/geschiedenis\/\" \/>\n<meta property=\"og:site_name\" content=\"The Border\" \/>\n<meta property=\"article:publisher\" content=\"https:\/\/www.facebook.com\/theborderamsterdam\/\" \/>\n<meta property=\"article:modified_time\" content=\"2020-01-20T22:34:21+00:00\" \/>\n<meta name=\"twitter:card\" content=\"summary_large_image\" \/>\n<meta name=\"twitter:label1\" content=\"Szacowany czas czytania\" \/>\n\t<meta name=\"twitter:data1\" content=\"8 minut\" \/>\n<!-- \/ Yoast SEO plugin. -->","yoast_head_json":{"title":"Historia - The Border","description":"Historia amsterdamskiego coffee shopu \u201eThe Border\u201d si\u0119ga 1992 roku. Wtedy na granicy z Amstelveen przy Amstelveenseweg 1160 otwarli\u015bmy kafejk\u0119, w kt\u00f3rej mo\u017cna by\u0142o kupi\u0107 haszysz. W 2001 roku jako jedni z pierwszych zrezygnowali\u015bmy ze sprzeda\u017cy alkoholu. Od tego czasu sprzedajemy jedynie konopie i wyroby tytoniowe.","robots":{"index":"index","follow":"follow","max-snippet":"max-snippet:-1","max-image-preview":"max-image-preview:large","max-video-preview":"max-video-preview:-1"},"canonical":"https:\/\/www.theborder.nl\/geschiedenis\/","og_locale":"pl_PL","og_type":"article","og_title":"Historia - The Border","og_description":"Historia amsterdamskiego coffee shopu \u201eThe Border\u201d si\u0119ga 1992 roku. Wtedy na granicy z Amstelveen przy Amstelveenseweg 1160 otwarli\u015bmy kafejk\u0119, w kt\u00f3rej mo\u017cna by\u0142o kupi\u0107 haszysz. W 2001 roku jako jedni z pierwszych zrezygnowali\u015bmy ze sprzeda\u017cy alkoholu. Od tego czasu sprzedajemy jedynie konopie i wyroby tytoniowe.","og_url":"https:\/\/www.theborder.nl\/geschiedenis\/","og_site_name":"The Border","article_publisher":"https:\/\/www.facebook.com\/theborderamsterdam\/","article_modified_time":"2020-01-20T22:34:21+00:00","twitter_card":"summary_large_image","twitter_misc":{"Szacowany czas czytania":"8 minut"},"schema":{"@context":"https:\/\/schema.org","@graph":[{"@type":"WebPage","@id":"https:\/\/www.theborder.nl\/geschiedenis\/","url":"https:\/\/www.theborder.nl\/geschiedenis\/","name":"Historia - The Border","isPartOf":{"@id":"https:\/\/www.theborder.nl\/#website"},"datePublished":"2017-04-21T12:52:17+00:00","dateModified":"2020-01-20T22:34:21+00:00","description":"Historia amsterdamskiego coffee shopu \u201eThe Border\u201d si\u0119ga 1992 roku. Wtedy na granicy z Amstelveen przy Amstelveenseweg 1160 otwarli\u015bmy kafejk\u0119, w kt\u00f3rej mo\u017cna by\u0142o kupi\u0107 haszysz. W 2001 roku jako jedni z pierwszych zrezygnowali\u015bmy ze sprzeda\u017cy alkoholu. Od tego czasu sprzedajemy jedynie konopie i wyroby tytoniowe.","breadcrumb":{"@id":"https:\/\/www.theborder.nl\/geschiedenis\/#breadcrumb"},"inLanguage":"pl-PL","potentialAction":[{"@type":"ReadAction","target":["https:\/\/www.theborder.nl\/geschiedenis\/"]}]},{"@type":"BreadcrumbList","@id":"https:\/\/www.theborder.nl\/geschiedenis\/#breadcrumb","itemListElement":[{"@type":"ListItem","position":1,"name":"Home","item":"https:\/\/www.theborder.nl\/pl\/"},{"@type":"ListItem","position":2,"name":"Historia"}]},{"@type":"WebSite","@id":"https:\/\/www.theborder.nl\/#website","url":"https:\/\/www.theborder.nl\/","name":"The Border","description":"Coffeeshop Amsterdam","publisher":{"@id":"https:\/\/www.theborder.nl\/#organization"},"potentialAction":[{"@type":"SearchAction","target":{"@type":"EntryPoint","urlTemplate":"https:\/\/www.theborder.nl\/?s={search_term_string}"},"query-input":{"@type":"PropertyValueSpecification","valueRequired":true,"valueName":"search_term_string"}}],"inLanguage":"pl-PL"},{"@type":"Organization","@id":"https:\/\/www.theborder.nl\/#organization","name":"The Border","url":"https:\/\/www.theborder.nl\/","logo":{"@type":"ImageObject","inLanguage":"pl-PL","@id":"https:\/\/www.theborder.nl\/#\/schema\/logo\/image\/","url":"https:\/\/www.theborder.nl\/wp-content\/uploads\/2020\/02\/Logo.png","contentUrl":"https:\/\/www.theborder.nl\/wp-content\/uploads\/2020\/02\/Logo.png","width":512,"height":512,"caption":"The Border"},"image":{"@id":"https:\/\/www.theborder.nl\/#\/schema\/logo\/image\/"},"sameAs":["https:\/\/www.facebook.com\/theborderamsterdam\/","https:\/\/www.instagram.com\/theborderamsterdam\/"]}]}},"_links":{"self":[{"href":"https:\/\/www.theborder.nl\/pl\/wp-json\/wp\/v2\/pages\/3780","targetHints":{"allow":["GET"]}}],"collection":[{"href":"https:\/\/www.theborder.nl\/pl\/wp-json\/wp\/v2\/pages"}],"about":[{"href":"https:\/\/www.theborder.nl\/pl\/wp-json\/wp\/v2\/types\/page"}],"author":[{"embeddable":true,"href":"https:\/\/www.theborder.nl\/pl\/wp-json\/wp\/v2\/users\/1"}],"replies":[{"embeddable":true,"href":"https:\/\/www.theborder.nl\/pl\/wp-json\/wp\/v2\/comments?post=3780"}],"version-history":[{"count":5,"href":"https:\/\/www.theborder.nl\/pl\/wp-json\/wp\/v2\/pages\/3780\/revisions"}],"predecessor-version":[{"id":5699,"href":"https:\/\/www.theborder.nl\/pl\/wp-json\/wp\/v2\/pages\/3780\/revisions\/5699"}],"wp:attachment":[{"href":"https:\/\/www.theborder.nl\/pl\/wp-json\/wp\/v2\/media?parent=3780"}],"curies":[{"name":"wp","href":"https:\/\/api.w.org\/{rel}","templated":true}]}}