{"id":3823,"date":"2018-04-23T15:26:36","date_gmt":"2018-04-23T15:26:36","guid":{"rendered":"https:\/\/www.theborder.nl\/house-rules\/"},"modified":"2020-06-24T11:01:29","modified_gmt":"2020-06-24T11:01:29","slug":"regole","status":"publish","type":"page","link":"https:\/\/www.theborder.nl\/it\/regole\/","title":{"rendered":"Regole"},"content":{"rendered":"<div  class=\"tatsu-icnb1opqaj8eux39 tatsu-section    tatsu-clearfix\" data-title=\"\"  data-headerscheme=\"background--dark\"><div class='tatsu-section-pad clearfix' data-padding='90px 0px 90px 0px' data-padding-top='90px'><div class=\"tatsu-row-wrap  tatsu-wrap tatsu-row-one-col tatsu-row-has-one-cols tatsu-medium-gutter tatsu-reg-cols  tatsu-clearfix tatsu-icnb1opr1m1kz773\" ><div  class=\"tatsu-row \" ><div  class=\"tatsu-column  tatsu-column-no-bg tatsu-one-col tatsu-column-image- tatsu-column-effect-  tatsu-icnb1opr8044mlw2\" data-animation=\"fadeIn\"   data-parallax-speed=\"0\" style=\"\"><div class=\"tatsu-column-inner \" ><div class=\"tatsu-column-pad-wrap\"><div class=\"tatsu-column-pad\" ><div  class=\"special-heading-wrap style1 oshine-module  tatsu-icnb1oprh17jet28  \" data-animation=\"fadeIn\"  ><div class=\"special-heading align-center\"><h1 class=\"special-h-tag\" >REGOLE DI CONDOTTA<\/h1><div class=\"sub-title margin-bottom  special-subtitle\">\n<p>The Border d\u00e0 il benvenuto a tutti. \u00c8 cos\u00ec che ci piace. Per questo abbiamo messo a punto alcune regole di condotta:<\/p>\n<\/div><div class=\"sep-with-icon-wrap margin-bottom\"><span class=\"sep-with-icon\" ><\/span><i class=\"sep-icon font-icon oshine_diamond\"><\/i><span class=\"sep-with-icon\" ><\/span><\/div><\/div><style>.tatsu-icnb1oprh17jet28 .sep-icon.oshine_diamond{background: #5bad46;}.tatsu-icnb1oprh17jet28 .sep-with-icon{height: 1px;width: 20px;background: #efefef;}<\/style><\/div><\/div><\/div><div class = \"tatsu-column-bg-image-wrap\"><div class = \"tatsu-column-bg-image\" ><\/div><\/div><\/div><style>.tatsu-icnb1opr8044mlw2.tatsu-column > .tatsu-column-inner > .tatsu-column-pad-wrap > .tatsu-column-pad{padding: 0px 0px 0px 0px;}.tatsu-icnb1opr8044mlw2.tatsu-column > .tatsu-column-inner > .tatsu-column-overlay{mix-blend-mode: none;}.tatsu-icnb1opr8044mlw2 > .tatsu-column-inner > .tatsu-top-divider{z-index: 9999;}.tatsu-icnb1opr8044mlw2 > .tatsu-column-inner > .tatsu-bottom-divider{z-index: 9999;}.tatsu-icnb1opr8044mlw2 > .tatsu-column-inner > .tatsu-left-divider{z-index: 9999;}.tatsu-icnb1opr8044mlw2 > .tatsu-column-inner > .tatsu-right-divider{z-index: 9999;}.tatsu-icnb1opr8044mlw2.tatsu-column{transform: translate3d(0px,0px, 0);}<\/style><\/div><\/div><\/div><div class=\"tatsu-row-wrap  tatsu-wrap tatsu-row-has-two-cols tatsu-medium-gutter tatsu-reg-cols  tatsu-clearfix tatsu-icnb1oprllg6c6xm\" ><div  class=\"tatsu-row \" ><div  class=\"tatsu-column  tatsu-column-no-bg tatsu-one-third tatsu-column-image- tatsu-column-effect-  tatsu-icnb1oprrzaus1iy\" data-animation=\"fadeIn\"   data-parallax-speed=\"0\" style=\"\"><div class=\"tatsu-column-inner \" ><div class=\"tatsu-column-pad-wrap\"><div class=\"tatsu-column-pad\" ><div  class=\"tatsu-module tatsu-normal-icon tatsu-icon-shortcode align-center tatsu-icnb1oprzee75xwe   \"><style>.tatsu-icnb1oprzee75xwe .tatsu-icon{color: #5bad46 ;}<\/style><a href=\"#\"  class=\"tatsu-icon-wrap diamond     \" data-animation=\"fadeIn\"   aria-label=\"icon-happy\" data-gdpr-atts={}   ><i class=\"tatsu-icon tatsu-custom-icon tatsu-custom-icon-class icon-happy xlarge diamond\"  data-animation=\"fadeIn\" data-animation-delay=\"0\"><\/i><\/a><\/div><\/div><\/div><div class = \"tatsu-column-bg-image-wrap\"><div class = \"tatsu-column-bg-image\" ><\/div><\/div><\/div><style>.tatsu-icnb1oprrzaus1iy.tatsu-column > .tatsu-column-inner > .tatsu-column-pad-wrap > .tatsu-column-pad{padding: 0px 0px 0px 0px;}.tatsu-icnb1oprrzaus1iy.tatsu-column > .tatsu-column-inner > .tatsu-column-overlay{mix-blend-mode: none;}.tatsu-icnb1oprrzaus1iy > .tatsu-column-inner > .tatsu-top-divider{z-index: 9999;}.tatsu-icnb1oprrzaus1iy > .tatsu-column-inner > .tatsu-bottom-divider{z-index: 9999;}.tatsu-icnb1oprrzaus1iy > .tatsu-column-inner > .tatsu-left-divider{z-index: 9999;}.tatsu-icnb1oprrzaus1iy > .tatsu-column-inner > .tatsu-right-divider{z-index: 9999;}.tatsu-icnb1oprrzaus1iy.tatsu-column{transform: translate3d(0px,0px, 0);}<\/style><\/div><div  class=\"tatsu-column  tatsu-column-no-bg tatsu-two-third tatsu-column-image- tatsu-column-effect-  tatsu-icnb1ops2w7qfpqg\" data-animation=\"fadeIn\"   data-parallax-speed=\"0\" style=\"\"><div class=\"tatsu-column-inner \" ><div class=\"tatsu-column-pad-wrap\"><div class=\"tatsu-column-pad\" ><div  class=\"tatsu-module tatsu-text-block-wrap tatsu-icnb1opsbhftkbx1  \"><div class=\"tatsu-text-inner   clearfix\" data-animation=\"fadeIn\"  ><style>.tatsu-icnb1opsbhftkbx1.tatsu-text-block-wrap .tatsu-text-inner{width: 100%;}<\/style>\n<ul>\n<li>L\u2019ingresso \u00e8 riservato esclusivamente ai maggiori di 18 anni.<\/li>\n<li>\u00c8 necessario presentare un documento di identit\u00e0 (passaporto, patente di guida o carta di identit\u00e0).<\/li>\n<li>In caso di documenti falsi verr\u00e0 richiesto l\u2019intervento delle forze di polizia.<\/li>\n<li>\u00c8 severamente vietata la rivendita a minorenni.<\/li>\n<li>Per evitare disturbi alla quiete pubblica, i clienti sono invitati a non soffermarsi nei paraggi del locale.<\/li>\n<li>\u00c8 vietato fumare all\u2019interno del locale.<\/li>\n<li>Sono vietati il possesso, la consumazione e lo spaccio di droghe pesanti e di alcool.<\/li>\n<li>Rifiutiamo il servizio a chi parcheggia in divieto e a chiunque disturbi l\u2019ordine pubblico.<\/li>\n<li>\u00c8 vietata la ricettazione di merci rubate.<\/li>\n<li>Sono vietati i rumori molesti e i clienti sono tenuti a gettare i propri rifiuti.<\/li>\n<li>Non tolleriamo le aggressioni.<\/li>\n<li>I collaboratori del bar si riservano in qualsiasi momento il diritto di impedire l\u2019accesso e\/o di perquisire gli avventori.<\/li>\n<li><strong>Controlliamo i nostri locali e l\u2019area circostante 24 ore al giorno, sette giorni alla settimana, mediante diverse misure di sicurezza. La constatazione di violazioni dell\u2019ordine pubblico, disturbi della quiete pubblica o violazione delle nostre regole di condotta risulter\u00e0 sempre in una denuncia alla polizia. <\/strong><\/li>\n<\/ul>\n<\/div><\/div><\/div><\/div><div class = \"tatsu-column-bg-image-wrap\"><div class = \"tatsu-column-bg-image\" ><\/div><\/div><\/div><style>.tatsu-icnb1ops2w7qfpqg.tatsu-column > .tatsu-column-inner > .tatsu-column-pad-wrap > .tatsu-column-pad{padding: 0px 0px 0px 0px;}.tatsu-icnb1ops2w7qfpqg.tatsu-column > .tatsu-column-inner > .tatsu-column-overlay{mix-blend-mode: none;}.tatsu-icnb1ops2w7qfpqg > .tatsu-column-inner > .tatsu-top-divider{z-index: 9999;}.tatsu-icnb1ops2w7qfpqg > .tatsu-column-inner > .tatsu-bottom-divider{z-index: 9999;}.tatsu-icnb1ops2w7qfpqg > .tatsu-column-inner > .tatsu-left-divider{z-index: 9999;}.tatsu-icnb1ops2w7qfpqg > .tatsu-column-inner > .tatsu-right-divider{z-index: 9999;}.tatsu-icnb1ops2w7qfpqg.tatsu-column{transform: translate3d(0px,0px, 0);}<\/style><\/div><\/div><\/div><\/div><div class=\"tatsu-section-background-wrap\"><div class = \"tatsu-section-background\" ><\/div><\/div><style>.tatsu-icnb1opqaj8eux39 .tatsu-section-pad{padding: 90px 0px 90px 0px;}.tatsu-icnb1opqaj8eux39.tatsu-section{margin: 0px 0px 0px 0px;}.tatsu-icnb1opqaj8eux39 > .tatsu-bottom-divider{z-index: 9999;}.tatsu-icnb1opqaj8eux39 > .tatsu-top-divider{z-index: 9999;}<\/style><\/div>\n","protected":false},"excerpt":{"rendered":"<p><a href=\"https:\/\/www.theborder.nl\/it\/regole\/\" class=\"more-link style2-button\">Read More<\/a><\/p>","protected":false},"author":1,"featured_media":0,"parent":0,"menu_order":0,"comment_status":"closed","ping_status":"closed","template":"","meta":{"footnotes":""},"class_list":["post-3823","page","type-page","status-publish","hentry"],"yoast_head":"<!-- This site is optimized with the Yoast SEO plugin v27.1.1 - https:\/\/yoast.com\/product\/yoast-seo-wordpress\/ -->\n<title>Regole - The Border<\/title>\n<meta name=\"description\" content=\"The Border d\u00e0 il benvenuto a tutti i maggiorenni. Per i clienti esistono alcune regole di condotta: L\u2019ingresso \u00e8 riservato ai maggiori di 18 anni. \u00c8 necessario presentare un documento. \u00c8 vietata la rivendita a minorenni. Sono vietati possesso, consumazione e spaccio di droghe pesanti e alcool.\" \/>\n<meta name=\"robots\" content=\"index, follow, max-snippet:-1, max-image-preview:large, max-video-preview:-1\" \/>\n<link rel=\"canonical\" href=\"https:\/\/www.theborder.nl\/huisregels\/\" \/>\n<meta property=\"og:locale\" content=\"it_IT\" \/>\n<meta property=\"og:type\" content=\"article\" \/>\n<meta property=\"og:title\" content=\"Regole - The Border\" \/>\n<meta property=\"og:description\" content=\"The Border d\u00e0 il benvenuto a tutti i maggiorenni. Per i clienti esistono alcune regole di condotta: L\u2019ingresso \u00e8 riservato ai maggiori di 18 anni. \u00c8 necessario presentare un documento. \u00c8 vietata la rivendita a minorenni. Sono vietati possesso, consumazione e spaccio di droghe pesanti e alcool.\" \/>\n<meta property=\"og:url\" content=\"https:\/\/www.theborder.nl\/huisregels\/\" \/>\n<meta property=\"og:site_name\" content=\"The Border\" \/>\n<meta property=\"article:publisher\" content=\"https:\/\/www.facebook.com\/theborderamsterdam\/\" \/>\n<meta property=\"article:modified_time\" content=\"2020-06-24T11:01:29+00:00\" \/>\n<meta name=\"twitter:card\" content=\"summary_large_image\" \/>\n<meta name=\"twitter:label1\" content=\"Tempo di lettura stimato\" \/>\n\t<meta name=\"twitter:data1\" content=\"4 minuti\" \/>\n<!-- \/ Yoast SEO plugin. -->","yoast_head_json":{"title":"Regole - The Border","description":"The Border d\u00e0 il benvenuto a tutti i maggiorenni. Per i clienti esistono alcune regole di condotta: L\u2019ingresso \u00e8 riservato ai maggiori di 18 anni. \u00c8 necessario presentare un documento. \u00c8 vietata la rivendita a minorenni. Sono vietati possesso, consumazione e spaccio di droghe pesanti e alcool.","robots":{"index":"index","follow":"follow","max-snippet":"max-snippet:-1","max-image-preview":"max-image-preview:large","max-video-preview":"max-video-preview:-1"},"canonical":"https:\/\/www.theborder.nl\/huisregels\/","og_locale":"it_IT","og_type":"article","og_title":"Regole - The Border","og_description":"The Border d\u00e0 il benvenuto a tutti i maggiorenni. Per i clienti esistono alcune regole di condotta: L\u2019ingresso \u00e8 riservato ai maggiori di 18 anni. \u00c8 necessario presentare un documento. \u00c8 vietata la rivendita a minorenni. Sono vietati possesso, consumazione e spaccio di droghe pesanti e alcool.","og_url":"https:\/\/www.theborder.nl\/huisregels\/","og_site_name":"The Border","article_publisher":"https:\/\/www.facebook.com\/theborderamsterdam\/","article_modified_time":"2020-06-24T11:01:29+00:00","twitter_card":"summary_large_image","twitter_misc":{"Tempo di lettura stimato":"4 minuti"},"schema":{"@context":"https:\/\/schema.org","@graph":[{"@type":"WebPage","@id":"https:\/\/www.theborder.nl\/huisregels\/","url":"https:\/\/www.theborder.nl\/huisregels\/","name":"Regole - The Border","isPartOf":{"@id":"https:\/\/www.theborder.nl\/#website"},"datePublished":"2018-04-23T15:26:36+00:00","dateModified":"2020-06-24T11:01:29+00:00","description":"The Border d\u00e0 il benvenuto a tutti i maggiorenni. Per i clienti esistono alcune regole di condotta: L\u2019ingresso \u00e8 riservato ai maggiori di 18 anni. \u00c8 necessario presentare un documento. \u00c8 vietata la rivendita a minorenni. Sono vietati possesso, consumazione e spaccio di droghe pesanti e alcool.","breadcrumb":{"@id":"https:\/\/www.theborder.nl\/huisregels\/#breadcrumb"},"inLanguage":"it-IT","potentialAction":[{"@type":"ReadAction","target":["https:\/\/www.theborder.nl\/huisregels\/"]}]},{"@type":"BreadcrumbList","@id":"https:\/\/www.theborder.nl\/huisregels\/#breadcrumb","itemListElement":[{"@type":"ListItem","position":1,"name":"Home","item":"https:\/\/www.theborder.nl\/it\/"},{"@type":"ListItem","position":2,"name":"Regole"}]},{"@type":"WebSite","@id":"https:\/\/www.theborder.nl\/#website","url":"https:\/\/www.theborder.nl\/","name":"The Border","description":"Coffeeshop Amsterdam","publisher":{"@id":"https:\/\/www.theborder.nl\/#organization"},"potentialAction":[{"@type":"SearchAction","target":{"@type":"EntryPoint","urlTemplate":"https:\/\/www.theborder.nl\/?s={search_term_string}"},"query-input":{"@type":"PropertyValueSpecification","valueRequired":true,"valueName":"search_term_string"}}],"inLanguage":"it-IT"},{"@type":"Organization","@id":"https:\/\/www.theborder.nl\/#organization","name":"The Border","url":"https:\/\/www.theborder.nl\/","logo":{"@type":"ImageObject","inLanguage":"it-IT","@id":"https:\/\/www.theborder.nl\/#\/schema\/logo\/image\/","url":"https:\/\/www.theborder.nl\/wp-content\/uploads\/2020\/02\/Logo.png","contentUrl":"https:\/\/www.theborder.nl\/wp-content\/uploads\/2020\/02\/Logo.png","width":512,"height":512,"caption":"The Border"},"image":{"@id":"https:\/\/www.theborder.nl\/#\/schema\/logo\/image\/"},"sameAs":["https:\/\/www.facebook.com\/theborderamsterdam\/","https:\/\/www.instagram.com\/theborderamsterdam\/"]}]}},"_links":{"self":[{"href":"https:\/\/www.theborder.nl\/it\/wp-json\/wp\/v2\/pages\/3823","targetHints":{"allow":["GET"]}}],"collection":[{"href":"https:\/\/www.theborder.nl\/it\/wp-json\/wp\/v2\/pages"}],"about":[{"href":"https:\/\/www.theborder.nl\/it\/wp-json\/wp\/v2\/types\/page"}],"author":[{"embeddable":true,"href":"https:\/\/www.theborder.nl\/it\/wp-json\/wp\/v2\/users\/1"}],"replies":[{"embeddable":true,"href":"https:\/\/www.theborder.nl\/it\/wp-json\/wp\/v2\/comments?post=3823"}],"version-history":[{"count":6,"href":"https:\/\/www.theborder.nl\/it\/wp-json\/wp\/v2\/pages\/3823\/revisions"}],"predecessor-version":[{"id":6354,"href":"https:\/\/www.theborder.nl\/it\/wp-json\/wp\/v2\/pages\/3823\/revisions\/6354"}],"wp:attachment":[{"href":"https:\/\/www.theborder.nl\/it\/wp-json\/wp\/v2\/media?parent=3823"}],"curies":[{"name":"wp","href":"https:\/\/api.w.org\/{rel}","templated":true}]}}