{"id":3778,"date":"2017-04-21T12:52:17","date_gmt":"2017-04-21T12:52:17","guid":{"rendered":"https:\/\/www.theborder.nl\/geschiedenis\/"},"modified":"2020-01-20T20:04:01","modified_gmt":"2020-01-20T20:04:01","slug":"storia","status":"publish","type":"page","link":"https:\/\/www.theborder.nl\/it\/storia\/","title":{"rendered":"Storia"},"content":{"rendered":"<div  class=\"tatsu-g35e49rwwxe3kt4z tatsu-section    tatsu-clearfix\" data-title=\"\"  data-headerscheme=\"background--dark\"><div class='tatsu-section-pad clearfix' data-padding='{\"d\":\"90px 0px 90px 0px\"}' data-padding-top='90px'><div class=\"tatsu-row-wrap  tatsu-wrap tatsu-row-one-col tatsu-row-has-one-cols tatsu-medium-gutter tatsu-reg-cols  tatsu-clearfix tatsu-g35e49rwztblj0jq\" ><div  class=\"tatsu-row \" ><div  class=\"tatsu-column  tatsu-column-no-bg tatsu-one-col tatsu-column-image-none tatsu-column-effect-none  tatsu-g35e49rx52aqosuh\" data-animation=\"fadeIn\"   data-parallax-speed=\"0\" style=\"\"><div class=\"tatsu-column-inner \" ><div class=\"tatsu-column-pad-wrap\"><div class=\"tatsu-column-pad\" ><div  class=\"special-heading-wrap style1 oshine-module  tatsu-g35e49rx8f8uj4r3  \" data-animation=\"fadeIn\"  ><div class=\"special-heading align-center\"><h1 class=\"special-h-tag\" >LA NOSTRA STORIA<\/h1><div class=\"sub-title margin-bottom  special-subtitle\">\n<p style=\"text-align: left;\">La storia di The Border ha inizio su Leidseplein ad Amsterdam. \u00c8 qui che alla fine degli anni Ottanta nell\u2019allora caff\u00e8 Le Berry lavoravano gli amici d\u2019infanzia Bart ed Eric. Durante i loro turni al bar i due amici sognavano di mettersi in proprio.<\/p>\n<h2 style=\"text-align: left;\"><strong>L\u2019arrivo dei cannabis bar<\/strong><\/h2>\n<p style=\"text-align: left;\">All\u2019inizio degli anni Novanta la capitale dei Paesi Bassi vide l\u2019apertura di numerosi cannabis bar. All\u2019epoca la severa regolamentazione dei nostri giorni non esisteva ancora. I due amici, originari di Amstelveen, si erano accorti che dalle loro parti non c\u2019era ancora nessun caff\u00e8 in cui consumare cannabis. I loro piani per l\u2019apertura di un bar in proprio cominciavano a prendere forma.<\/p>\n<p style=\"text-align: left;\">Fino alla svolta del 1992. Eric e Bart riuscirono insieme a rilevare il caff\u00e8 \u201cDe Schuimkraag\u201d, un piccolo bar tra Amsterdam e Amstelveen situato in <a href=\"https:\/\/maps.google.com\/?q=Amstelveenseweg+1160&#038;entry=gmail&#038;source=g\">Amstelveenseweg 1160<\/a>. Il caff\u00e8, ormai di loro propriet\u00e0, vista la prossimit\u00e0 con l\u2019Amsterdamse Bos (Bosco di Amsterdam), non poteva che chiamarsi The Border.<\/p>\n<h2 style=\"text-align: left;\"><strong>L\u2019apertura di The Border<\/strong><\/h2>\n<p style=\"text-align: left;\">The Border doveva diventare una specie di Le Berry in miniatura, ma in combinazione con la vendita di cannabis. Al piano superiore il locale venne ristrutturato con decorazioni in legno in stile anni Ottanta. Alla cantina venne dato un look tropicale con tavoli da biliardo, un flipper e un calciobalilla. Per soddisfare la domanda di canne, il bar aveva a disposizione un amico rivenditore con un sacchetto di marijuana. Cos\u00ec si faceva all\u2019epoca.<\/p>\n<p style=\"text-align: left;\">Poco a poco il rivenditore fin\u00ec per occupare un posto fisso dietro al bancone. E fu subito un successo. Molti fumatori scoprirono The Border, che a un certo punto si riemp\u00ec tanto che Eric e Bart decisero di trasferire la vendita di cannabis al piano superiore. Di sotto restava spazio sufficiente per giocare a biliardo e flipper, e per gustare una birra.<\/p>\n<h2 style=\"text-align: left;\"><strong>Regolamentazione pubblica<\/strong><\/h2>\n<p style=\"text-align: left;\">Nel frattempo anche la politica si era svegliata. I punti vendita di cannabis si stavano ormai diffondendo a macchia d\u2019olio per tutta Amsterdam. Nel 1995 c\u2019erano circa 350 coffeeshop in citt\u00e0 (nel 2018 il numero \u00e8 diminuito di oltre la met\u00e0). Lo stato cominci\u00f2 poco per volta a mettere a punto nuove leggi.<\/p>\n<p style=\"text-align: left;\">Una delle nuove condizioni imposte nel 2007 prevedeva il divieto di vendita di alcolici negli hashish bar. The Border aveva precorso i tempi e aveva deciso di interromperne la vendita gi\u00e0 nel 2001. Eric e Bart volevano essere di esempio per il settore. E cos\u00ec il loro \u00e8 diventato il primo hashish bar di Amsterdam a mettere al bando gli alcolici. Inoltre The Border \u00e8 stato tra i primi a istituire controlli all\u2019entrata per una maggiore sicurezza all\u2019interno.<\/p>\n<h2 style=\"text-align: left;\"><strong>Il servizio per i clienti<\/strong><\/h2>\n<p style=\"text-align: left;\">Lo spazio sotterraneo \u00e8 ormai chiuso ai clienti e l\u2019arredamento di The Border \u00e8 cambiato rispetto allo stile del cannabis bar dei primi anni. Ma il servizio per i clienti non \u00e8 cambiato in nulla. The Border \u00e8 infatti sempre pronto a fornire tutte le informazioni necessarie, a servire con efficienza e a proporre un assortimento sempre in evoluzione. Ma non meno importante \u00e8 l\u2019ambiente: pulito e sicuro.<\/p>\n<p>Nel 2017 The Border ha festeggiato i suoi primi 25 anni e speriamo di poterne un giorno festeggiare altrettanti. Siamo favorevoli a un&#8217;ulteriore regolamentazione della cannabis e a una normalizzazione legislativa del nostro locale. La politica sa essere lenta e complicata, ma i tempi stanno ormai maturando. The Border \u00e8 sempre pronto a salutare qualsiasi nuova iniziativa di buon senso proposta dallo stato.<\/p>\n<\/div><div class=\"sep-with-icon-wrap margin-bottom\"><span class=\"sep-with-icon\" ><\/span><i class=\"sep-icon font-icon oshine_diamond\"><\/i><span class=\"sep-with-icon\" ><\/span><\/div><\/div><style>.tatsu-g35e49rx8f8uj4r3 .sep-icon.oshine_diamond{background: #5bad46;}.tatsu-g35e49rx8f8uj4r3 .sep-with-icon{height: 1px;width: 20px;background: #efefef;}<\/style><\/div><\/div><\/div><div class = \"tatsu-column-bg-image-wrap\"><div class = \"tatsu-column-bg-image\" ><\/div><\/div><\/div><style>.tatsu-row > .tatsu-g35e49rx52aqosuh.tatsu-column{width: 100%;}.tatsu-g35e49rx52aqosuh.tatsu-column > .tatsu-column-inner > .tatsu-column-overlay{mix-blend-mode: none;}.tatsu-g35e49rx52aqosuh > .tatsu-column-inner > .tatsu-top-divider{z-index: 9999;}.tatsu-g35e49rx52aqosuh > .tatsu-column-inner > .tatsu-bottom-divider{z-index: 9999;}.tatsu-g35e49rx52aqosuh > .tatsu-column-inner > .tatsu-left-divider{z-index: 9999;}.tatsu-g35e49rx52aqosuh > .tatsu-column-inner > .tatsu-right-divider{z-index: 9999;}.tatsu-g35e49rx52aqosuh.tatsu-column{transform: translate3d(0px,0px, 0);}<\/style><\/div><\/div><\/div><\/div><div class=\"tatsu-section-background-wrap\"><div class = \"tatsu-section-background\" ><\/div><\/div><style>.tatsu-g35e49rwwxe3kt4z .tatsu-section-pad{padding: 90px 0px 90px 0px;}.tatsu-g35e49rwwxe3kt4z > .tatsu-bottom-divider{z-index: 9999;}.tatsu-g35e49rwwxe3kt4z > .tatsu-top-divider{z-index: 9999;}<\/style><\/div><div  class=\"tatsu-g35e49s0gtcn6gam tatsu-section    tatsu-clearfix\" data-title=\"\"  data-headerscheme=\"background--dark\"><div class='tatsu-section-pad clearfix' data-padding='{\"d\":\"90px 0px 90px 0px\"}' data-padding-top='90px'><div class=\"tatsu-row-wrap  tatsu-wrap tatsu-row-one-col tatsu-row-has-one-cols tatsu-medium-gutter tatsu-reg-cols  tatsu-clearfix tatsu-g35e49s0jncpqkvp\" ><div  class=\"tatsu-row \" ><div  class=\"tatsu-column  tatsu-column-no-bg tatsu-one-col tatsu-column-image-none tatsu-column-effect-none  tatsu-g35e49s0mj43swto\" data-animation=\"fadeIn\"   data-parallax-speed=\"0\" style=\"\"><div class=\"tatsu-column-inner \" ><div class=\"tatsu-column-pad-wrap\"><div class=\"tatsu-column-pad\" ><div  class=\"tatsu-module tatsu-gmap-wrapper be-gdpr-consent-required tatsu-g35e49s0qhbma91q   tatsu-animate\" data-gdpr-concern=\"gmaps\" data-animation=\"fadeIn\"  ><div class=\"tatsu-gmap map_960\" data-address=\"Amstelveenseweg 1160 Amsterdam.\" data-zoom=\"14\" data-latitude=\"52.321991\" data-longitude=\"4.857060\" data-marker=\"\" data-style=\"standard\"><\/div><style>.tatsu-g35e49s0qhbma91q{height: 300px;}<\/style><\/div><\/div><\/div><div class = \"tatsu-column-bg-image-wrap\"><div class = \"tatsu-column-bg-image\" ><\/div><\/div><\/div><style>.tatsu-row > .tatsu-g35e49s0mj43swto.tatsu-column{width: 100%;}.tatsu-g35e49s0mj43swto.tatsu-column > .tatsu-column-inner > .tatsu-column-overlay{mix-blend-mode: none;}.tatsu-g35e49s0mj43swto > .tatsu-column-inner > .tatsu-top-divider{z-index: 9999;}.tatsu-g35e49s0mj43swto > .tatsu-column-inner > .tatsu-bottom-divider{z-index: 9999;}.tatsu-g35e49s0mj43swto > .tatsu-column-inner > .tatsu-left-divider{z-index: 9999;}.tatsu-g35e49s0mj43swto > .tatsu-column-inner > .tatsu-right-divider{z-index: 9999;}.tatsu-g35e49s0mj43swto.tatsu-column{transform: translate3d(0px,0px, 0);}<\/style><\/div><\/div><\/div><\/div><div class=\"tatsu-section-background-wrap\"><div class = \"tatsu-section-background\" ><\/div><\/div><style>.tatsu-g35e49s0gtcn6gam .tatsu-section-pad{padding: 90px 0px 90px 0px;}.tatsu-g35e49s0gtcn6gam > .tatsu-bottom-divider{z-index: 9999;}.tatsu-g35e49s0gtcn6gam > .tatsu-top-divider{z-index: 9999;}<\/style><\/div>\n","protected":false},"excerpt":{"rendered":"<p><a href=\"https:\/\/www.theborder.nl\/it\/storia\/\" class=\"more-link style2-button\">Read More<\/a><\/p>","protected":false},"author":1,"featured_media":0,"parent":0,"menu_order":0,"comment_status":"closed","ping_status":"closed","template":"","meta":{"footnotes":""},"class_list":["post-3778","page","type-page","status-publish","hentry"],"yoast_head":"<!-- This site is optimized with the Yoast SEO plugin v27.1.1 - https:\/\/yoast.com\/product\/yoast-seo-wordpress\/ -->\n<title>Storia - The Border<\/title>\n<meta name=\"description\" content=\"Il coffeeshop di Amsterdam The Border nasce al 1160 di Amstelveenseweg. Nel 1992 abbiamo aperto un hashish bar al confine con Amstelveen, ai margini dell\u2019Amsterdamse Bos (Bosco di Amsterdam). Nel 2001 siamo stati tra i primi a interrompere la vendita di alcolici. Da allora vendiamo soltanto cannabis e prodotti da fumo.\" \/>\n<meta name=\"robots\" content=\"index, follow, max-snippet:-1, max-image-preview:large, max-video-preview:-1\" \/>\n<link rel=\"canonical\" href=\"https:\/\/www.theborder.nl\/geschiedenis\/\" \/>\n<meta property=\"og:locale\" content=\"it_IT\" \/>\n<meta property=\"og:type\" content=\"article\" \/>\n<meta property=\"og:title\" content=\"Storia - The Border\" \/>\n<meta property=\"og:description\" content=\"Il coffeeshop di Amsterdam The Border nasce al 1160 di Amstelveenseweg. Nel 1992 abbiamo aperto un hashish bar al confine con Amstelveen, ai margini dell\u2019Amsterdamse Bos (Bosco di Amsterdam). Nel 2001 siamo stati tra i primi a interrompere la vendita di alcolici. Da allora vendiamo soltanto cannabis e prodotti da fumo.\" \/>\n<meta property=\"og:url\" content=\"https:\/\/www.theborder.nl\/geschiedenis\/\" \/>\n<meta property=\"og:site_name\" content=\"The Border\" \/>\n<meta property=\"article:publisher\" content=\"https:\/\/www.facebook.com\/theborderamsterdam\/\" \/>\n<meta property=\"article:modified_time\" content=\"2020-01-20T20:04:01+00:00\" \/>\n<meta name=\"twitter:card\" content=\"summary_large_image\" \/>\n<meta name=\"twitter:label1\" content=\"Tempo di lettura stimato\" \/>\n\t<meta name=\"twitter:data1\" content=\"8 minuti\" \/>\n<!-- \/ Yoast SEO plugin. -->","yoast_head_json":{"title":"Storia - The Border","description":"Il coffeeshop di Amsterdam The Border nasce al 1160 di Amstelveenseweg. Nel 1992 abbiamo aperto un hashish bar al confine con Amstelveen, ai margini dell\u2019Amsterdamse Bos (Bosco di Amsterdam). Nel 2001 siamo stati tra i primi a interrompere la vendita di alcolici. Da allora vendiamo soltanto cannabis e prodotti da fumo.","robots":{"index":"index","follow":"follow","max-snippet":"max-snippet:-1","max-image-preview":"max-image-preview:large","max-video-preview":"max-video-preview:-1"},"canonical":"https:\/\/www.theborder.nl\/geschiedenis\/","og_locale":"it_IT","og_type":"article","og_title":"Storia - The Border","og_description":"Il coffeeshop di Amsterdam The Border nasce al 1160 di Amstelveenseweg. Nel 1992 abbiamo aperto un hashish bar al confine con Amstelveen, ai margini dell\u2019Amsterdamse Bos (Bosco di Amsterdam). Nel 2001 siamo stati tra i primi a interrompere la vendita di alcolici. Da allora vendiamo soltanto cannabis e prodotti da fumo.","og_url":"https:\/\/www.theborder.nl\/geschiedenis\/","og_site_name":"The Border","article_publisher":"https:\/\/www.facebook.com\/theborderamsterdam\/","article_modified_time":"2020-01-20T20:04:01+00:00","twitter_card":"summary_large_image","twitter_misc":{"Tempo di lettura stimato":"8 minuti"},"schema":{"@context":"https:\/\/schema.org","@graph":[{"@type":"WebPage","@id":"https:\/\/www.theborder.nl\/geschiedenis\/","url":"https:\/\/www.theborder.nl\/geschiedenis\/","name":"Storia - The Border","isPartOf":{"@id":"https:\/\/www.theborder.nl\/#website"},"datePublished":"2017-04-21T12:52:17+00:00","dateModified":"2020-01-20T20:04:01+00:00","description":"Il coffeeshop di Amsterdam The Border nasce al 1160 di Amstelveenseweg. Nel 1992 abbiamo aperto un hashish bar al confine con Amstelveen, ai margini dell\u2019Amsterdamse Bos (Bosco di Amsterdam). Nel 2001 siamo stati tra i primi a interrompere la vendita di alcolici. Da allora vendiamo soltanto cannabis e prodotti da fumo.","breadcrumb":{"@id":"https:\/\/www.theborder.nl\/geschiedenis\/#breadcrumb"},"inLanguage":"it-IT","potentialAction":[{"@type":"ReadAction","target":["https:\/\/www.theborder.nl\/geschiedenis\/"]}]},{"@type":"BreadcrumbList","@id":"https:\/\/www.theborder.nl\/geschiedenis\/#breadcrumb","itemListElement":[{"@type":"ListItem","position":1,"name":"Home","item":"https:\/\/www.theborder.nl\/it\/"},{"@type":"ListItem","position":2,"name":"Storia"}]},{"@type":"WebSite","@id":"https:\/\/www.theborder.nl\/#website","url":"https:\/\/www.theborder.nl\/","name":"The Border","description":"Coffeeshop Amsterdam","publisher":{"@id":"https:\/\/www.theborder.nl\/#organization"},"potentialAction":[{"@type":"SearchAction","target":{"@type":"EntryPoint","urlTemplate":"https:\/\/www.theborder.nl\/?s={search_term_string}"},"query-input":{"@type":"PropertyValueSpecification","valueRequired":true,"valueName":"search_term_string"}}],"inLanguage":"it-IT"},{"@type":"Organization","@id":"https:\/\/www.theborder.nl\/#organization","name":"The Border","url":"https:\/\/www.theborder.nl\/","logo":{"@type":"ImageObject","inLanguage":"it-IT","@id":"https:\/\/www.theborder.nl\/#\/schema\/logo\/image\/","url":"https:\/\/www.theborder.nl\/wp-content\/uploads\/2020\/02\/Logo.png","contentUrl":"https:\/\/www.theborder.nl\/wp-content\/uploads\/2020\/02\/Logo.png","width":512,"height":512,"caption":"The Border"},"image":{"@id":"https:\/\/www.theborder.nl\/#\/schema\/logo\/image\/"},"sameAs":["https:\/\/www.facebook.com\/theborderamsterdam\/","https:\/\/www.instagram.com\/theborderamsterdam\/"]}]}},"_links":{"self":[{"href":"https:\/\/www.theborder.nl\/it\/wp-json\/wp\/v2\/pages\/3778","targetHints":{"allow":["GET"]}}],"collection":[{"href":"https:\/\/www.theborder.nl\/it\/wp-json\/wp\/v2\/pages"}],"about":[{"href":"https:\/\/www.theborder.nl\/it\/wp-json\/wp\/v2\/types\/page"}],"author":[{"embeddable":true,"href":"https:\/\/www.theborder.nl\/it\/wp-json\/wp\/v2\/users\/1"}],"replies":[{"embeddable":true,"href":"https:\/\/www.theborder.nl\/it\/wp-json\/wp\/v2\/comments?post=3778"}],"version-history":[{"count":4,"href":"https:\/\/www.theborder.nl\/it\/wp-json\/wp\/v2\/pages\/3778\/revisions"}],"predecessor-version":[{"id":5673,"href":"https:\/\/www.theborder.nl\/it\/wp-json\/wp\/v2\/pages\/3778\/revisions\/5673"}],"wp:attachment":[{"href":"https:\/\/www.theborder.nl\/it\/wp-json\/wp\/v2\/media?parent=3778"}],"curies":[{"name":"wp","href":"https:\/\/api.w.org\/{rel}","templated":true}]}}