{"id":3821,"date":"2018-04-23T15:26:36","date_gmt":"2018-04-23T15:26:36","guid":{"rendered":"https:\/\/www.theborder.nl\/house-rules\/"},"modified":"2020-06-24T11:00:22","modified_gmt":"2020-06-24T11:00:22","slug":"reglement-interieur","status":"publish","type":"page","link":"https:\/\/www.theborder.nl\/fr\/reglement-interieur\/","title":{"rendered":"R\u00e8glement Int\u00e9rieur"},"content":{"rendered":"<div  class=\"tatsu-icndyjbw2h5d8xes tatsu-section    tatsu-clearfix\" data-title=\"\"  data-headerscheme=\"background--dark\"><div class='tatsu-section-pad clearfix' data-padding='90px 0px 90px 0px' data-padding-top='90px'><div class=\"tatsu-row-wrap  tatsu-wrap tatsu-row-one-col tatsu-row-has-one-cols tatsu-medium-gutter tatsu-reg-cols  tatsu-clearfix tatsu-icndyjbwpog21j3f\" ><div  class=\"tatsu-row \" ><div  class=\"tatsu-column  tatsu-column-no-bg tatsu-one-col tatsu-column-image- tatsu-column-effect-  tatsu-icndyjbwvt8gsgla\" data-animation=\"fadeIn\"   data-parallax-speed=\"0\" style=\"\"><div class=\"tatsu-column-inner \" ><div class=\"tatsu-column-pad-wrap\"><div class=\"tatsu-column-pad\" ><div  class=\"special-heading-wrap style1 oshine-module  tatsu-icndyjbx4qa03j0  \" data-animation=\"fadeIn\"  ><div class=\"special-heading align-center\"><h1 class=\"special-h-tag\" >R\u00c8GLEMENT INT\u00c9RIEUR <\/h1><div class=\"sub-title margin-bottom  special-subtitle\">\n<p>Tout le monde est bienvenu chez The Border. Nous tenons \u00e0 ce que cela continue. Par cons\u00e9quent, nous avons \u00e9tabli quelques r\u00e8gles \u00e0 respecter.<\/p>\n<\/div><div class=\"sep-with-icon-wrap margin-bottom\"><span class=\"sep-with-icon\" ><\/span><i class=\"sep-icon font-icon oshine_diamond\"><\/i><span class=\"sep-with-icon\" ><\/span><\/div><\/div><style>.tatsu-icndyjbx4qa03j0 .sep-icon.oshine_diamond{background: #5bad46;}.tatsu-icndyjbx4qa03j0 .sep-with-icon{height: 1px;width: 20px;background: #efefef;}<\/style><\/div><\/div><\/div><div class = \"tatsu-column-bg-image-wrap\"><div class = \"tatsu-column-bg-image\" ><\/div><\/div><\/div><style>.tatsu-icndyjbwvt8gsgla.tatsu-column > .tatsu-column-inner > .tatsu-column-pad-wrap > .tatsu-column-pad{padding: 0px 0px 0px 0px;}.tatsu-icndyjbwvt8gsgla.tatsu-column > .tatsu-column-inner > .tatsu-column-overlay{mix-blend-mode: none;}.tatsu-icndyjbwvt8gsgla > .tatsu-column-inner > .tatsu-top-divider{z-index: 9999;}.tatsu-icndyjbwvt8gsgla > .tatsu-column-inner > .tatsu-bottom-divider{z-index: 9999;}.tatsu-icndyjbwvt8gsgla > .tatsu-column-inner > .tatsu-left-divider{z-index: 9999;}.tatsu-icndyjbwvt8gsgla > .tatsu-column-inner > .tatsu-right-divider{z-index: 9999;}.tatsu-icndyjbwvt8gsgla.tatsu-column{transform: translate3d(0px,0px, 0);}<\/style><\/div><\/div><\/div><div class=\"tatsu-row-wrap  tatsu-wrap tatsu-row-has-two-cols tatsu-medium-gutter tatsu-reg-cols  tatsu-clearfix tatsu-icndyjbx8zc2ewfz\" ><div  class=\"tatsu-row \" ><div  class=\"tatsu-column  tatsu-column-no-bg tatsu-one-third tatsu-column-image- tatsu-column-effect-  tatsu-icndyjbxf144j5cp\" data-animation=\"fadeIn\"   data-parallax-speed=\"0\" style=\"\"><div class=\"tatsu-column-inner \" ><div class=\"tatsu-column-pad-wrap\"><div class=\"tatsu-column-pad\" ><div  class=\"tatsu-module tatsu-normal-icon tatsu-icon-shortcode align-center tatsu-icndyjbxm23nc9y9   \"><style>.tatsu-icndyjbxm23nc9y9 .tatsu-icon{color: #5bad46 ;}<\/style><a href=\"#\"  class=\"tatsu-icon-wrap diamond     \" data-animation=\"fadeIn\"   aria-label=\"icon-happy\" data-gdpr-atts={}   ><i class=\"tatsu-icon tatsu-custom-icon tatsu-custom-icon-class icon-happy xlarge diamond\"  data-animation=\"fadeIn\" data-animation-delay=\"0\"><\/i><\/a><\/div><\/div><\/div><div class = \"tatsu-column-bg-image-wrap\"><div class = \"tatsu-column-bg-image\" ><\/div><\/div><\/div><style>.tatsu-icndyjbxf144j5cp.tatsu-column > .tatsu-column-inner > .tatsu-column-pad-wrap > .tatsu-column-pad{padding: 0px 0px 0px 0px;}.tatsu-icndyjbxf144j5cp.tatsu-column > .tatsu-column-inner > .tatsu-column-overlay{mix-blend-mode: none;}.tatsu-icndyjbxf144j5cp > .tatsu-column-inner > .tatsu-top-divider{z-index: 9999;}.tatsu-icndyjbxf144j5cp > .tatsu-column-inner > .tatsu-bottom-divider{z-index: 9999;}.tatsu-icndyjbxf144j5cp > .tatsu-column-inner > .tatsu-left-divider{z-index: 9999;}.tatsu-icndyjbxf144j5cp > .tatsu-column-inner > .tatsu-right-divider{z-index: 9999;}.tatsu-icndyjbxf144j5cp.tatsu-column{transform: translate3d(0px,0px, 0);}<\/style><\/div><div  class=\"tatsu-column  tatsu-column-no-bg tatsu-two-third tatsu-column-image- tatsu-column-effect-  tatsu-icndyjbxpj9t05qe\" data-animation=\"fadeIn\"   data-parallax-speed=\"0\" style=\"\"><div class=\"tatsu-column-inner \" ><div class=\"tatsu-column-pad-wrap\"><div class=\"tatsu-column-pad\" ><div  class=\"tatsu-module tatsu-text-block-wrap tatsu-icndyjbxx878zbhw  \"><div class=\"tatsu-text-inner   clearfix\" data-animation=\"fadeIn\"  ><style>.tatsu-icndyjbxx878zbhw.tatsu-text-block-wrap .tatsu-text-inner{width: 100%;}<\/style>\n<ul>\n<li>L&#8217;acc\u00e8s est uniquement autoris\u00e9 aux personnes de 18 ans et plus.<\/li>\n<li>Pi\u00e8ce d&#8217;identit\u00e9 obligatoire (passeport, permis de conduire ou carte d&#8217;identit\u00e9.<\/li>\n<li>En cas de fausse identit\u00e9, nous appelons toujours la police.<\/li>\n<li>Nous ne tol\u00e9rons pas la revente aux mineurs.<\/li>\n<li>Afin d&#8217;\u00e9viter toute nuisance, nous vous invitons \u00e0 ne pas vous attarder autour du shop.<\/li>\n<li>Il est interdit de fumer \u00e0 l&#8217;int\u00e9rieur de l&#8217;\u00e9tablissement.<\/li>\n<li>La d\u00e9tention, la consommation et le trafic de drogues dures et d&#8217;alcools sont strictement interdits.<\/li>\n<li>Nous ne servons pas les conducteurs mal gar\u00e9s et tout autre fauteur de trouble.<\/li>\n<li>Le trafic de marchandises vol\u00e9es est interdit.<\/li>\n<li>Ne faites pas de tapage et laissez l&#8217;endroit propre.<\/li>\n<li>Nous ne tol\u00e9rons aucune agression.<\/li>\n<li>L\u2019\u00e9tablissement se r\u00e9serve \u00e0 tout moment le droit de fouiller et\/ou de refuser l&#8217;acc\u00e8s aux locaux.<\/li>\n<li><strong>Nous surveillons notre shop et le terrain environnant 24 heures par jour et sept jours par semaine par des moyens stricts et divers. En cas de perturbations de l&#8217;ordre public, de nuisance ou de non-respect du r\u00e8glement int\u00e9rieur, nous portons plainte \u00e0 la police. <\/strong><\/li>\n<\/ul>\n<\/div><\/div><\/div><\/div><div class = \"tatsu-column-bg-image-wrap\"><div class = \"tatsu-column-bg-image\" ><\/div><\/div><\/div><style>.tatsu-icndyjbxpj9t05qe.tatsu-column > .tatsu-column-inner > .tatsu-column-pad-wrap > .tatsu-column-pad{padding: 0px 0px 0px 0px;}.tatsu-icndyjbxpj9t05qe.tatsu-column > .tatsu-column-inner > .tatsu-column-overlay{mix-blend-mode: none;}.tatsu-icndyjbxpj9t05qe > .tatsu-column-inner > .tatsu-top-divider{z-index: 9999;}.tatsu-icndyjbxpj9t05qe > .tatsu-column-inner > .tatsu-bottom-divider{z-index: 9999;}.tatsu-icndyjbxpj9t05qe > .tatsu-column-inner > .tatsu-left-divider{z-index: 9999;}.tatsu-icndyjbxpj9t05qe > .tatsu-column-inner > .tatsu-right-divider{z-index: 9999;}.tatsu-icndyjbxpj9t05qe.tatsu-column{transform: translate3d(0px,0px, 0);}<\/style><\/div><\/div><\/div><\/div><div class=\"tatsu-section-background-wrap\"><div class = \"tatsu-section-background\" ><\/div><\/div><style>.tatsu-icndyjbw2h5d8xes .tatsu-section-pad{padding: 90px 0px 90px 0px;}.tatsu-icndyjbw2h5d8xes.tatsu-section{margin: 0px 0px 0px 0px;}.tatsu-icndyjbw2h5d8xes > .tatsu-bottom-divider{z-index: 9999;}.tatsu-icndyjbw2h5d8xes > .tatsu-top-divider{z-index: 9999;}<\/style><\/div>\n","protected":false},"excerpt":{"rendered":"<p><a href=\"https:\/\/www.theborder.nl\/fr\/reglement-interieur\/\" class=\"more-link style2-button\">Read More<\/a><\/p>","protected":false},"author":1,"featured_media":0,"parent":0,"menu_order":0,"comment_status":"closed","ping_status":"closed","template":"","meta":{"footnotes":""},"class_list":["post-3821","page","type-page","status-publish","hentry"],"yoast_head":"<!-- This site is optimized with the Yoast SEO plugin v27.1.1 - https:\/\/yoast.com\/product\/yoast-seo-wordpress\/ -->\n<title>R\u00e8glement Int\u00e9rieur - The Border<\/title>\n<meta name=\"description\" content=\"Nous avons \u00e9tabli quelques r\u00e8gles \u00e0 respecter : L&#039;acc\u00e8s est uniquement autoris\u00e9 aux personnes de 18 ans et plus. Pi\u00e8ce d&#039;identit\u00e9 obligatoire. Nous ne tol\u00e9rons pas la revente aux mineurs. La d\u00e9tention, la consommation et le trafic de drogues dures et d&#039;alcools sont strictement interdits.\" \/>\n<meta name=\"robots\" content=\"index, follow, max-snippet:-1, max-image-preview:large, max-video-preview:-1\" \/>\n<link rel=\"canonical\" href=\"https:\/\/www.theborder.nl\/huisregels\/\" \/>\n<meta property=\"og:locale\" content=\"fr_FR\" \/>\n<meta property=\"og:type\" content=\"article\" \/>\n<meta property=\"og:title\" content=\"R\u00e8glement Int\u00e9rieur - The Border\" \/>\n<meta property=\"og:description\" content=\"Nous avons \u00e9tabli quelques r\u00e8gles \u00e0 respecter : L&#039;acc\u00e8s est uniquement autoris\u00e9 aux personnes de 18 ans et plus. Pi\u00e8ce d&#039;identit\u00e9 obligatoire. Nous ne tol\u00e9rons pas la revente aux mineurs. La d\u00e9tention, la consommation et le trafic de drogues dures et d&#039;alcools sont strictement interdits.\" \/>\n<meta property=\"og:url\" content=\"https:\/\/www.theborder.nl\/huisregels\/\" \/>\n<meta property=\"og:site_name\" content=\"The Border\" \/>\n<meta property=\"article:publisher\" content=\"https:\/\/www.facebook.com\/theborderamsterdam\/\" \/>\n<meta property=\"article:modified_time\" content=\"2020-06-24T11:00:22+00:00\" \/>\n<meta name=\"twitter:card\" content=\"summary_large_image\" \/>\n<meta name=\"twitter:label1\" content=\"Dur\u00e9e de lecture estim\u00e9e\" \/>\n\t<meta name=\"twitter:data1\" content=\"4 minutes\" \/>\n<!-- \/ Yoast SEO plugin. -->","yoast_head_json":{"title":"R\u00e8glement Int\u00e9rieur - The Border","description":"Nous avons \u00e9tabli quelques r\u00e8gles \u00e0 respecter : L'acc\u00e8s est uniquement autoris\u00e9 aux personnes de 18 ans et plus. Pi\u00e8ce d'identit\u00e9 obligatoire. Nous ne tol\u00e9rons pas la revente aux mineurs. La d\u00e9tention, la consommation et le trafic de drogues dures et d'alcools sont strictement interdits.","robots":{"index":"index","follow":"follow","max-snippet":"max-snippet:-1","max-image-preview":"max-image-preview:large","max-video-preview":"max-video-preview:-1"},"canonical":"https:\/\/www.theborder.nl\/huisregels\/","og_locale":"fr_FR","og_type":"article","og_title":"R\u00e8glement Int\u00e9rieur - The Border","og_description":"Nous avons \u00e9tabli quelques r\u00e8gles \u00e0 respecter : L'acc\u00e8s est uniquement autoris\u00e9 aux personnes de 18 ans et plus. Pi\u00e8ce d'identit\u00e9 obligatoire. Nous ne tol\u00e9rons pas la revente aux mineurs. La d\u00e9tention, la consommation et le trafic de drogues dures et d'alcools sont strictement interdits.","og_url":"https:\/\/www.theborder.nl\/huisregels\/","og_site_name":"The Border","article_publisher":"https:\/\/www.facebook.com\/theborderamsterdam\/","article_modified_time":"2020-06-24T11:00:22+00:00","twitter_card":"summary_large_image","twitter_misc":{"Dur\u00e9e de lecture estim\u00e9e":"4 minutes"},"schema":{"@context":"https:\/\/schema.org","@graph":[{"@type":"WebPage","@id":"https:\/\/www.theborder.nl\/huisregels\/","url":"https:\/\/www.theborder.nl\/huisregels\/","name":"R\u00e8glement Int\u00e9rieur - The Border","isPartOf":{"@id":"https:\/\/www.theborder.nl\/#website"},"datePublished":"2018-04-23T15:26:36+00:00","dateModified":"2020-06-24T11:00:22+00:00","description":"Nous avons \u00e9tabli quelques r\u00e8gles \u00e0 respecter : L'acc\u00e8s est uniquement autoris\u00e9 aux personnes de 18 ans et plus. Pi\u00e8ce d'identit\u00e9 obligatoire. Nous ne tol\u00e9rons pas la revente aux mineurs. La d\u00e9tention, la consommation et le trafic de drogues dures et d'alcools sont strictement interdits.","breadcrumb":{"@id":"https:\/\/www.theborder.nl\/huisregels\/#breadcrumb"},"inLanguage":"fr-FR","potentialAction":[{"@type":"ReadAction","target":["https:\/\/www.theborder.nl\/huisregels\/"]}]},{"@type":"BreadcrumbList","@id":"https:\/\/www.theborder.nl\/huisregels\/#breadcrumb","itemListElement":[{"@type":"ListItem","position":1,"name":"Home","item":"https:\/\/www.theborder.nl\/fr\/"},{"@type":"ListItem","position":2,"name":"R\u00e8glement Int\u00e9rieur"}]},{"@type":"WebSite","@id":"https:\/\/www.theborder.nl\/#website","url":"https:\/\/www.theborder.nl\/","name":"The Border","description":"Coffeeshop Amsterdam","publisher":{"@id":"https:\/\/www.theborder.nl\/#organization"},"potentialAction":[{"@type":"SearchAction","target":{"@type":"EntryPoint","urlTemplate":"https:\/\/www.theborder.nl\/?s={search_term_string}"},"query-input":{"@type":"PropertyValueSpecification","valueRequired":true,"valueName":"search_term_string"}}],"inLanguage":"fr-FR"},{"@type":"Organization","@id":"https:\/\/www.theborder.nl\/#organization","name":"The Border","url":"https:\/\/www.theborder.nl\/","logo":{"@type":"ImageObject","inLanguage":"fr-FR","@id":"https:\/\/www.theborder.nl\/#\/schema\/logo\/image\/","url":"https:\/\/www.theborder.nl\/wp-content\/uploads\/2020\/02\/Logo.png","contentUrl":"https:\/\/www.theborder.nl\/wp-content\/uploads\/2020\/02\/Logo.png","width":512,"height":512,"caption":"The Border"},"image":{"@id":"https:\/\/www.theborder.nl\/#\/schema\/logo\/image\/"},"sameAs":["https:\/\/www.facebook.com\/theborderamsterdam\/","https:\/\/www.instagram.com\/theborderamsterdam\/"]}]}},"_links":{"self":[{"href":"https:\/\/www.theborder.nl\/fr\/wp-json\/wp\/v2\/pages\/3821","targetHints":{"allow":["GET"]}}],"collection":[{"href":"https:\/\/www.theborder.nl\/fr\/wp-json\/wp\/v2\/pages"}],"about":[{"href":"https:\/\/www.theborder.nl\/fr\/wp-json\/wp\/v2\/types\/page"}],"author":[{"embeddable":true,"href":"https:\/\/www.theborder.nl\/fr\/wp-json\/wp\/v2\/users\/1"}],"replies":[{"embeddable":true,"href":"https:\/\/www.theborder.nl\/fr\/wp-json\/wp\/v2\/comments?post=3821"}],"version-history":[{"count":6,"href":"https:\/\/www.theborder.nl\/fr\/wp-json\/wp\/v2\/pages\/3821\/revisions"}],"predecessor-version":[{"id":6351,"href":"https:\/\/www.theborder.nl\/fr\/wp-json\/wp\/v2\/pages\/3821\/revisions\/6351"}],"wp:attachment":[{"href":"https:\/\/www.theborder.nl\/fr\/wp-json\/wp\/v2\/media?parent=3821"}],"curies":[{"name":"wp","href":"https:\/\/api.w.org\/{rel}","templated":true}]}}