{"id":3776,"date":"2017-04-21T12:52:17","date_gmt":"2017-04-21T12:52:17","guid":{"rendered":"https:\/\/www.theborder.nl\/geschiedenis\/"},"modified":"2020-01-20T20:06:12","modified_gmt":"2020-01-20T20:06:12","slug":"histoire","status":"publish","type":"page","link":"https:\/\/www.theborder.nl\/fr\/histoire\/","title":{"rendered":"Histoire"},"content":{"rendered":"<div  class=\"tatsu-g35e5yqsymr3j36 tatsu-section    tatsu-clearfix\" data-title=\"\"  data-headerscheme=\"background--dark\"><div class='tatsu-section-pad clearfix' data-padding='{\"d\":\"90px 0px 90px 0px\"}' data-padding-top='90px'><div class=\"tatsu-row-wrap  tatsu-wrap tatsu-row-one-col tatsu-row-has-one-cols tatsu-medium-gutter tatsu-reg-cols  tatsu-clearfix tatsu-g35e5yqt1xfl0txb\" ><div  class=\"tatsu-row \" ><div  class=\"tatsu-column  tatsu-column-no-bg tatsu-one-col tatsu-column-image-none tatsu-column-effect-none  tatsu-g35e5yqt5dfr9yng\" data-animation=\"fadeIn\"   data-parallax-speed=\"0\" style=\"\"><div class=\"tatsu-column-inner \" ><div class=\"tatsu-column-pad-wrap\"><div class=\"tatsu-column-pad\" ><div  class=\"special-heading-wrap style1 oshine-module  tatsu-g35e5yqt887yy5iq  \" data-animation=\"fadeIn\"  ><div class=\"special-heading align-center\"><h1 class=\"special-h-tag\" >NOTRE HISTOIRE<\/h1><div class=\"sub-title margin-bottom  special-subtitle\">\n<p>L&#8217;histoire du coffee shop The Border est n\u00e9e sur la c\u00e9l\u00e8bre place \u00ab\u00a0Leidseplein\u00a0\u00bb d\u2019Amsterdam. \u00c0 la fin des ann\u00e9es 80, Bart et Eric, deux amis de longue date, y travaillaient dans un caf\u00e9 alors nomm\u00e9 \u00ab\u00a0Le Berry\u00a0\u00bb. Pendant le service, les amis r\u00eavaient souvent de monter leur propre affaire.<\/p>\n<h2 style=\"text-align: left;\"><strong>L&#8217;\u00e9mergence des coffee shops<\/strong><\/h2>\n<p>Au d\u00e9but des ann\u00e9es 90, les coffee shops virent le jour les uns apr\u00e8s les autres dans la capitale. La r\u00e9glementation stricte d&#8217;aujourd&#8217;hui n&#8217;existait pas encore. Les deux amis originaires de la ville voisine d\u2019Amstelveen avaient remarqu\u00e9 que leur ville natale \u00e9tait jusque-l\u00e0 d\u00e9pourvue d\u2019un lieu de vente de cannabis. Le projet de leur propre affaire commen\u00e7a \u00e0 prendre forme.<\/p>\n<p style=\"text-align: left;\">Le jour de la concr\u00e9tisation arriva en 1992. Eric et Bart achet\u00e8rent ensemble le caf\u00e9 \u00ab\u00a0De Schuimkraag\u00a0\u00bb. Ce lieu se trouvait \u00e0 Amsterdam, juste \u00e0 la fronti\u00e8re de la ville voisine d\u2019Amstelveen sur l&#8217;avenue <a href=\"https:\/\/maps.google.com\/?q=Amstelveenseweg+1160&#038;entry=gmail&#038;source=g\">Amstelveenseweg 1160<\/a>. Proche de lAmsterdamse Bos (Bois d&#8217;Amsterdam), \u00a0ils donn\u00e8rent \u00e0 leur nouveau caf\u00e9 le nom tr\u00e8s appropri\u00e9 de \u00ab\u00a0The Border\u00a0\u00bb.<\/p>\n<h2 style=\"text-align: left;\"><strong>Ouverture de The Border<\/strong><\/h2>\n<p style=\"text-align: left;\">Initialement, ils voulaient faire de \u00ab\u00a0The Border\u00a0\u00bb une petite r\u00e9plique du caf\u00e9 \u00ab\u00a0Le Berry\u00a0\u00bb, avec en plus la vente de cannabis. En haut, le caf\u00e9 a \u00e9t\u00e9 r\u00e9nov\u00e9 dans un style bistrot des ann\u00e9es 80. Le sous-sol a \u00e9t\u00e9 am\u00e9nag\u00e9 dans une <em>ambiance<\/em> tropicale avec des tables de billard am\u00e9ricain, un flipper et un baby-foot. Pour satisfaire la demande en cannabis, un ami-vendeur dot\u00e9 d&#8217;une sacoche avec un peu de cannabis se trouvait au bar. C&#8217;est ainsi que cela fonctionnait \u00e0 l&#8217;\u00e9poque.<\/p>\n<p style=\"text-align: left;\">Petit \u00e0 petit, le vendeur s&#8217;est vu attribuer un endroit fixe dans un coin derri\u00e8re le bar. Le succ\u00e8s ne s&#8217;est pas fait attendre. The Border attirait beaucoup de fumeurs. Il y avait tellement de clients qu&#8217;Eric et Bart d\u00e9cid\u00e8rent de d\u00e9placer la vente de cannabis \u00e0 l&#8217;\u00e9tage. En bas on pouvait toujours jouer au billard, au flipper ou simplement boire une pression.<\/p>\n<h2 style=\"text-align: left;\"><strong>R\u00e9glementation du gouvernement<\/strong><\/h2>\n<p style=\"text-align: left;\">Entre-temps, la r\u00e9glementation a \u00e9galement \u00e9volu\u00e9. Les points de vente de cannabis se multipliaient largement \u00e0 Amsterdam. En 1995, il y avait environ 350 coffee shops dans la ville (en 2018 ce nombre a diminu\u00e9 de plus de moiti\u00e9). Le gouvernement a progressivement adapt\u00e9 sa politique.<\/p>\n<p style=\"text-align: left;\">Une des nouvelles r\u00e9glementations en 2007 a \u00e9t\u00e9 l&#8217;interdiction de la vente d&#8217;alcool dans les coffee shops. The Border a \u00e9t\u00e9 en avance sur son temps car on ne servait plus d&#8217;alcool depuis 2001. Eric et Bart tenaient \u00e0 montrer l&#8217;exemple. De ce fait, ils \u00e9taient le premier coffee shop d&#8217;Amsterdam \u00e0 d\u00e9lib\u00e9r\u00e9ment et d\u00e9finitivement supprimer l&#8217;alcool de la carte. The Border a \u00e9galement \u00e9t\u00e9 le premier \u00e0 mettre en place des portiers afin de pouvoir appliquer un contr\u00f4le \u00e0 l&#8217;entr\u00e9e.<\/p>\n<h2><strong>Service client<\/strong><\/h2>\n<p style=\"text-align: left;\">Aujourd&#8217;hui, l&#8217;espace au sous-sol est ferm\u00e9 aux clients et l\u2019int\u00e9rieur de The Border ne ressemble plus trop au coffee shop des premi\u00e8res ann\u00e9es. Une chose n&#8217;a pas chang\u00e9\u00a0: le service envers nos clients. The Border s&#8217;efforce encore et toujours de conseiller au mieux et de servir au plus vite, tout en proposant un assortiment vari\u00e9. Un autre point tout aussi important est le lieu et ses alentours\u00a0: ils doivent \u00eatre propres et s\u00e9curis\u00e9s.<\/p>\n<p style=\"text-align: left;\">En 2017, The Border f\u00eatait ses 25 ans et nous esp\u00e9rons bien doubler ce chiffre, si ce n&#8217;est plus. Ils sont favorables \u00e0 la r\u00e9glementation ult\u00e9rieure sur le cannabis et pour une normalisation future de notre entreprise. M\u00eame si la politique avance lentement et difficilement, son \u00e9volution est maintenant hors de notre port\u00e9e. C&#8217;est pourquoi The Border salue avec ferveur chaque nouvelle initiative utile et innovante de la part du gouvernement.<\/p>\n<\/div><div class=\"sep-with-icon-wrap margin-bottom\"><span class=\"sep-with-icon\" ><\/span><i class=\"sep-icon font-icon oshine_diamond\"><\/i><span class=\"sep-with-icon\" ><\/span><\/div><\/div><style>.tatsu-g35e5yqt887yy5iq .sep-icon.oshine_diamond{background: #5bad46;}.tatsu-g35e5yqt887yy5iq .sep-with-icon{height: 1px;width: 20px;background: #efefef;}<\/style><\/div><\/div><\/div><div class = \"tatsu-column-bg-image-wrap\"><div class = \"tatsu-column-bg-image\" ><\/div><\/div><\/div><style>.tatsu-row > .tatsu-g35e5yqt5dfr9yng.tatsu-column{width: 100%;}.tatsu-g35e5yqt5dfr9yng.tatsu-column > .tatsu-column-inner > .tatsu-column-overlay{mix-blend-mode: none;}.tatsu-g35e5yqt5dfr9yng > .tatsu-column-inner > .tatsu-top-divider{z-index: 9999;}.tatsu-g35e5yqt5dfr9yng > .tatsu-column-inner > .tatsu-bottom-divider{z-index: 9999;}.tatsu-g35e5yqt5dfr9yng > .tatsu-column-inner > .tatsu-left-divider{z-index: 9999;}.tatsu-g35e5yqt5dfr9yng > .tatsu-column-inner > .tatsu-right-divider{z-index: 9999;}.tatsu-g35e5yqt5dfr9yng.tatsu-column{transform: translate3d(0px,0px, 0);}<\/style><\/div><\/div><\/div><\/div><div class=\"tatsu-section-background-wrap\"><div class = \"tatsu-section-background\" ><\/div><\/div><style>.tatsu-g35e5yqsymr3j36 .tatsu-section-pad{padding: 90px 0px 90px 0px;}.tatsu-g35e5yqsymr3j36 > .tatsu-bottom-divider{z-index: 9999;}.tatsu-g35e5yqsymr3j36 > .tatsu-top-divider{z-index: 9999;}<\/style><\/div><div  class=\"tatsu-g35e5yqwemcqlrz9 tatsu-section    tatsu-clearfix\" data-title=\"\"  data-headerscheme=\"background--dark\"><div class='tatsu-section-pad clearfix' data-padding='{\"d\":\"90px 0px 90px 0px\"}' data-padding-top='90px'><div class=\"tatsu-row-wrap  tatsu-wrap tatsu-row-one-col tatsu-row-has-one-cols tatsu-medium-gutter tatsu-reg-cols  tatsu-clearfix tatsu-g35e5yqwh719w7ui\" ><div  class=\"tatsu-row \" ><div  class=\"tatsu-column  tatsu-column-no-bg tatsu-one-col tatsu-column-image-none tatsu-column-effect-none  tatsu-g35e5yqwjyd2j1l6\" data-animation=\"fadeIn\"   data-parallax-speed=\"0\" style=\"\"><div class=\"tatsu-column-inner \" ><div class=\"tatsu-column-pad-wrap\"><div class=\"tatsu-column-pad\" ><div  class=\"tatsu-module tatsu-gmap-wrapper be-gdpr-consent-required tatsu-g35e5yqwm0b57xyx   tatsu-animate\" data-gdpr-concern=\"gmaps\" data-animation=\"fadeIn\"  ><div class=\"tatsu-gmap map_960\" data-address=\"Amstelveenseweg 1160 Amsterdam.\" data-zoom=\"14\" data-latitude=\"52.321991\" data-longitude=\"4.857060\" data-marker=\"\" data-style=\"standard\"><\/div><style>.tatsu-g35e5yqwm0b57xyx{height: 300px;}<\/style><\/div><\/div><\/div><div class = \"tatsu-column-bg-image-wrap\"><div class = \"tatsu-column-bg-image\" ><\/div><\/div><\/div><style>.tatsu-row > .tatsu-g35e5yqwjyd2j1l6.tatsu-column{width: 100%;}.tatsu-g35e5yqwjyd2j1l6.tatsu-column > .tatsu-column-inner > .tatsu-column-overlay{mix-blend-mode: none;}.tatsu-g35e5yqwjyd2j1l6 > .tatsu-column-inner > .tatsu-top-divider{z-index: 9999;}.tatsu-g35e5yqwjyd2j1l6 > .tatsu-column-inner > .tatsu-bottom-divider{z-index: 9999;}.tatsu-g35e5yqwjyd2j1l6 > .tatsu-column-inner > .tatsu-left-divider{z-index: 9999;}.tatsu-g35e5yqwjyd2j1l6 > .tatsu-column-inner > .tatsu-right-divider{z-index: 9999;}.tatsu-g35e5yqwjyd2j1l6.tatsu-column{transform: translate3d(0px,0px, 0);}<\/style><\/div><\/div><\/div><\/div><div class=\"tatsu-section-background-wrap\"><div class = \"tatsu-section-background\" ><\/div><\/div><style>.tatsu-g35e5yqwemcqlrz9 .tatsu-section-pad{padding: 90px 0px 90px 0px;}.tatsu-g35e5yqwemcqlrz9 > .tatsu-bottom-divider{z-index: 9999;}.tatsu-g35e5yqwemcqlrz9 > .tatsu-top-divider{z-index: 9999;}<\/style><\/div>\n","protected":false},"excerpt":{"rendered":"<p><a href=\"https:\/\/www.theborder.nl\/fr\/histoire\/\" class=\"more-link style2-button\">Read More<\/a><\/p>","protected":false},"author":1,"featured_media":0,"parent":0,"menu_order":0,"comment_status":"closed","ping_status":"closed","template":"","meta":{"footnotes":""},"class_list":["post-3776","page","type-page","status-publish","hentry"],"yoast_head":"<!-- This site is optimized with the Yoast SEO plugin v27.1.1 - https:\/\/yoast.com\/product\/yoast-seo-wordpress\/ -->\n<title>Histoire - The Border<\/title>\n<meta name=\"description\" content=\"L&#039;histoire du shop a commenc\u00e9 en 1992, \u00e0 la fronti\u00e8re d&#039;Amstelveen et \u00e0 c\u00f4t\u00e9 de l&#039;Amsterdamse bos (Bois d&#039;Amsterdam). En 2001, nous avons \u00e9t\u00e9 un des premiers \u00e0 arr\u00eater la vente d&#039;alcool. Depuis cette date nous ne vendons que de cannabis et d&#039;accessoires pour fumeurs.\" \/>\n<meta name=\"robots\" content=\"index, follow, max-snippet:-1, max-image-preview:large, max-video-preview:-1\" \/>\n<link rel=\"canonical\" href=\"https:\/\/www.theborder.nl\/geschiedenis\/\" \/>\n<meta property=\"og:locale\" content=\"fr_FR\" \/>\n<meta property=\"og:type\" content=\"article\" \/>\n<meta property=\"og:title\" content=\"Histoire - The Border\" \/>\n<meta property=\"og:description\" content=\"L&#039;histoire du shop a commenc\u00e9 en 1992, \u00e0 la fronti\u00e8re d&#039;Amstelveen et \u00e0 c\u00f4t\u00e9 de l&#039;Amsterdamse bos (Bois d&#039;Amsterdam). En 2001, nous avons \u00e9t\u00e9 un des premiers \u00e0 arr\u00eater la vente d&#039;alcool. Depuis cette date nous ne vendons que de cannabis et d&#039;accessoires pour fumeurs.\" \/>\n<meta property=\"og:url\" content=\"https:\/\/www.theborder.nl\/geschiedenis\/\" \/>\n<meta property=\"og:site_name\" content=\"The Border\" \/>\n<meta property=\"article:publisher\" content=\"https:\/\/www.facebook.com\/theborderamsterdam\/\" \/>\n<meta property=\"article:modified_time\" content=\"2020-01-20T20:06:12+00:00\" \/>\n<meta name=\"twitter:card\" content=\"summary_large_image\" \/>\n<meta name=\"twitter:label1\" content=\"Dur\u00e9e de lecture estim\u00e9e\" \/>\n\t<meta name=\"twitter:data1\" content=\"8 minutes\" \/>\n<!-- \/ Yoast SEO plugin. -->","yoast_head_json":{"title":"Histoire - The Border","description":"L'histoire du shop a commenc\u00e9 en 1992, \u00e0 la fronti\u00e8re d'Amstelveen et \u00e0 c\u00f4t\u00e9 de l'Amsterdamse bos (Bois d'Amsterdam). En 2001, nous avons \u00e9t\u00e9 un des premiers \u00e0 arr\u00eater la vente d'alcool. Depuis cette date nous ne vendons que de cannabis et d'accessoires pour fumeurs.","robots":{"index":"index","follow":"follow","max-snippet":"max-snippet:-1","max-image-preview":"max-image-preview:large","max-video-preview":"max-video-preview:-1"},"canonical":"https:\/\/www.theborder.nl\/geschiedenis\/","og_locale":"fr_FR","og_type":"article","og_title":"Histoire - The Border","og_description":"L'histoire du shop a commenc\u00e9 en 1992, \u00e0 la fronti\u00e8re d'Amstelveen et \u00e0 c\u00f4t\u00e9 de l'Amsterdamse bos (Bois d'Amsterdam). En 2001, nous avons \u00e9t\u00e9 un des premiers \u00e0 arr\u00eater la vente d'alcool. Depuis cette date nous ne vendons que de cannabis et d'accessoires pour fumeurs.","og_url":"https:\/\/www.theborder.nl\/geschiedenis\/","og_site_name":"The Border","article_publisher":"https:\/\/www.facebook.com\/theborderamsterdam\/","article_modified_time":"2020-01-20T20:06:12+00:00","twitter_card":"summary_large_image","twitter_misc":{"Dur\u00e9e de lecture estim\u00e9e":"8 minutes"},"schema":{"@context":"https:\/\/schema.org","@graph":[{"@type":"WebPage","@id":"https:\/\/www.theborder.nl\/geschiedenis\/","url":"https:\/\/www.theborder.nl\/geschiedenis\/","name":"Histoire - The Border","isPartOf":{"@id":"https:\/\/www.theborder.nl\/#website"},"datePublished":"2017-04-21T12:52:17+00:00","dateModified":"2020-01-20T20:06:12+00:00","description":"L'histoire du shop a commenc\u00e9 en 1992, \u00e0 la fronti\u00e8re d'Amstelveen et \u00e0 c\u00f4t\u00e9 de l'Amsterdamse bos (Bois d'Amsterdam). En 2001, nous avons \u00e9t\u00e9 un des premiers \u00e0 arr\u00eater la vente d'alcool. Depuis cette date nous ne vendons que de cannabis et d'accessoires pour fumeurs.","breadcrumb":{"@id":"https:\/\/www.theborder.nl\/geschiedenis\/#breadcrumb"},"inLanguage":"fr-FR","potentialAction":[{"@type":"ReadAction","target":["https:\/\/www.theborder.nl\/geschiedenis\/"]}]},{"@type":"BreadcrumbList","@id":"https:\/\/www.theborder.nl\/geschiedenis\/#breadcrumb","itemListElement":[{"@type":"ListItem","position":1,"name":"Home","item":"https:\/\/www.theborder.nl\/fr\/"},{"@type":"ListItem","position":2,"name":"Histoire"}]},{"@type":"WebSite","@id":"https:\/\/www.theborder.nl\/#website","url":"https:\/\/www.theborder.nl\/","name":"The Border","description":"Coffeeshop Amsterdam","publisher":{"@id":"https:\/\/www.theborder.nl\/#organization"},"potentialAction":[{"@type":"SearchAction","target":{"@type":"EntryPoint","urlTemplate":"https:\/\/www.theborder.nl\/?s={search_term_string}"},"query-input":{"@type":"PropertyValueSpecification","valueRequired":true,"valueName":"search_term_string"}}],"inLanguage":"fr-FR"},{"@type":"Organization","@id":"https:\/\/www.theborder.nl\/#organization","name":"The Border","url":"https:\/\/www.theborder.nl\/","logo":{"@type":"ImageObject","inLanguage":"fr-FR","@id":"https:\/\/www.theborder.nl\/#\/schema\/logo\/image\/","url":"https:\/\/www.theborder.nl\/wp-content\/uploads\/2020\/02\/Logo.png","contentUrl":"https:\/\/www.theborder.nl\/wp-content\/uploads\/2020\/02\/Logo.png","width":512,"height":512,"caption":"The Border"},"image":{"@id":"https:\/\/www.theborder.nl\/#\/schema\/logo\/image\/"},"sameAs":["https:\/\/www.facebook.com\/theborderamsterdam\/","https:\/\/www.instagram.com\/theborderamsterdam\/"]}]}},"_links":{"self":[{"href":"https:\/\/www.theborder.nl\/fr\/wp-json\/wp\/v2\/pages\/3776","targetHints":{"allow":["GET"]}}],"collection":[{"href":"https:\/\/www.theborder.nl\/fr\/wp-json\/wp\/v2\/pages"}],"about":[{"href":"https:\/\/www.theborder.nl\/fr\/wp-json\/wp\/v2\/types\/page"}],"author":[{"embeddable":true,"href":"https:\/\/www.theborder.nl\/fr\/wp-json\/wp\/v2\/users\/1"}],"replies":[{"embeddable":true,"href":"https:\/\/www.theborder.nl\/fr\/wp-json\/wp\/v2\/comments?post=3776"}],"version-history":[{"count":6,"href":"https:\/\/www.theborder.nl\/fr\/wp-json\/wp\/v2\/pages\/3776\/revisions"}],"predecessor-version":[{"id":5676,"href":"https:\/\/www.theborder.nl\/fr\/wp-json\/wp\/v2\/pages\/3776\/revisions\/5676"}],"wp:attachment":[{"href":"https:\/\/www.theborder.nl\/fr\/wp-json\/wp\/v2\/media?parent=3776"}],"curies":[{"name":"wp","href":"https:\/\/api.w.org\/{rel}","templated":true}]}}