{"id":3865,"date":"2018-04-23T15:38:56","date_gmt":"2018-04-23T15:38:56","guid":{"rendered":"https:\/\/www.theborder.nl\/contact\/"},"modified":"2021-11-15T15:51:55","modified_gmt":"2021-11-15T15:51:55","slug":"contacto","status":"publish","type":"page","link":"https:\/\/www.theborder.nl\/es\/contacto\/","title":{"rendered":"Contacto"},"content":{"rendered":"<div  class=\"tatsu-SybULcuXbU tatsu-section    tatsu-clearfix\" data-title=\"\"  data-headerscheme=\"background--dark\"><div class='tatsu-section-pad clearfix' data-padding='{\"d\":\"0px 0px 0px 0px\"}' data-padding-top='0px'><div class=\"tatsu-row-wrap  tatsu-wrap tatsu-row-one-col tatsu-row-has-one-cols tatsu-medium-gutter tatsu-reg-cols  tatsu-clearfix tatsu-B1gLUc_X-U\" ><div  class=\"tatsu-row \" ><div  class=\"tatsu-column  tatsu-column-no-bg tatsu-one-col tatsu-column-image-none tatsu-column-effect-none  tatsu-B18I9dX-U\"  data-parallax-speed=\"0\" style=\"\"><div class=\"tatsu-column-inner \" ><div class=\"tatsu-column-pad-wrap\"><div class=\"tatsu-column-pad\" ><div  class=\"special-heading-wrap style1 oshine-module  tatsu-Hygv5uQWL  \" ><div class=\"special-heading align-center\"><h1 class=\"special-h-tag\" >Contacto<\/h1><div class=\"sep-with-icon-wrap margin-bottom\"><span class=\"sep-with-icon\" ><\/span><i class=\"sep-icon font-icon oshine_diamond\"><\/i><span class=\"sep-with-icon\" ><\/span><\/div><\/div><style>.tatsu-Hygv5uQWL .sep-icon.oshine_diamond{background: #5bad46;}.tatsu-Hygv5uQWL .sep-with-icon{height: 1px;width: 20px;background: #efefef;}<\/style><\/div><\/div><\/div><div class = \"tatsu-column-bg-image-wrap\"><div class = \"tatsu-column-bg-image\" ><\/div><\/div><\/div><style>.tatsu-row > .tatsu-B18I9dX-U.tatsu-column{width: 100%;}.tatsu-B18I9dX-U.tatsu-column > .tatsu-column-inner > .tatsu-column-overlay{mix-blend-mode: none;}.tatsu-B18I9dX-U > .tatsu-column-inner > .tatsu-top-divider{z-index: 9999;}.tatsu-B18I9dX-U > .tatsu-column-inner > .tatsu-bottom-divider{z-index: 9999;}.tatsu-B18I9dX-U > .tatsu-column-inner > .tatsu-left-divider{z-index: 9999;}.tatsu-B18I9dX-U > .tatsu-column-inner > .tatsu-right-divider{z-index: 9999;}@media only screen and (max-width:1377px) {.tatsu-row > .tatsu-B18I9dX-U.tatsu-column{width: 100%;}}@media only screen and (min-width:768px) and (max-width: 1024px) {.tatsu-row > .tatsu-B18I9dX-U.tatsu-column{width: 100%;}}@media only screen and (max-width: 767px) {.tatsu-row > .tatsu-B18I9dX-U.tatsu-column{width: 100%;}}<\/style><\/div><\/div><\/div><\/div><div class=\"tatsu-section-background-wrap\"><div class = \"tatsu-section-background\" ><\/div><\/div><style>.tatsu-SybULcuXbU > .tatsu-bottom-divider{z-index: 9999;}.tatsu-SybULcuXbU > .tatsu-top-divider{z-index: 9999;}<\/style><\/div><div  class=\"tatsu-g112jfbct5apa5ph tatsu-section    tatsu-clearfix\" data-title=\"\"  data-headerscheme=\"background--dark\"><div class='tatsu-section-pad clearfix' data-padding='{\"d\":\"45px 0px 90px 0px\"}' data-padding-top='45px'><div class=\"tatsu-row-wrap  tatsu-wrap tatsu-row-has-three-cols tatsu-medium-gutter tatsu-reg-cols  tatsu-clearfix tatsu-g112jfbcw12qxhpq\" ><div  class=\"tatsu-row \" ><div  class=\"tatsu-column  tatsu-column-no-bg tatsu-one-third tatsu-column-image-none tatsu-column-effect-none  tatsu-g112jfbd026b7ynx\"  data-parallax-speed=\"0\" style=\"\"><div class=\"tatsu-column-inner \" ><div class=\"tatsu-column-pad-wrap\"><div class=\"tatsu-column-pad\" ><div  class=\"tatsu-module tatsu-title-icon  tatsu-g112jfbd297z3f4l  \" ><span class=\"tatsu-ti-wrap tatsu-ti medium plain align-left\" ><i class=\"icon-icon_mail tatsu-ti tatsu-ti-icon\"><\/i><\/span><div class=\"tatsu-tc tatsu-tc-custom-space align-left medium plain\">\n<h6>Escr\u00edbenos<\/h6>\n<p><a href=\"mailto:info@theborder.nl\">info@www.theborder.nl<\/a><\/p>\n<\/div><style>.tatsu-g112jfbd297z3f4l .tatsu-ti-icon{color: #5bad46 ;}<\/style><\/div><div  class=\"tatsu-module tatsu-title-icon  tatsu-g112jfbfjqypyyn  \" ><span class=\"tatsu-ti-wrap tatsu-ti medium plain align-left\" ><i class=\"icon-call tatsu-ti tatsu-ti-icon\"><\/i><\/span><div class=\"tatsu-tc tatsu-tc-custom-space align-left medium plain\">\n<h6>Ll\u00e1manos<\/h6>\n<p><a href=\"tel:+31206420681\">+31 20 642 0681<\/a><\/p>\n<\/div><style>.tatsu-g112jfbfjqypyyn .tatsu-ti-icon{color: #5bad46 ;}<\/style><\/div><\/div><\/div><div class = \"tatsu-column-bg-image-wrap\"><div class = \"tatsu-column-bg-image\" ><\/div><\/div><\/div><style>.tatsu-row > .tatsu-g112jfbd026b7ynx.tatsu-column{width: 33.33%;}.tatsu-g112jfbd026b7ynx.tatsu-column > .tatsu-column-inner > .tatsu-column-overlay{mix-blend-mode: none;}.tatsu-g112jfbd026b7ynx > .tatsu-column-inner > .tatsu-top-divider{z-index: 9999;}.tatsu-g112jfbd026b7ynx > .tatsu-column-inner > .tatsu-bottom-divider{z-index: 9999;}.tatsu-g112jfbd026b7ynx > .tatsu-column-inner > .tatsu-left-divider{z-index: 9999;}.tatsu-g112jfbd026b7ynx > .tatsu-column-inner > .tatsu-right-divider{z-index: 9999;}@media only screen and (max-width: 767px) {.tatsu-row > .tatsu-g112jfbd026b7ynx.tatsu-column{width: 100%;}}<\/style><\/div><div  class=\"tatsu-column  tatsu-column-no-bg tatsu-one-third tatsu-column-image-none tatsu-column-effect-none  tatsu-g112jfbfyf7ag1wi\"  data-parallax-speed=\"0\" style=\"\"><div class=\"tatsu-column-inner \" ><div class=\"tatsu-column-pad-wrap\"><div class=\"tatsu-column-pad\" ><div  class=\"tatsu-module tatsu-title-icon  tatsu-g112jfbg0la53ngu  \" ><span class=\"tatsu-ti-wrap tatsu-ti medium plain align-left\" ><i class=\"icon-cart2 tatsu-ti tatsu-ti-icon\"><\/i><\/span><div class=\"tatsu-tc tatsu-tc-custom-space align-left medium plain\">\n<h6>Aceptamos:<\/h6>\n<p><img loading=\"lazy\" decoding=\"async\" class=\"alignnone size-full wp-image-3678\" src=\"https:\/\/www.theborder.nl\/wp-content\/uploads\/2018\/04\/betaal-met.png\" alt=\"\" width=\"200\" height=\"41\" \/><\/p>\n<\/div><style>.tatsu-g112jfbg0la53ngu .tatsu-ti-icon{color: #5bad46 ;}<\/style><\/div><\/div><\/div><div class = \"tatsu-column-bg-image-wrap\"><div class = \"tatsu-column-bg-image\" ><\/div><\/div><\/div><style>.tatsu-row > .tatsu-g112jfbfyf7ag1wi.tatsu-column{width: 33.33%;}.tatsu-g112jfbfyf7ag1wi.tatsu-column > .tatsu-column-inner > .tatsu-column-overlay{mix-blend-mode: none;}.tatsu-g112jfbfyf7ag1wi > .tatsu-column-inner > .tatsu-top-divider{z-index: 9999;}.tatsu-g112jfbfyf7ag1wi > .tatsu-column-inner > .tatsu-bottom-divider{z-index: 9999;}.tatsu-g112jfbfyf7ag1wi > .tatsu-column-inner > .tatsu-left-divider{z-index: 9999;}.tatsu-g112jfbfyf7ag1wi > .tatsu-column-inner > .tatsu-right-divider{z-index: 9999;}@media only screen and (max-width: 767px) {.tatsu-row > .tatsu-g112jfbfyf7ag1wi.tatsu-column{width: 100%;}}<\/style><\/div><div  class=\"tatsu-column  tatsu-column-no-bg tatsu-one-third tatsu-column-image-none tatsu-column-effect-none  tatsu-g112jfbgty1iqwdx\"  data-parallax-speed=\"0\" style=\"\"><div class=\"tatsu-column-inner \" ><div class=\"tatsu-column-pad-wrap\"><div class=\"tatsu-column-pad\" ><div  class=\"tatsu-module tatsu-title-icon  tatsu-g112jfbgw339lcdy  \" ><span class=\"tatsu-ti-wrap tatsu-ti medium plain align-left\" ><i class=\"icon-icon_clock tatsu-ti tatsu-ti-icon\"><\/i><\/span><div class=\"tatsu-tc tatsu-tc-custom-space align-left medium plain\">\n<h6>Horario de apertura\u00a0<\/h6>\n<p>daily from 08:00 until 01:00<\/p>\n<\/div><style>.tatsu-g112jfbgw339lcdy .tatsu-ti-icon{color: #5bad46 ;}<\/style><\/div><\/div><\/div><div class = \"tatsu-column-bg-image-wrap\"><div class = \"tatsu-column-bg-image\" ><\/div><\/div><\/div><style>.tatsu-row > .tatsu-g112jfbgty1iqwdx.tatsu-column{width: 33.33%;}.tatsu-g112jfbgty1iqwdx.tatsu-column > .tatsu-column-inner > .tatsu-column-overlay{mix-blend-mode: none;}.tatsu-g112jfbgty1iqwdx > .tatsu-column-inner > .tatsu-top-divider{z-index: 9999;}.tatsu-g112jfbgty1iqwdx > .tatsu-column-inner > .tatsu-bottom-divider{z-index: 9999;}.tatsu-g112jfbgty1iqwdx > .tatsu-column-inner > .tatsu-left-divider{z-index: 9999;}.tatsu-g112jfbgty1iqwdx > .tatsu-column-inner > .tatsu-right-divider{z-index: 9999;}@media only screen and (max-width: 767px) {.tatsu-row > .tatsu-g112jfbgty1iqwdx.tatsu-column{width: 100%;}}<\/style><\/div><\/div><\/div><div class=\"tatsu-row-wrap  tatsu-wrap tatsu-row-has-two-cols tatsu-medium-gutter tatsu-reg-cols  tatsu-clearfix tatsu-g112jfbha3erd5u0\" ><div  class=\"tatsu-row \" ><div  class=\"tatsu-column  tatsu-column-no-bg tatsu-one-third tatsu-column-image-none tatsu-column-effect-none  tatsu-g112jfbhdperqlvb\"  data-parallax-speed=\"0\" style=\"\"><div class=\"tatsu-column-inner \" ><div class=\"tatsu-column-pad-wrap\"><div class=\"tatsu-column-pad\" ><div  class=\"tatsu-module tatsu-title-icon  tatsu-animate tatsu-g112jfbhfqf5xdmd  \" data-animation=\"fadeIn\"  ><span class=\"tatsu-ti-wrap tatsu-ti medium plain align-left\" ><i class=\"icon-icon_pin tatsu-ti tatsu-ti-icon\"><\/i><\/span><div class=\"tatsu-tc tatsu-tc-custom-space align-left medium plain\">\n<h6>Direcci\u00f3n\u00a0<\/h6>\n<p>Amstelveenseweg 1160<br \/> 1081 JW Amsterdam<\/p>\n<\/div><style>.tatsu-g112jfbhfqf5xdmd .tatsu-ti-icon{color: #5bad46 ;}<\/style><\/div><div  class=\"tatsu-module tatsu-call-to-action tatsu-clearfix  tatsu-g112jfbhse5ngxj7  \" ><div class=\"tatsu-cta-inner\"><h5 class=\"tatsu-action-content\" >C\u00f3mo llegar?<\/h5><a class=\"mediumbtn tatsu-button rounded tatsu-action-button   \" href=\"https:\/\/goo.gl\/maps\/PDJFcxqNDE72\" data-gdpr-atts={} target=\"_blank\"><span>Get directions now<\/span><\/a><style>.tatsu-g112jfbhse5ngxj7.tatsu-call-to-action{background-color: #5bad46;}.tatsu-g112jfbhse5ngxj7 .tatsu-action-content{color: #ffffff ;}.tatsu-g112jfbhse5ngxj7 .tatsu-action-button:hover{background: #ffffff;border-color: #ffffff; }.tatsu-g112jfbhse5ngxj7 .tatsu-action-button span{color: #ffffff ;}.tatsu-g112jfbhse5ngxj7 .tatsu-action-button:hover span{color: #5bad46 ;}.tatsu-g112jfbhse5ngxj7 .tatsu-action-button{border-width: 1px;border-color: #ffffff; }<\/style><\/div><\/div><\/div><\/div><div class = \"tatsu-column-bg-image-wrap\"><div class = \"tatsu-column-bg-image\" ><\/div><\/div><\/div><style>.tatsu-row > .tatsu-g112jfbhdperqlvb.tatsu-column{width: 33.33%;}.tatsu-g112jfbhdperqlvb.tatsu-column > .tatsu-column-inner > .tatsu-column-overlay{mix-blend-mode: none;}.tatsu-g112jfbhdperqlvb > .tatsu-column-inner > .tatsu-top-divider{z-index: 9999;}.tatsu-g112jfbhdperqlvb > .tatsu-column-inner > .tatsu-bottom-divider{z-index: 9999;}.tatsu-g112jfbhdperqlvb > .tatsu-column-inner > .tatsu-left-divider{z-index: 9999;}.tatsu-g112jfbhdperqlvb > .tatsu-column-inner > .tatsu-right-divider{z-index: 9999;}@media only screen and (max-width: 767px) {.tatsu-row > .tatsu-g112jfbhdperqlvb.tatsu-column{width: 100%;}}<\/style><\/div><div  class=\"tatsu-column  tatsu-column-no-bg tatsu-two-third tatsu-column-image-none tatsu-column-effect-none  tatsu-g112jfbibycrbvik\"  data-parallax-speed=\"0\" style=\"\"><div class=\"tatsu-column-inner \" ><div class=\"tatsu-column-pad-wrap\"><div class=\"tatsu-column-pad\" ><div  class=\"tatsu-module tatsu-gmap-wrapper be-gdpr-consent-required tatsu-g112jfbie3e2jp0c   \" data-gdpr-concern=\"gmaps\" ><div class=\"tatsu-gmap map_960\" data-address=\"amstelveenseweg 1160 amsterdam\" data-zoom=\"14\" data-latitude=\"52.321991\" data-longitude=\"4.857060\" data-marker=\"\" data-style=\"standard\"><\/div><style>.tatsu-g112jfbie3e2jp0c{height: 300px;}<\/style><\/div><\/div><\/div><div class = \"tatsu-column-bg-image-wrap\"><div class = \"tatsu-column-bg-image\" ><\/div><\/div><\/div><style>.tatsu-row > .tatsu-g112jfbibycrbvik.tatsu-column{width: 66.67%;}.tatsu-g112jfbibycrbvik.tatsu-column > .tatsu-column-inner > .tatsu-column-overlay{mix-blend-mode: none;}.tatsu-g112jfbibycrbvik > .tatsu-column-inner > .tatsu-top-divider{z-index: 9999;}.tatsu-g112jfbibycrbvik > .tatsu-column-inner > .tatsu-bottom-divider{z-index: 9999;}.tatsu-g112jfbibycrbvik > .tatsu-column-inner > .tatsu-left-divider{z-index: 9999;}.tatsu-g112jfbibycrbvik > .tatsu-column-inner > .tatsu-right-divider{z-index: 9999;}@media only screen and (max-width: 767px) {.tatsu-row > .tatsu-g112jfbibycrbvik.tatsu-column{width: 100%;}}<\/style><\/div><\/div><\/div><\/div><div class=\"tatsu-section-background-wrap\"><div class = \"tatsu-section-background\" ><\/div><\/div><style>.tatsu-g112jfbct5apa5ph .tatsu-section-pad{padding: 45px 0px 90px 0px;}.tatsu-g112jfbct5apa5ph > .tatsu-bottom-divider{z-index: 9999;}.tatsu-g112jfbct5apa5ph > .tatsu-top-divider{z-index: 9999;}<\/style><\/div>\n","protected":false},"excerpt":{"rendered":"<p><a href=\"https:\/\/www.theborder.nl\/es\/contacto\/\" class=\"more-link style2-button\">Read More<\/a><\/p>","protected":false},"author":1,"featured_media":0,"parent":0,"menu_order":0,"comment_status":"closed","ping_status":"closed","template":"","meta":{"footnotes":""},"class_list":["post-3865","page","type-page","status-publish","hentry"],"yoast_head":"<!-- This site is optimized with the Yoast SEO plugin v27.1.1 - https:\/\/yoast.com\/product\/yoast-seo-wordpress\/ -->\n<title>Contacto - The Border<\/title>\n<meta name=\"description\" content=\"Coffeeshop The Border. Amstelveenseweg 1160, 1081 JW \u00c1msterdam (cerca del parque Amsterdamse Bos). N\u00fam. Tel. +31 20 642 0681, Correo electr\u00f3nico: info@www.theborder.nl Aceptamos tarjetas de cr\u00e9dito: VISA, Maestro, MasterCard.\u00a0 Horario de apertura: todos los d\u00edas de 08:00 a 01:00. Estamos en un lugar muy accesible en coche\" \/>\n<meta name=\"robots\" content=\"index, follow, max-snippet:-1, max-image-preview:large, max-video-preview:-1\" \/>\n<link rel=\"canonical\" href=\"https:\/\/www.theborder.nl\/contact\/\" \/>\n<meta property=\"og:locale\" content=\"es_ES\" \/>\n<meta property=\"og:type\" content=\"article\" \/>\n<meta property=\"og:title\" content=\"Contacto - The Border\" \/>\n<meta property=\"og:description\" content=\"Coffeeshop The Border. Amstelveenseweg 1160, 1081 JW \u00c1msterdam (cerca del parque Amsterdamse Bos). N\u00fam. Tel. +31 20 642 0681, Correo electr\u00f3nico: info@www.theborder.nl Aceptamos tarjetas de cr\u00e9dito: VISA, Maestro, MasterCard.\u00a0 Horario de apertura: todos los d\u00edas de 08:00 a 01:00. Estamos en un lugar muy accesible en coche\" \/>\n<meta property=\"og:url\" content=\"https:\/\/www.theborder.nl\/contact\/\" \/>\n<meta property=\"og:site_name\" content=\"The Border\" \/>\n<meta property=\"article:publisher\" content=\"https:\/\/www.facebook.com\/theborderamsterdam\/\" \/>\n<meta property=\"article:modified_time\" content=\"2021-11-15T15:51:55+00:00\" \/>\n<meta property=\"og:image\" content=\"https:\/\/www.theborder.nl\/wp-content\/uploads\/2018\/04\/betaal-met.png\" \/>\n<meta name=\"twitter:card\" content=\"summary_large_image\" \/>\n<meta name=\"twitter:label1\" content=\"Tiempo de lectura\" \/>\n\t<meta name=\"twitter:data1\" content=\"14 minutos\" \/>\n<!-- \/ Yoast SEO plugin. -->","yoast_head_json":{"title":"Contacto - The Border","description":"Coffeeshop The Border. Amstelveenseweg 1160, 1081 JW \u00c1msterdam (cerca del parque Amsterdamse Bos). N\u00fam. Tel. +31 20 642 0681, Correo electr\u00f3nico: info@www.theborder.nl Aceptamos tarjetas de cr\u00e9dito: VISA, Maestro, MasterCard.\u00a0 Horario de apertura: todos los d\u00edas de 08:00 a 01:00. Estamos en un lugar muy accesible en coche","robots":{"index":"index","follow":"follow","max-snippet":"max-snippet:-1","max-image-preview":"max-image-preview:large","max-video-preview":"max-video-preview:-1"},"canonical":"https:\/\/www.theborder.nl\/contact\/","og_locale":"es_ES","og_type":"article","og_title":"Contacto - The Border","og_description":"Coffeeshop The Border. Amstelveenseweg 1160, 1081 JW \u00c1msterdam (cerca del parque Amsterdamse Bos). N\u00fam. Tel. +31 20 642 0681, Correo electr\u00f3nico: info@www.theborder.nl Aceptamos tarjetas de cr\u00e9dito: VISA, Maestro, MasterCard.\u00a0 Horario de apertura: todos los d\u00edas de 08:00 a 01:00. Estamos en un lugar muy accesible en coche","og_url":"https:\/\/www.theborder.nl\/contact\/","og_site_name":"The Border","article_publisher":"https:\/\/www.facebook.com\/theborderamsterdam\/","article_modified_time":"2021-11-15T15:51:55+00:00","og_image":[{"url":"https:\/\/www.theborder.nl\/wp-content\/uploads\/2018\/04\/betaal-met.png","type":"","width":"","height":""}],"twitter_card":"summary_large_image","twitter_misc":{"Tiempo de lectura":"14 minutos"},"schema":{"@context":"https:\/\/schema.org","@graph":[{"@type":"WebPage","@id":"https:\/\/www.theborder.nl\/contact\/","url":"https:\/\/www.theborder.nl\/contact\/","name":"Contacto - The Border","isPartOf":{"@id":"https:\/\/www.theborder.nl\/#website"},"primaryImageOfPage":{"@id":"https:\/\/www.theborder.nl\/contact\/#primaryimage"},"image":{"@id":"https:\/\/www.theborder.nl\/contact\/#primaryimage"},"thumbnailUrl":"https:\/\/www.theborder.nl\/wp-content\/uploads\/2018\/04\/betaal-met.png","datePublished":"2018-04-23T15:38:56+00:00","dateModified":"2021-11-15T15:51:55+00:00","description":"Coffeeshop The Border. Amstelveenseweg 1160, 1081 JW \u00c1msterdam (cerca del parque Amsterdamse Bos). N\u00fam. Tel. +31 20 642 0681, Correo electr\u00f3nico: info@www.theborder.nl Aceptamos tarjetas de cr\u00e9dito: VISA, Maestro, MasterCard.\u00a0 Horario de apertura: todos los d\u00edas de 08:00 a 01:00. Estamos en un lugar muy accesible en coche","breadcrumb":{"@id":"https:\/\/www.theborder.nl\/contact\/#breadcrumb"},"inLanguage":"es","potentialAction":[{"@type":"ReadAction","target":["https:\/\/www.theborder.nl\/contact\/"]}]},{"@type":"ImageObject","inLanguage":"es","@id":"https:\/\/www.theborder.nl\/contact\/#primaryimage","url":"https:\/\/www.theborder.nl\/wp-content\/uploads\/2018\/04\/betaal-met.png","contentUrl":"https:\/\/www.theborder.nl\/wp-content\/uploads\/2018\/04\/betaal-met.png"},{"@type":"BreadcrumbList","@id":"https:\/\/www.theborder.nl\/contact\/#breadcrumb","itemListElement":[{"@type":"ListItem","position":1,"name":"Home","item":"https:\/\/www.theborder.nl\/es\/"},{"@type":"ListItem","position":2,"name":"Contacto"}]},{"@type":"WebSite","@id":"https:\/\/www.theborder.nl\/#website","url":"https:\/\/www.theborder.nl\/","name":"The Border","description":"Coffeeshop Amsterdam","publisher":{"@id":"https:\/\/www.theborder.nl\/#organization"},"potentialAction":[{"@type":"SearchAction","target":{"@type":"EntryPoint","urlTemplate":"https:\/\/www.theborder.nl\/?s={search_term_string}"},"query-input":{"@type":"PropertyValueSpecification","valueRequired":true,"valueName":"search_term_string"}}],"inLanguage":"es"},{"@type":"Organization","@id":"https:\/\/www.theborder.nl\/#organization","name":"The Border","url":"https:\/\/www.theborder.nl\/","logo":{"@type":"ImageObject","inLanguage":"es","@id":"https:\/\/www.theborder.nl\/#\/schema\/logo\/image\/","url":"https:\/\/www.theborder.nl\/wp-content\/uploads\/2020\/02\/Logo.png","contentUrl":"https:\/\/www.theborder.nl\/wp-content\/uploads\/2020\/02\/Logo.png","width":512,"height":512,"caption":"The Border"},"image":{"@id":"https:\/\/www.theborder.nl\/#\/schema\/logo\/image\/"},"sameAs":["https:\/\/www.facebook.com\/theborderamsterdam\/","https:\/\/www.instagram.com\/theborderamsterdam\/"]}]}},"_links":{"self":[{"href":"https:\/\/www.theborder.nl\/es\/wp-json\/wp\/v2\/pages\/3865","targetHints":{"allow":["GET"]}}],"collection":[{"href":"https:\/\/www.theborder.nl\/es\/wp-json\/wp\/v2\/pages"}],"about":[{"href":"https:\/\/www.theborder.nl\/es\/wp-json\/wp\/v2\/types\/page"}],"author":[{"embeddable":true,"href":"https:\/\/www.theborder.nl\/es\/wp-json\/wp\/v2\/users\/1"}],"replies":[{"embeddable":true,"href":"https:\/\/www.theborder.nl\/es\/wp-json\/wp\/v2\/comments?post=3865"}],"version-history":[{"count":10,"href":"https:\/\/www.theborder.nl\/es\/wp-json\/wp\/v2\/pages\/3865\/revisions"}],"predecessor-version":[{"id":7516,"href":"https:\/\/www.theborder.nl\/es\/wp-json\/wp\/v2\/pages\/3865\/revisions\/7516"}],"wp:attachment":[{"href":"https:\/\/www.theborder.nl\/es\/wp-json\/wp\/v2\/media?parent=3865"}],"curies":[{"name":"wp","href":"https:\/\/api.w.org\/{rel}","templated":true}]}}