{"id":3828,"date":"2018-04-23T15:26:36","date_gmt":"2018-04-23T15:26:36","guid":{"rendered":"https:\/\/www.theborder.nl\/house-rules\/"},"modified":"2020-06-24T11:04:37","modified_gmt":"2020-06-24T11:04:37","slug":"relgamento","status":"publish","type":"page","link":"https:\/\/www.theborder.nl\/es\/relgamento\/","title":{"rendered":"Relgamento"},"content":{"rendered":"<div  class=\"tatsu-icnb2wl4b5ekslmj tatsu-section    tatsu-clearfix\" data-title=\"\"  data-headerscheme=\"background--dark\"><div class='tatsu-section-pad clearfix' data-padding='90px 0px 90px 0px' data-padding-top='90px'><div class=\"tatsu-row-wrap  tatsu-wrap tatsu-row-one-col tatsu-row-has-one-cols tatsu-medium-gutter tatsu-reg-cols  tatsu-clearfix tatsu-icnb2wl5163bzv3q\" ><div  class=\"tatsu-row \" ><div  class=\"tatsu-column  tatsu-column-no-bg tatsu-one-col tatsu-column-image- tatsu-column-effect-  tatsu-icnb2wl57haz67w8\" data-animation=\"fadeIn\"   data-parallax-speed=\"0\" style=\"\"><div class=\"tatsu-column-inner \" ><div class=\"tatsu-column-pad-wrap\"><div class=\"tatsu-column-pad\" ><div  class=\"special-heading-wrap style1 oshine-module  tatsu-icnb2wl5hjaxgduf  \" data-animation=\"fadeIn\"  ><div class=\"special-heading align-center\"><h1 class=\"special-h-tag\" >REGLAMENTO<\/h1><div class=\"sub-title margin-bottom  special-subtitle\">\n<p>The Border est\u00e1 abierto a todos. Y as\u00ed es como queremos seguir haci\u00e9ndolo. Por eso contamos con una serie de normas.<\/p>\n<\/div><div class=\"sep-with-icon-wrap margin-bottom\"><span class=\"sep-with-icon\" ><\/span><i class=\"sep-icon font-icon oshine_diamond\"><\/i><span class=\"sep-with-icon\" ><\/span><\/div><\/div><style>.tatsu-icnb2wl5hjaxgduf .sep-icon.oshine_diamond{background: #5bad46;}.tatsu-icnb2wl5hjaxgduf .sep-with-icon{height: 1px;width: 20px;background: #efefef;}<\/style><\/div><\/div><\/div><div class = \"tatsu-column-bg-image-wrap\"><div class = \"tatsu-column-bg-image\" ><\/div><\/div><\/div><style>.tatsu-icnb2wl57haz67w8.tatsu-column > .tatsu-column-inner > .tatsu-column-pad-wrap > .tatsu-column-pad{padding: 0px 0px 0px 0px;}.tatsu-icnb2wl57haz67w8.tatsu-column > .tatsu-column-inner > .tatsu-column-overlay{mix-blend-mode: none;}.tatsu-icnb2wl57haz67w8 > .tatsu-column-inner > .tatsu-top-divider{z-index: 9999;}.tatsu-icnb2wl57haz67w8 > .tatsu-column-inner > .tatsu-bottom-divider{z-index: 9999;}.tatsu-icnb2wl57haz67w8 > .tatsu-column-inner > .tatsu-left-divider{z-index: 9999;}.tatsu-icnb2wl57haz67w8 > .tatsu-column-inner > .tatsu-right-divider{z-index: 9999;}.tatsu-icnb2wl57haz67w8.tatsu-column{transform: translate3d(0px,0px, 0);}<\/style><\/div><\/div><\/div><div class=\"tatsu-row-wrap  tatsu-wrap tatsu-row-has-two-cols tatsu-medium-gutter tatsu-reg-cols  tatsu-clearfix tatsu-icnb2wl5lv8ukphg\" ><div  class=\"tatsu-row \" ><div  class=\"tatsu-column  tatsu-column-no-bg tatsu-one-third tatsu-column-image- tatsu-column-effect-  tatsu-icnb2wl5r7e4ihit\" data-animation=\"fadeIn\"   data-parallax-speed=\"0\" style=\"\"><div class=\"tatsu-column-inner \" ><div class=\"tatsu-column-pad-wrap\"><div class=\"tatsu-column-pad\" ><div  class=\"tatsu-module tatsu-normal-icon tatsu-icon-shortcode align-center tatsu-icnb2wl5yh1jk7ty   \"><style>.tatsu-icnb2wl5yh1jk7ty .tatsu-icon{color: #5bad46 ;}<\/style><a href=\"#\"  class=\"tatsu-icon-wrap diamond     \" data-animation=\"fadeIn\"   aria-label=\"icon-happy\" data-gdpr-atts={}   ><i class=\"tatsu-icon tatsu-custom-icon tatsu-custom-icon-class icon-happy xlarge diamond\"  data-animation=\"fadeIn\" data-animation-delay=\"0\"><\/i><\/a><\/div><\/div><\/div><div class = \"tatsu-column-bg-image-wrap\"><div class = \"tatsu-column-bg-image\" ><\/div><\/div><\/div><style>.tatsu-icnb2wl5r7e4ihit.tatsu-column > .tatsu-column-inner > .tatsu-column-pad-wrap > .tatsu-column-pad{padding: 0px 0px 0px 0px;}.tatsu-icnb2wl5r7e4ihit.tatsu-column > .tatsu-column-inner > .tatsu-column-overlay{mix-blend-mode: none;}.tatsu-icnb2wl5r7e4ihit > .tatsu-column-inner > .tatsu-top-divider{z-index: 9999;}.tatsu-icnb2wl5r7e4ihit > .tatsu-column-inner > .tatsu-bottom-divider{z-index: 9999;}.tatsu-icnb2wl5r7e4ihit > .tatsu-column-inner > .tatsu-left-divider{z-index: 9999;}.tatsu-icnb2wl5r7e4ihit > .tatsu-column-inner > .tatsu-right-divider{z-index: 9999;}.tatsu-icnb2wl5r7e4ihit.tatsu-column{transform: translate3d(0px,0px, 0);}<\/style><\/div><div  class=\"tatsu-column  tatsu-column-no-bg tatsu-two-third tatsu-column-image- tatsu-column-effect-  tatsu-icnb2wl62f6igj0a\" data-animation=\"fadeIn\"   data-parallax-speed=\"0\" style=\"\"><div class=\"tatsu-column-inner \" ><div class=\"tatsu-column-pad-wrap\"><div class=\"tatsu-column-pad\" ><div  class=\"tatsu-module tatsu-text-block-wrap tatsu-icnb2wl69snetua  \"><div class=\"tatsu-text-inner   clearfix\" data-animation=\"fadeIn\"  ><style>.tatsu-icnb2wl69snetua.tatsu-text-block-wrap .tatsu-text-inner{width: 100%;}<\/style>\n<ul>\n<li>Solo se permite el acceso a mayores de 18 a\u00f1os.<\/li>\n<li>Es obligatorio tener un documento de identidad (pasaporte, carnet de conducir o de identidad).<\/li>\n<li>Si alguien muestra un documento falso, damos parte a la polic\u00eda.<\/li>\n<li>No toleramos la reventa a menores de edad.<\/li>\n<li>Para evitar molestias a los vecinos, rogamos que no te quedes merodeando fuera de la tienda.<\/li>\n<li>Est\u00e1 prohibido fumar dentro.<\/li>\n<li>Est\u00e1 prohibida la posesi\u00f3n, uso y comercio de drogas duras y alcohol.<\/li>\n<li>No atendemos a gente que haya aparcado mal o que est\u00e9n causando molestias.<\/li>\n<li>Est\u00e1 prohibido comerciar con mercanc\u00eda robada.<\/li>\n<li>No montes \u00abjaleo\u00bb y recoge tus cosas.<\/li>\n<li>No toleramos ning\u00fan tipo de conducta agresiva.<\/li>\n<li>El personal se reserva el derecho a negarle la entrada a alguien y\/o a cachearlo.<\/li>\n<li><strong>Controlamos 24 horas al d\u00eda, siete d\u00edas a la semana la tienda y el terreno circundante por diferentes medios rigurosos. Si constatamos que alguien est\u00e1 alterando el orden p\u00fablico, molestando o incumpliendo nuestras normas, damos parte a la polic\u00eda. <\/strong><\/li>\n<\/ul>\n<\/div><\/div><\/div><\/div><div class = \"tatsu-column-bg-image-wrap\"><div class = \"tatsu-column-bg-image\" ><\/div><\/div><\/div><style>.tatsu-icnb2wl62f6igj0a.tatsu-column > .tatsu-column-inner > .tatsu-column-pad-wrap > .tatsu-column-pad{padding: 0px 0px 0px 0px;}.tatsu-icnb2wl62f6igj0a.tatsu-column > .tatsu-column-inner > .tatsu-column-overlay{mix-blend-mode: none;}.tatsu-icnb2wl62f6igj0a > .tatsu-column-inner > .tatsu-top-divider{z-index: 9999;}.tatsu-icnb2wl62f6igj0a > .tatsu-column-inner > .tatsu-bottom-divider{z-index: 9999;}.tatsu-icnb2wl62f6igj0a > .tatsu-column-inner > .tatsu-left-divider{z-index: 9999;}.tatsu-icnb2wl62f6igj0a > .tatsu-column-inner > .tatsu-right-divider{z-index: 9999;}.tatsu-icnb2wl62f6igj0a.tatsu-column{transform: translate3d(0px,0px, 0);}<\/style><\/div><\/div><\/div><\/div><div class=\"tatsu-section-background-wrap\"><div class = \"tatsu-section-background\" ><\/div><\/div><style>.tatsu-icnb2wl4b5ekslmj .tatsu-section-pad{padding: 90px 0px 90px 0px;}.tatsu-icnb2wl4b5ekslmj.tatsu-section{margin: 0px 0px 0px 0px;}.tatsu-icnb2wl4b5ekslmj > .tatsu-bottom-divider{z-index: 9999;}.tatsu-icnb2wl4b5ekslmj > .tatsu-top-divider{z-index: 9999;}<\/style><\/div>\n","protected":false},"excerpt":{"rendered":"<p><a href=\"https:\/\/www.theborder.nl\/es\/relgamento\/\" class=\"more-link style2-button\">Read More<\/a><\/p>","protected":false},"author":1,"featured_media":0,"parent":0,"menu_order":0,"comment_status":"closed","ping_status":"closed","template":"","meta":{"footnotes":""},"class_list":["post-3828","page","type-page","status-publish","hentry"],"yoast_head":"<!-- This site is optimized with the Yoast SEO plugin v27.1.1 - https:\/\/yoast.com\/product\/yoast-seo-wordpress\/ -->\n<title>Relgamento - The Border<\/title>\n<meta name=\"description\" content=\"The Border est\u00e1 abierto a todos los mayores de 18 a\u00f1os. Por eso contamos con una serie de normas, como: Solo se permite el acceso a mayores de 18 a\u00f1os. Es obligatorio tener un documento de identidad. No toleramos la reventa a menores de edad. Est\u00e1 prohibida la posesi\u00f3n, uso y comercio de drogas duras y alcohol.\" \/>\n<meta name=\"robots\" content=\"index, follow, max-snippet:-1, max-image-preview:large, max-video-preview:-1\" \/>\n<link rel=\"canonical\" href=\"https:\/\/www.theborder.nl\/huisregels\/\" \/>\n<meta property=\"og:locale\" content=\"es_ES\" \/>\n<meta property=\"og:type\" content=\"article\" \/>\n<meta property=\"og:title\" content=\"Relgamento - The Border\" \/>\n<meta property=\"og:description\" content=\"The Border est\u00e1 abierto a todos los mayores de 18 a\u00f1os. Por eso contamos con una serie de normas, como: Solo se permite el acceso a mayores de 18 a\u00f1os. Es obligatorio tener un documento de identidad. No toleramos la reventa a menores de edad. Est\u00e1 prohibida la posesi\u00f3n, uso y comercio de drogas duras y alcohol.\" \/>\n<meta property=\"og:url\" content=\"https:\/\/www.theborder.nl\/huisregels\/\" \/>\n<meta property=\"og:site_name\" content=\"The Border\" \/>\n<meta property=\"article:publisher\" content=\"https:\/\/www.facebook.com\/theborderamsterdam\/\" \/>\n<meta property=\"article:modified_time\" content=\"2020-06-24T11:04:37+00:00\" \/>\n<meta name=\"twitter:card\" content=\"summary_large_image\" \/>\n<meta name=\"twitter:label1\" content=\"Tiempo de lectura\" \/>\n\t<meta name=\"twitter:data1\" content=\"3 minutos\" \/>\n<!-- \/ Yoast SEO plugin. -->","yoast_head_json":{"title":"Relgamento - The Border","description":"The Border est\u00e1 abierto a todos los mayores de 18 a\u00f1os. Por eso contamos con una serie de normas, como: Solo se permite el acceso a mayores de 18 a\u00f1os. Es obligatorio tener un documento de identidad. No toleramos la reventa a menores de edad. Est\u00e1 prohibida la posesi\u00f3n, uso y comercio de drogas duras y alcohol.","robots":{"index":"index","follow":"follow","max-snippet":"max-snippet:-1","max-image-preview":"max-image-preview:large","max-video-preview":"max-video-preview:-1"},"canonical":"https:\/\/www.theborder.nl\/huisregels\/","og_locale":"es_ES","og_type":"article","og_title":"Relgamento - The Border","og_description":"The Border est\u00e1 abierto a todos los mayores de 18 a\u00f1os. Por eso contamos con una serie de normas, como: Solo se permite el acceso a mayores de 18 a\u00f1os. Es obligatorio tener un documento de identidad. No toleramos la reventa a menores de edad. Est\u00e1 prohibida la posesi\u00f3n, uso y comercio de drogas duras y alcohol.","og_url":"https:\/\/www.theborder.nl\/huisregels\/","og_site_name":"The Border","article_publisher":"https:\/\/www.facebook.com\/theborderamsterdam\/","article_modified_time":"2020-06-24T11:04:37+00:00","twitter_card":"summary_large_image","twitter_misc":{"Tiempo de lectura":"3 minutos"},"schema":{"@context":"https:\/\/schema.org","@graph":[{"@type":"WebPage","@id":"https:\/\/www.theborder.nl\/huisregels\/","url":"https:\/\/www.theborder.nl\/huisregels\/","name":"Relgamento - The Border","isPartOf":{"@id":"https:\/\/www.theborder.nl\/#website"},"datePublished":"2018-04-23T15:26:36+00:00","dateModified":"2020-06-24T11:04:37+00:00","description":"The Border est\u00e1 abierto a todos los mayores de 18 a\u00f1os. Por eso contamos con una serie de normas, como: Solo se permite el acceso a mayores de 18 a\u00f1os. Es obligatorio tener un documento de identidad. No toleramos la reventa a menores de edad. Est\u00e1 prohibida la posesi\u00f3n, uso y comercio de drogas duras y alcohol.","breadcrumb":{"@id":"https:\/\/www.theborder.nl\/huisregels\/#breadcrumb"},"inLanguage":"es","potentialAction":[{"@type":"ReadAction","target":["https:\/\/www.theborder.nl\/huisregels\/"]}]},{"@type":"BreadcrumbList","@id":"https:\/\/www.theborder.nl\/huisregels\/#breadcrumb","itemListElement":[{"@type":"ListItem","position":1,"name":"Home","item":"https:\/\/www.theborder.nl\/es\/"},{"@type":"ListItem","position":2,"name":"Relgamento"}]},{"@type":"WebSite","@id":"https:\/\/www.theborder.nl\/#website","url":"https:\/\/www.theborder.nl\/","name":"The Border","description":"Coffeeshop Amsterdam","publisher":{"@id":"https:\/\/www.theborder.nl\/#organization"},"potentialAction":[{"@type":"SearchAction","target":{"@type":"EntryPoint","urlTemplate":"https:\/\/www.theborder.nl\/?s={search_term_string}"},"query-input":{"@type":"PropertyValueSpecification","valueRequired":true,"valueName":"search_term_string"}}],"inLanguage":"es"},{"@type":"Organization","@id":"https:\/\/www.theborder.nl\/#organization","name":"The Border","url":"https:\/\/www.theborder.nl\/","logo":{"@type":"ImageObject","inLanguage":"es","@id":"https:\/\/www.theborder.nl\/#\/schema\/logo\/image\/","url":"https:\/\/www.theborder.nl\/wp-content\/uploads\/2020\/02\/Logo.png","contentUrl":"https:\/\/www.theborder.nl\/wp-content\/uploads\/2020\/02\/Logo.png","width":512,"height":512,"caption":"The Border"},"image":{"@id":"https:\/\/www.theborder.nl\/#\/schema\/logo\/image\/"},"sameAs":["https:\/\/www.facebook.com\/theborderamsterdam\/","https:\/\/www.instagram.com\/theborderamsterdam\/"]}]}},"_links":{"self":[{"href":"https:\/\/www.theborder.nl\/es\/wp-json\/wp\/v2\/pages\/3828","targetHints":{"allow":["GET"]}}],"collection":[{"href":"https:\/\/www.theborder.nl\/es\/wp-json\/wp\/v2\/pages"}],"about":[{"href":"https:\/\/www.theborder.nl\/es\/wp-json\/wp\/v2\/types\/page"}],"author":[{"embeddable":true,"href":"https:\/\/www.theborder.nl\/es\/wp-json\/wp\/v2\/users\/1"}],"replies":[{"embeddable":true,"href":"https:\/\/www.theborder.nl\/es\/wp-json\/wp\/v2\/comments?post=3828"}],"version-history":[{"count":4,"href":"https:\/\/www.theborder.nl\/es\/wp-json\/wp\/v2\/pages\/3828\/revisions"}],"predecessor-version":[{"id":3913,"href":"https:\/\/www.theborder.nl\/es\/wp-json\/wp\/v2\/pages\/3828\/revisions\/3913"}],"wp:attachment":[{"href":"https:\/\/www.theborder.nl\/es\/wp-json\/wp\/v2\/media?parent=3828"}],"curies":[{"name":"wp","href":"https:\/\/api.w.org\/{rel}","templated":true}]}}