{"id":3783,"date":"2017-04-21T12:52:17","date_gmt":"2017-04-21T12:52:17","guid":{"rendered":"https:\/\/www.theborder.nl\/geschiedenis\/"},"modified":"2020-01-20T20:05:48","modified_gmt":"2020-01-20T20:05:48","slug":"historia","status":"publish","type":"page","link":"https:\/\/www.theborder.nl\/es\/historia\/","title":{"rendered":"Historia"},"content":{"rendered":"<div  class=\"tatsu-g35dyyvv6pgg08i5 tatsu-section    tatsu-clearfix\" data-title=\"\"  data-headerscheme=\"background--dark\"><div class='tatsu-section-pad clearfix' data-padding='{\"d\":\"90px 0px 90px 0px\"}' data-padding-top='90px'><div class=\"tatsu-row-wrap  tatsu-wrap tatsu-row-one-col tatsu-row-has-one-cols tatsu-medium-gutter tatsu-reg-cols  tatsu-clearfix tatsu-g35dyyvv9obn3ay6\" ><div  class=\"tatsu-row \" ><div  class=\"tatsu-column  tatsu-column-no-bg tatsu-one-col tatsu-column-image-none tatsu-column-effect-none  tatsu-g35dyyvvd51qd772\" data-animation=\"fadeIn\"   data-parallax-speed=\"0\" style=\"\"><div class=\"tatsu-column-inner \" ><div class=\"tatsu-column-pad-wrap\"><div class=\"tatsu-column-pad\" ><div  class=\"special-heading-wrap style1 oshine-module  tatsu-g35dyyvvfrc9yaaa  \" data-animation=\"fadeIn\"  ><div class=\"special-heading align-center\"><h1 class=\"special-h-tag\" >NUESTRA HISTORIA<\/h1><div class=\"sub-title margin-bottom  special-subtitle\">\n<p>The Border tiene sus or\u00edgenes en la plaza Leidseplein de \u00c1msterdam. A finales de los a\u00f1os ochenta del pasado siglo, Bart y Eric, amigos de juventud, trabajaban en la barra del que por entonces era el bar Le Berry. Mientras trabajaban all\u00ed, los amigos sol\u00edan so\u00f1ar sobre montar su propio negocio.<\/p>\n<p><strong>Llegada de los caf\u00e9s de cannabis<\/strong><\/p>\n<p>A principios de los noventa abr\u00edan continuamente caf\u00e9s de cannabis en la capital. Por aquel entonces la legislaci\u00f3n al respecto no era tan estricta como ahora. Los amigos de juventud de Amstelveen se dieron cuenta de que en su municipio natal no hab\u00eda ning\u00fan bar donde tambi\u00e9n se vendiera cannabis. Los planes para montar su propio negocio iban tomando forma.<\/p>\n<p>En 1992 lleg\u00f3 el momento. Eric y Bart pudieron comprar el bar \u00abDe Schuimkraag\u00bb. Este peque\u00f1o bar se encontraba en \u00c1msterdam, justo en el l\u00edmite con Amstelveen, en <a href=\"https:\/\/maps.google.com\/?q=Amstelveenseweg+1160&#038;entry=gmail&#038;source=g\">Amstelveenseweg 1160<\/a>. Decidieron bautizar su negocio, cerca del parque Amsterdamse Bos, con el apropiado nombre de The Border.<\/p>\n<p><strong>Inauguraci\u00f3n de The Border<\/strong><\/p>\n<p>La idea era que The Border fuera una especie de Le Berry pero en peque\u00f1o, combin\u00e1ndolo con la venta de cannabis. La parte de arriba se remodel\u00f3 para convertirlo en un t\u00edpico bar holand\u00e9s al estilo de los ochenta. En el s\u00f3tano se cre\u00f3 un ambiente tropical con mesas de billar, un petaco y un futbol\u00edn. Para responder a la demanda de porros, hab\u00eda un simp\u00e1tico vendedor con una bolsita de hierba. As\u00ed es como se hac\u00eda por entonces.<\/p>\n<p>Poco a poco el vendedor fue teniendo un lugar fijo en una esquina del bar. Fue todo un \u00e9xito. Empezaron a venir muchos fumadores al The Border. Se llen\u00f3 tanto, que Eric y Bart decidieron trasladar la venta de cannabis a la planta de arriba. Abajo todav\u00eda hab\u00eda espacio para jugar al billar, al petaco o tomar una cerveza.<\/p>\n<p><strong>El gobierno impone normativas<\/strong><\/p>\n<p>Mientras tanto, el mundo de la pol\u00edtica segu\u00eda su curso. Los puntos de venta de cannabis se iban extendiendo por \u00c1msterdam como una mancha de aceite. En 1995 hab\u00eda unos 350 coffeshops en la ciudad, hoy en d\u00eda en 2018 ese n\u00famero se ha reducido a menos de la mitad. El gobierno empez\u00f3 a desarrollar m\u00e1s pol\u00edticas paulatinamente.<\/p>\n<p>Una de las nuevas restricciones fue que en 2007 se prohibi\u00f3 la venta de alcohol en los caf\u00e9s de hach\u00eds. The Border se hab\u00eda adelantado a su tiempo, ya que hab\u00eda tomado esa decisi\u00f3n en 2001. Eric y Bart quer\u00edan ser todo un ejemplo. As\u00ed, se convirti\u00f3 en el primer caf\u00e9 de hach\u00eds que dej\u00f3 de vender alcohol de forma voluntaria. Adem\u00e1s, The Border fue uno de los primeros en contar con anfitriones en la entrada para atenerse estrictamente al control de acceso.<\/p>\n<p><strong>Servicio a clientes<\/strong><\/p>\n<p>Desde entonces, el espacio de abajo se ha cerrado para los clientes y The Border ha cambiado dr\u00e1sticamente su decoraci\u00f3n, muy diferente a la de sus primeros a\u00f1os. Lo que s\u00ed se ha mantenido, es el servicio al cliente. Eso es algo que The Border quiere seguir manteniendo, informar lo mejor posible y atender lo m\u00e1s r\u00e1pido posible ofreciendo un surtido variado. Todo sin olvidar el entorno: tiene que ser un sitio limpio y seguro.<\/p>\n<p>En 2017 celebramos el 25 aniversario de The Border y esperamos poder cumplir otros 25 a\u00f1os m\u00e1s. Estamos a favor de que haya m\u00e1s regulaci\u00f3n sobre el cannabis y una mayor normalizaci\u00f3n de nuestra empresa. A pesar de que el mundo de la pol\u00edtica es lento y sinuoso, la cosa se ha desbordado. En The Border apreciamos cualquier iniciativa de renovaci\u00f3n con sentido que proponga el gobierno.<\/p>\n<\/div><div class=\"sep-with-icon-wrap margin-bottom\"><span class=\"sep-with-icon\" ><\/span><i class=\"sep-icon font-icon oshine_diamond\"><\/i><span class=\"sep-with-icon\" ><\/span><\/div><\/div><style>.tatsu-g35dyyvvfrc9yaaa .sep-icon.oshine_diamond{background: #5bad46;}.tatsu-g35dyyvvfrc9yaaa .sep-with-icon{height: 1px;width: 20px;background: #efefef;}<\/style><\/div><\/div><\/div><div class = \"tatsu-column-bg-image-wrap\"><div class = \"tatsu-column-bg-image\" ><\/div><\/div><\/div><style>.tatsu-row > .tatsu-g35dyyvvd51qd772.tatsu-column{width: 100%;}.tatsu-g35dyyvvd51qd772.tatsu-column > .tatsu-column-inner > .tatsu-column-overlay{mix-blend-mode: none;}.tatsu-g35dyyvvd51qd772 > .tatsu-column-inner > .tatsu-top-divider{z-index: 9999;}.tatsu-g35dyyvvd51qd772 > .tatsu-column-inner > .tatsu-bottom-divider{z-index: 9999;}.tatsu-g35dyyvvd51qd772 > .tatsu-column-inner > .tatsu-left-divider{z-index: 9999;}.tatsu-g35dyyvvd51qd772 > .tatsu-column-inner > .tatsu-right-divider{z-index: 9999;}.tatsu-g35dyyvvd51qd772.tatsu-column{transform: translate3d(0px,0px, 0);}<\/style><\/div><\/div><\/div><\/div><div class=\"tatsu-section-background-wrap\"><div class = \"tatsu-section-background\" ><\/div><\/div><style>.tatsu-g35dyyvv6pgg08i5 .tatsu-section-pad{padding: 90px 0px 90px 0px;}.tatsu-g35dyyvv6pgg08i5 > .tatsu-bottom-divider{z-index: 9999;}.tatsu-g35dyyvv6pgg08i5 > .tatsu-top-divider{z-index: 9999;}<\/style><\/div><div  class=\"tatsu-g35dyyvy5og9shbw tatsu-section    tatsu-clearfix\" data-title=\"\"  data-headerscheme=\"background--dark\"><div class='tatsu-section-pad clearfix' data-padding='{\"d\":\"90px 0px 90px 0px\"}' data-padding-top='90px'><div class=\"tatsu-row-wrap  tatsu-wrap tatsu-row-one-col tatsu-row-has-one-cols tatsu-medium-gutter tatsu-reg-cols  tatsu-clearfix tatsu-g35dyyvy8td8njj5\" ><div  class=\"tatsu-row \" ><div  class=\"tatsu-column  tatsu-column-no-bg tatsu-one-col tatsu-column-image-none tatsu-column-effect-none  tatsu-g35dyyvybkbpxrp9\" data-animation=\"fadeIn\"   data-parallax-speed=\"0\" style=\"\"><div class=\"tatsu-column-inner \" ><div class=\"tatsu-column-pad-wrap\"><div class=\"tatsu-column-pad\" ><div  class=\"tatsu-module tatsu-gmap-wrapper be-gdpr-consent-required tatsu-g35dyyvydl7glf1w   tatsu-animate\" data-gdpr-concern=\"gmaps\" data-animation=\"fadeIn\"  ><div class=\"tatsu-gmap map_960\" data-address=\"Amstelveenseweg 1160 Amsterdam.\" data-zoom=\"14\" data-latitude=\"52.321991\" data-longitude=\"4.857060\" data-marker=\"\" data-style=\"standard\"><\/div><style>.tatsu-g35dyyvydl7glf1w{height: 300px;}<\/style><\/div><\/div><\/div><div class = \"tatsu-column-bg-image-wrap\"><div class = \"tatsu-column-bg-image\" ><\/div><\/div><\/div><style>.tatsu-row > .tatsu-g35dyyvybkbpxrp9.tatsu-column{width: 100%;}.tatsu-g35dyyvybkbpxrp9.tatsu-column > .tatsu-column-inner > .tatsu-column-overlay{mix-blend-mode: none;}.tatsu-g35dyyvybkbpxrp9 > .tatsu-column-inner > .tatsu-top-divider{z-index: 9999;}.tatsu-g35dyyvybkbpxrp9 > .tatsu-column-inner > .tatsu-bottom-divider{z-index: 9999;}.tatsu-g35dyyvybkbpxrp9 > .tatsu-column-inner > .tatsu-left-divider{z-index: 9999;}.tatsu-g35dyyvybkbpxrp9 > .tatsu-column-inner > .tatsu-right-divider{z-index: 9999;}.tatsu-g35dyyvybkbpxrp9.tatsu-column{transform: translate3d(0px,0px, 0);}<\/style><\/div><\/div><\/div><\/div><div class=\"tatsu-section-background-wrap\"><div class = \"tatsu-section-background\" ><\/div><\/div><style>.tatsu-g35dyyvy5og9shbw .tatsu-section-pad{padding: 90px 0px 90px 0px;}.tatsu-g35dyyvy5og9shbw > .tatsu-bottom-divider{z-index: 9999;}.tatsu-g35dyyvy5og9shbw > .tatsu-top-divider{z-index: 9999;}<\/style><\/div>\n","protected":false},"excerpt":{"rendered":"<p><a href=\"https:\/\/www.theborder.nl\/es\/historia\/\" class=\"more-link style2-button\">Read More<\/a><\/p>","protected":false},"author":1,"featured_media":0,"parent":0,"menu_order":0,"comment_status":"closed","ping_status":"closed","template":"","meta":{"footnotes":""},"class_list":["post-3783","page","type-page","status-publish","hentry"],"yoast_head":"<!-- This site is optimized with the Yoast SEO plugin v27.1.1 - https:\/\/yoast.com\/product\/yoast-seo-wordpress\/ -->\n<title>Historia - The Border<\/title>\n<meta name=\"description\" content=\"La historia del coffeshop The Border de \u00c1msterdam comenz\u00f3 en Amstelveenseweg 1160. Abrimos en 1992, en el l\u00edmite con el municipio de Amstelveen a las afueras del parque Amsterdamse Bos. En 2001 fuimos unos de los primeros en dejar de vender alcohol. Desde entonces solo vendemos cannabis y productos para fumadores.\" \/>\n<meta name=\"robots\" content=\"index, follow, max-snippet:-1, max-image-preview:large, max-video-preview:-1\" \/>\n<link rel=\"canonical\" href=\"https:\/\/www.theborder.nl\/geschiedenis\/\" \/>\n<meta property=\"og:locale\" content=\"es_ES\" \/>\n<meta property=\"og:type\" content=\"article\" \/>\n<meta property=\"og:title\" content=\"Historia - The Border\" \/>\n<meta property=\"og:description\" content=\"La historia del coffeshop The Border de \u00c1msterdam comenz\u00f3 en Amstelveenseweg 1160. Abrimos en 1992, en el l\u00edmite con el municipio de Amstelveen a las afueras del parque Amsterdamse Bos. En 2001 fuimos unos de los primeros en dejar de vender alcohol. Desde entonces solo vendemos cannabis y productos para fumadores.\" \/>\n<meta property=\"og:url\" content=\"https:\/\/www.theborder.nl\/geschiedenis\/\" \/>\n<meta property=\"og:site_name\" content=\"The Border\" \/>\n<meta property=\"article:publisher\" content=\"https:\/\/www.facebook.com\/theborderamsterdam\/\" \/>\n<meta property=\"article:modified_time\" content=\"2020-01-20T20:05:48+00:00\" \/>\n<meta name=\"twitter:card\" content=\"summary_large_image\" \/>\n<meta name=\"twitter:label1\" content=\"Tiempo de lectura\" \/>\n\t<meta name=\"twitter:data1\" content=\"8 minutos\" \/>\n<!-- \/ Yoast SEO plugin. -->","yoast_head_json":{"title":"Historia - The Border","description":"La historia del coffeshop The Border de \u00c1msterdam comenz\u00f3 en Amstelveenseweg 1160. Abrimos en 1992, en el l\u00edmite con el municipio de Amstelveen a las afueras del parque Amsterdamse Bos. En 2001 fuimos unos de los primeros en dejar de vender alcohol. Desde entonces solo vendemos cannabis y productos para fumadores.","robots":{"index":"index","follow":"follow","max-snippet":"max-snippet:-1","max-image-preview":"max-image-preview:large","max-video-preview":"max-video-preview:-1"},"canonical":"https:\/\/www.theborder.nl\/geschiedenis\/","og_locale":"es_ES","og_type":"article","og_title":"Historia - The Border","og_description":"La historia del coffeshop The Border de \u00c1msterdam comenz\u00f3 en Amstelveenseweg 1160. Abrimos en 1992, en el l\u00edmite con el municipio de Amstelveen a las afueras del parque Amsterdamse Bos. En 2001 fuimos unos de los primeros en dejar de vender alcohol. Desde entonces solo vendemos cannabis y productos para fumadores.","og_url":"https:\/\/www.theborder.nl\/geschiedenis\/","og_site_name":"The Border","article_publisher":"https:\/\/www.facebook.com\/theborderamsterdam\/","article_modified_time":"2020-01-20T20:05:48+00:00","twitter_card":"summary_large_image","twitter_misc":{"Tiempo de lectura":"8 minutos"},"schema":{"@context":"https:\/\/schema.org","@graph":[{"@type":"WebPage","@id":"https:\/\/www.theborder.nl\/geschiedenis\/","url":"https:\/\/www.theborder.nl\/geschiedenis\/","name":"Historia - The Border","isPartOf":{"@id":"https:\/\/www.theborder.nl\/#website"},"datePublished":"2017-04-21T12:52:17+00:00","dateModified":"2020-01-20T20:05:48+00:00","description":"La historia del coffeshop The Border de \u00c1msterdam comenz\u00f3 en Amstelveenseweg 1160. Abrimos en 1992, en el l\u00edmite con el municipio de Amstelveen a las afueras del parque Amsterdamse Bos. En 2001 fuimos unos de los primeros en dejar de vender alcohol. Desde entonces solo vendemos cannabis y productos para fumadores.","breadcrumb":{"@id":"https:\/\/www.theborder.nl\/geschiedenis\/#breadcrumb"},"inLanguage":"es","potentialAction":[{"@type":"ReadAction","target":["https:\/\/www.theborder.nl\/geschiedenis\/"]}]},{"@type":"BreadcrumbList","@id":"https:\/\/www.theborder.nl\/geschiedenis\/#breadcrumb","itemListElement":[{"@type":"ListItem","position":1,"name":"Home","item":"https:\/\/www.theborder.nl\/es\/"},{"@type":"ListItem","position":2,"name":"Historia"}]},{"@type":"WebSite","@id":"https:\/\/www.theborder.nl\/#website","url":"https:\/\/www.theborder.nl\/","name":"The Border","description":"Coffeeshop Amsterdam","publisher":{"@id":"https:\/\/www.theborder.nl\/#organization"},"potentialAction":[{"@type":"SearchAction","target":{"@type":"EntryPoint","urlTemplate":"https:\/\/www.theborder.nl\/?s={search_term_string}"},"query-input":{"@type":"PropertyValueSpecification","valueRequired":true,"valueName":"search_term_string"}}],"inLanguage":"es"},{"@type":"Organization","@id":"https:\/\/www.theborder.nl\/#organization","name":"The Border","url":"https:\/\/www.theborder.nl\/","logo":{"@type":"ImageObject","inLanguage":"es","@id":"https:\/\/www.theborder.nl\/#\/schema\/logo\/image\/","url":"https:\/\/www.theborder.nl\/wp-content\/uploads\/2020\/02\/Logo.png","contentUrl":"https:\/\/www.theborder.nl\/wp-content\/uploads\/2020\/02\/Logo.png","width":512,"height":512,"caption":"The Border"},"image":{"@id":"https:\/\/www.theborder.nl\/#\/schema\/logo\/image\/"},"sameAs":["https:\/\/www.facebook.com\/theborderamsterdam\/","https:\/\/www.instagram.com\/theborderamsterdam\/"]}]}},"_links":{"self":[{"href":"https:\/\/www.theborder.nl\/es\/wp-json\/wp\/v2\/pages\/3783","targetHints":{"allow":["GET"]}}],"collection":[{"href":"https:\/\/www.theborder.nl\/es\/wp-json\/wp\/v2\/pages"}],"about":[{"href":"https:\/\/www.theborder.nl\/es\/wp-json\/wp\/v2\/types\/page"}],"author":[{"embeddable":true,"href":"https:\/\/www.theborder.nl\/es\/wp-json\/wp\/v2\/users\/1"}],"replies":[{"embeddable":true,"href":"https:\/\/www.theborder.nl\/es\/wp-json\/wp\/v2\/comments?post=3783"}],"version-history":[{"count":5,"href":"https:\/\/www.theborder.nl\/es\/wp-json\/wp\/v2\/pages\/3783\/revisions"}],"predecessor-version":[{"id":5675,"href":"https:\/\/www.theborder.nl\/es\/wp-json\/wp\/v2\/pages\/3783\/revisions\/5675"}],"wp:attachment":[{"href":"https:\/\/www.theborder.nl\/es\/wp-json\/wp\/v2\/media?parent=3783"}],"curies":[{"name":"wp","href":"https:\/\/api.w.org\/{rel}","templated":true}]}}