{"id":3822,"date":"2018-04-23T15:26:36","date_gmt":"2018-04-23T15:26:36","guid":{"rendered":"https:\/\/www.theborder.nl\/house-rules\/"},"modified":"2020-06-24T11:00:49","modified_gmt":"2020-06-24T11:00:49","slug":"hausordnung","status":"publish","type":"page","link":"https:\/\/www.theborder.nl\/de\/hausordnung\/","title":{"rendered":"Hausordnung"},"content":{"rendered":"<div  class=\"tatsu-icn8om2gu24qydzz tatsu-section    tatsu-clearfix\" data-title=\"\"  data-headerscheme=\"background--dark\"><div class='tatsu-section-pad clearfix' data-padding='90px 0px 90px 0px' data-padding-top='90px'><div class=\"tatsu-row-wrap  tatsu-wrap tatsu-row-one-col tatsu-row-has-one-cols tatsu-medium-gutter tatsu-reg-cols  tatsu-clearfix tatsu-icn8om2hwf6pzpqh\" ><div  class=\"tatsu-row \" ><div  class=\"tatsu-column  tatsu-column-no-bg tatsu-one-col tatsu-column-image- tatsu-column-effect-  tatsu-icn8om2i4e6diqxm\" data-animation=\"fadeIn\"   data-parallax-speed=\"0\" style=\"\"><div class=\"tatsu-column-inner \" ><div class=\"tatsu-column-pad-wrap\"><div class=\"tatsu-column-pad\" ><div  class=\"special-heading-wrap style1 oshine-module  tatsu-icn8om2ie354k00j  \" data-animation=\"fadeIn\"  ><div class=\"special-heading align-center\"><h1 class=\"special-h-tag\" >Hausordnung<\/h1><div class=\"sub-title margin-bottom  special-subtitle\">\n<p>Bei The Border ist jeder willkommen. Das m\u00f6chten wir gerne so beibehalten. Darum haben wir die Hausordnung aufgestellt.<\/p>\n<\/div><div class=\"sep-with-icon-wrap margin-bottom\"><span class=\"sep-with-icon\" ><\/span><i class=\"sep-icon font-icon oshine_diamond\"><\/i><span class=\"sep-with-icon\" ><\/span><\/div><\/div><style>.tatsu-icn8om2ie354k00j .sep-icon.oshine_diamond{background: #5bad46;}.tatsu-icn8om2ie354k00j .sep-with-icon{height: 1px;width: 20px;background: #efefef;}<\/style><\/div><\/div><\/div><div class = \"tatsu-column-bg-image-wrap\"><div class = \"tatsu-column-bg-image\" ><\/div><\/div><\/div><style>.tatsu-icn8om2i4e6diqxm.tatsu-column > .tatsu-column-inner > .tatsu-column-pad-wrap > .tatsu-column-pad{padding: 0px 0px 0px 0px;}.tatsu-icn8om2i4e6diqxm.tatsu-column > .tatsu-column-inner > .tatsu-column-overlay{mix-blend-mode: none;}.tatsu-icn8om2i4e6diqxm > .tatsu-column-inner > .tatsu-top-divider{z-index: 9999;}.tatsu-icn8om2i4e6diqxm > .tatsu-column-inner > .tatsu-bottom-divider{z-index: 9999;}.tatsu-icn8om2i4e6diqxm > .tatsu-column-inner > .tatsu-left-divider{z-index: 9999;}.tatsu-icn8om2i4e6diqxm > .tatsu-column-inner > .tatsu-right-divider{z-index: 9999;}.tatsu-icn8om2i4e6diqxm.tatsu-column{transform: translate3d(0px,0px, 0);}<\/style><\/div><\/div><\/div><div class=\"tatsu-row-wrap  tatsu-wrap tatsu-row-has-two-cols tatsu-medium-gutter tatsu-reg-cols  tatsu-clearfix tatsu-icn8om2ij0836som\" ><div  class=\"tatsu-row \" ><div  class=\"tatsu-column  tatsu-column-no-bg tatsu-one-third tatsu-column-image- tatsu-column-effect-  tatsu-icn8om2iotby6bej\" data-animation=\"fadeIn\"   data-parallax-speed=\"0\" style=\"\"><div class=\"tatsu-column-inner \" ><div class=\"tatsu-column-pad-wrap\"><div class=\"tatsu-column-pad\" ><div  class=\"tatsu-module tatsu-normal-icon tatsu-icon-shortcode align-center tatsu-icn8om3liu4o46ac   \"><style>.tatsu-icn8om3liu4o46ac .tatsu-icon{color: #5bad46 ;}<\/style><a href=\"#\"  class=\"tatsu-icon-wrap diamond     \" data-animation=\"fadeIn\"   aria-label=\"icon-happy\" data-gdpr-atts={}   ><i class=\"tatsu-icon tatsu-custom-icon tatsu-custom-icon-class icon-happy xlarge diamond\"  data-animation=\"fadeIn\" data-animation-delay=\"0\"><\/i><\/a><\/div><\/div><\/div><div class = \"tatsu-column-bg-image-wrap\"><div class = \"tatsu-column-bg-image\" ><\/div><\/div><\/div><style>.tatsu-icn8om2iotby6bej.tatsu-column > .tatsu-column-inner > .tatsu-column-pad-wrap > .tatsu-column-pad{padding: 0px 0px 0px 0px;}.tatsu-icn8om2iotby6bej.tatsu-column > .tatsu-column-inner > .tatsu-column-overlay{mix-blend-mode: none;}.tatsu-icn8om2iotby6bej > .tatsu-column-inner > .tatsu-top-divider{z-index: 9999;}.tatsu-icn8om2iotby6bej > .tatsu-column-inner > .tatsu-bottom-divider{z-index: 9999;}.tatsu-icn8om2iotby6bej > .tatsu-column-inner > .tatsu-left-divider{z-index: 9999;}.tatsu-icn8om2iotby6bej > .tatsu-column-inner > .tatsu-right-divider{z-index: 9999;}.tatsu-icn8om2iotby6bej.tatsu-column{transform: translate3d(0px,0px, 0);}<\/style><\/div><div  class=\"tatsu-column  tatsu-column-no-bg tatsu-two-third tatsu-column-image- tatsu-column-effect-  tatsu-icn8om3lmsectbcp\" data-animation=\"fadeIn\"   data-parallax-speed=\"0\" style=\"\"><div class=\"tatsu-column-inner \" ><div class=\"tatsu-column-pad-wrap\"><div class=\"tatsu-column-pad\" ><div  class=\"tatsu-module tatsu-text-block-wrap tatsu-icn8om3luf4azi2d  \"><div class=\"tatsu-text-inner   clearfix\" data-animation=\"fadeIn\"  ><style>.tatsu-icn8om3luf4azi2d.tatsu-text-block-wrap .tatsu-text-inner{width: 100%;}<\/style>\n<ul>\n<li>Der Zutritt ist ausschlie\u00dflich Personen ab 18 Jahren oder \u00e4lter gestattet.<\/li>\n<li>Sie m\u00fcssen sich ausweisen (mit einem Reisepass, F\u00fchrerschein oder Personalausweis).<\/li>\n<li>Wenn Sie sich mit einem falschen Dokument ausweisen, informieren wir die Polizei.<\/li>\n<li>Wir tolerieren keinen Weiterverkauf an Minderj\u00e4hrige.<\/li>\n<li>Um Bel\u00e4stigung zu vermeiden, bitten wir Sie, sich nicht rund um den Shop aufzuhalten.<\/li>\n<li>Drinnen ist das Rauchen nicht gestattet.<\/li>\n<li>Besitz, Gebrauch und Handel von harten Drogen und Alkohol sind verboten.<\/li>\n<li>Wir bedienen keine Falschparker oder andere Personen, die f\u00fcr Bel\u00e4stigungen sorgen.<\/li>\n<li>Der Handel mit gestohlenen Waren ist verboten.<\/li>\n<li>Machen Sie keinen L\u00e4rm und r\u00e4umen Sie Ihren Abfall auf.<\/li>\n<li>Wir tolerieren kein aggressives Verhalten.<\/li>\n<li>Das Personal hat jederzeit das Recht, den Zutritt zu verweigern und\/oder jemanden zu durchsuchen.<\/li>\n<li><strong>Wir \u00fcberwachen den Laden und das umliegende Gel\u00e4nde 24 Stunden am Tag, sieben Tage die Woche mit strengen und vielf\u00e4ltigen Mitteln. Bei St\u00f6rungen der \u00f6ffentlichen Ordnung, Bel\u00e4stigungen oder Verst\u00f6\u00dfen gegen unsere Hausordnung werden wir dies der Polizei melden. <\/strong><\/li>\n<\/ul>\n<\/div><\/div><\/div><\/div><div class = \"tatsu-column-bg-image-wrap\"><div class = \"tatsu-column-bg-image\" ><\/div><\/div><\/div><style>.tatsu-icn8om3lmsectbcp.tatsu-column > .tatsu-column-inner > .tatsu-column-pad-wrap > .tatsu-column-pad{padding: 0px 0px 0px 0px;}.tatsu-icn8om3lmsectbcp.tatsu-column > .tatsu-column-inner > .tatsu-column-overlay{mix-blend-mode: none;}.tatsu-icn8om3lmsectbcp > .tatsu-column-inner > .tatsu-top-divider{z-index: 9999;}.tatsu-icn8om3lmsectbcp > .tatsu-column-inner > .tatsu-bottom-divider{z-index: 9999;}.tatsu-icn8om3lmsectbcp > .tatsu-column-inner > .tatsu-left-divider{z-index: 9999;}.tatsu-icn8om3lmsectbcp > .tatsu-column-inner > .tatsu-right-divider{z-index: 9999;}.tatsu-icn8om3lmsectbcp.tatsu-column{transform: translate3d(0px,0px, 0);}<\/style><\/div><\/div><\/div><\/div><div class=\"tatsu-section-background-wrap\"><div class = \"tatsu-section-background\" ><\/div><\/div><style>.tatsu-icn8om2gu24qydzz .tatsu-section-pad{padding: 90px 0px 90px 0px;}.tatsu-icn8om2gu24qydzz.tatsu-section{margin: 0px 0px 0px 0px;}.tatsu-icn8om2gu24qydzz > .tatsu-bottom-divider{z-index: 9999;}.tatsu-icn8om2gu24qydzz > .tatsu-top-divider{z-index: 9999;}<\/style><\/div>\n","protected":false},"excerpt":{"rendered":"<p><a href=\"https:\/\/www.theborder.nl\/de\/hausordnung\/\" class=\"more-link style2-button\">Weiterlesen<\/a><\/p>","protected":false},"author":1,"featured_media":0,"parent":0,"menu_order":0,"comment_status":"closed","ping_status":"closed","template":"","meta":{"footnotes":""},"class_list":["post-3822","page","type-page","status-publish","hentry"],"yoast_head":"<!-- This site is optimized with the Yoast SEO plugin v27.1.1 - https:\/\/yoast.com\/product\/yoast-seo-wordpress\/ -->\n<title>Hausordnung - The Border<\/title>\n<meta name=\"description\" content=\"Bei The Border ist jeder \u00fcber 18 Jahren willkommen. Darum haben wir eine Hausordnung: Der Zutritt ist ausschlie\u00dflich Personen ab 18 Jahren oder \u00e4lter gestattet. Sie m\u00fcssen sich ausweisen. Wir tolerieren keinen Weiterverkauf an Minderj\u00e4hrige. Besitz, Gebrauch und Handel von harten Drogen und Alkohol sind verboten.\" \/>\n<meta name=\"robots\" content=\"index, follow, max-snippet:-1, max-image-preview:large, max-video-preview:-1\" \/>\n<link rel=\"canonical\" href=\"https:\/\/www.theborder.nl\/huisregels\/\" \/>\n<meta property=\"og:locale\" content=\"de_DE\" \/>\n<meta property=\"og:type\" content=\"article\" \/>\n<meta property=\"og:title\" content=\"Hausordnung - The Border\" \/>\n<meta property=\"og:description\" content=\"Bei The Border ist jeder \u00fcber 18 Jahren willkommen. Darum haben wir eine Hausordnung: Der Zutritt ist ausschlie\u00dflich Personen ab 18 Jahren oder \u00e4lter gestattet. Sie m\u00fcssen sich ausweisen. Wir tolerieren keinen Weiterverkauf an Minderj\u00e4hrige. Besitz, Gebrauch und Handel von harten Drogen und Alkohol sind verboten.\" \/>\n<meta property=\"og:url\" content=\"https:\/\/www.theborder.nl\/huisregels\/\" \/>\n<meta property=\"og:site_name\" content=\"The Border\" \/>\n<meta property=\"article:publisher\" content=\"https:\/\/www.facebook.com\/theborderamsterdam\/\" \/>\n<meta property=\"article:modified_time\" content=\"2020-06-24T11:00:49+00:00\" \/>\n<meta name=\"twitter:card\" content=\"summary_large_image\" \/>\n<meta name=\"twitter:label1\" content=\"Gesch\u00e4tzte Lesezeit\" \/>\n\t<meta name=\"twitter:data1\" content=\"3\u00a0Minuten\" \/>\n<!-- \/ Yoast SEO plugin. -->","yoast_head_json":{"title":"Hausordnung - The Border","description":"Bei The Border ist jeder \u00fcber 18 Jahren willkommen. Darum haben wir eine Hausordnung: Der Zutritt ist ausschlie\u00dflich Personen ab 18 Jahren oder \u00e4lter gestattet. Sie m\u00fcssen sich ausweisen. Wir tolerieren keinen Weiterverkauf an Minderj\u00e4hrige. Besitz, Gebrauch und Handel von harten Drogen und Alkohol sind verboten.","robots":{"index":"index","follow":"follow","max-snippet":"max-snippet:-1","max-image-preview":"max-image-preview:large","max-video-preview":"max-video-preview:-1"},"canonical":"https:\/\/www.theborder.nl\/huisregels\/","og_locale":"de_DE","og_type":"article","og_title":"Hausordnung - The Border","og_description":"Bei The Border ist jeder \u00fcber 18 Jahren willkommen. Darum haben wir eine Hausordnung: Der Zutritt ist ausschlie\u00dflich Personen ab 18 Jahren oder \u00e4lter gestattet. Sie m\u00fcssen sich ausweisen. Wir tolerieren keinen Weiterverkauf an Minderj\u00e4hrige. Besitz, Gebrauch und Handel von harten Drogen und Alkohol sind verboten.","og_url":"https:\/\/www.theborder.nl\/huisregels\/","og_site_name":"The Border","article_publisher":"https:\/\/www.facebook.com\/theborderamsterdam\/","article_modified_time":"2020-06-24T11:00:49+00:00","twitter_card":"summary_large_image","twitter_misc":{"Gesch\u00e4tzte Lesezeit":"3\u00a0Minuten"},"schema":{"@context":"https:\/\/schema.org","@graph":[{"@type":"WebPage","@id":"https:\/\/www.theborder.nl\/huisregels\/","url":"https:\/\/www.theborder.nl\/huisregels\/","name":"Hausordnung - The Border","isPartOf":{"@id":"https:\/\/www.theborder.nl\/#website"},"datePublished":"2018-04-23T15:26:36+00:00","dateModified":"2020-06-24T11:00:49+00:00","description":"Bei The Border ist jeder \u00fcber 18 Jahren willkommen. Darum haben wir eine Hausordnung: Der Zutritt ist ausschlie\u00dflich Personen ab 18 Jahren oder \u00e4lter gestattet. Sie m\u00fcssen sich ausweisen. Wir tolerieren keinen Weiterverkauf an Minderj\u00e4hrige. Besitz, Gebrauch und Handel von harten Drogen und Alkohol sind verboten.","breadcrumb":{"@id":"https:\/\/www.theborder.nl\/huisregels\/#breadcrumb"},"inLanguage":"de","potentialAction":[{"@type":"ReadAction","target":["https:\/\/www.theborder.nl\/huisregels\/"]}]},{"@type":"BreadcrumbList","@id":"https:\/\/www.theborder.nl\/huisregels\/#breadcrumb","itemListElement":[{"@type":"ListItem","position":1,"name":"Home","item":"https:\/\/www.theborder.nl\/de\/"},{"@type":"ListItem","position":2,"name":"Hausordnung"}]},{"@type":"WebSite","@id":"https:\/\/www.theborder.nl\/#website","url":"https:\/\/www.theborder.nl\/","name":"The Border","description":"Coffeeshop Amsterdam","publisher":{"@id":"https:\/\/www.theborder.nl\/#organization"},"potentialAction":[{"@type":"SearchAction","target":{"@type":"EntryPoint","urlTemplate":"https:\/\/www.theborder.nl\/?s={search_term_string}"},"query-input":{"@type":"PropertyValueSpecification","valueRequired":true,"valueName":"search_term_string"}}],"inLanguage":"de"},{"@type":"Organization","@id":"https:\/\/www.theborder.nl\/#organization","name":"The Border","url":"https:\/\/www.theborder.nl\/","logo":{"@type":"ImageObject","inLanguage":"de","@id":"https:\/\/www.theborder.nl\/#\/schema\/logo\/image\/","url":"https:\/\/www.theborder.nl\/wp-content\/uploads\/2020\/02\/Logo.png","contentUrl":"https:\/\/www.theborder.nl\/wp-content\/uploads\/2020\/02\/Logo.png","width":512,"height":512,"caption":"The Border"},"image":{"@id":"https:\/\/www.theborder.nl\/#\/schema\/logo\/image\/"},"sameAs":["https:\/\/www.facebook.com\/theborderamsterdam\/","https:\/\/www.instagram.com\/theborderamsterdam\/"]}]}},"_links":{"self":[{"href":"https:\/\/www.theborder.nl\/de\/wp-json\/wp\/v2\/pages\/3822","targetHints":{"allow":["GET"]}}],"collection":[{"href":"https:\/\/www.theborder.nl\/de\/wp-json\/wp\/v2\/pages"}],"about":[{"href":"https:\/\/www.theborder.nl\/de\/wp-json\/wp\/v2\/types\/page"}],"author":[{"embeddable":true,"href":"https:\/\/www.theborder.nl\/de\/wp-json\/wp\/v2\/users\/1"}],"replies":[{"embeddable":true,"href":"https:\/\/www.theborder.nl\/de\/wp-json\/wp\/v2\/comments?post=3822"}],"version-history":[{"count":5,"href":"https:\/\/www.theborder.nl\/de\/wp-json\/wp\/v2\/pages\/3822\/revisions"}],"predecessor-version":[{"id":6353,"href":"https:\/\/www.theborder.nl\/de\/wp-json\/wp\/v2\/pages\/3822\/revisions\/6353"}],"wp:attachment":[{"href":"https:\/\/www.theborder.nl\/de\/wp-json\/wp\/v2\/media?parent=3822"}],"curies":[{"name":"wp","href":"https:\/\/api.w.org\/{rel}","templated":true}]}}