{"id":3777,"date":"2017-04-21T12:52:17","date_gmt":"2017-04-21T12:52:17","guid":{"rendered":"https:\/\/www.theborder.nl\/geschiedenis\/"},"modified":"2022-03-31T12:52:22","modified_gmt":"2022-03-31T12:52:22","slug":"geschichte","status":"publish","type":"page","link":"https:\/\/www.theborder.nl\/de\/geschichte\/","title":{"rendered":"Geschichte"},"content":{"rendered":"<div  class=\"tatsu-gb3o4w083o4d1olb tatsu-section    tatsu-clearfix\" data-title=\"\"  data-headerscheme=\"background--dark\"><div class='tatsu-section-pad clearfix' data-padding='{\"d\":\"90px 0px 90px 0px\"}' data-padding-top='90px'><div class=\"tatsu-row-wrap  tatsu-wrap tatsu-row-one-col tatsu-row-has-one-cols tatsu-medium-gutter tatsu-reg-cols  tatsu-clearfix tatsu-gb3o4w087p8rfia0\" ><div  class=\"tatsu-row \" ><div  class=\"tatsu-column  tatsu-column-no-bg tatsu-one-col tatsu-column-image-none tatsu-column-effect-none  tatsu-gb3o4w08at69c1mk\"  data-parallax-speed=\"0\" style=\"\"><div class=\"tatsu-column-inner \" ><div class=\"tatsu-column-pad-wrap\"><div class=\"tatsu-column-pad\" ><div  class=\"special-heading-wrap style1 oshine-module  tatsu-gb3o4w08dd44acet  \" ><div class=\"special-heading align-center\"><h1 class=\"special-h-tag\" >Unsere Geschichte<\/h1><div class=\"sub-title margin-bottom  special-subtitle\">\n<p style=\"text-align: left;\">Die Geschichte von The Border beginnt am Leidseplein in Amsterdam. Ende der achtziger Jahre des letzten Jahrhunderts arbeiteten dort die Jugendfreunde Bart und Eric hinter der Bar des damaligen Caf\u00e9s Le Berry. W\u00e4hrend der Schichten an der Bar tr\u00e4umten die Freunde regelm\u00e4\u00dfig davon, selbst einen Laden zu er\u00f6ffnen.<\/p>\n<h2 style=\"text-align: left;\"><strong>Aufkommen der Cannabis-Caf\u00e9s<\/strong><\/h2>\n<p style=\"text-align: left;\">Anfang der 90er Jahre \u00f6ffnete in der Hauptstadt das eine Cannabis-Caf\u00e9 nach dem anderen seine T\u00fcren. Strenge Vorschriften, so wie heute, gab es damals noch nicht. Die Jugendfreunde, die urspr\u00fcnglich aus Amstelveen kamen, sahen, dass es in ihrer Geburtsregion kein Caf\u00e9 gab, in dem auch Cannabis verkauft wurde. Ihre Pl\u00e4ne f\u00fcr ein eigenes Gesch\u00e4ft wurden immer konkreter.<\/p>\n<p style=\"text-align: left;\">1992 war es soweit. Eric und Bart konnten gemeinsam das Caf\u00e9 \u201eDe Schuimkraag&#8221; \u00fcbernehmen. Das Caf\u00e9 befand sich in Amsterdam direkt an der Grenze zu Amstelveen am <a href=\"https:\/\/maps.google.com\/?q=Amstelveenseweg+1160&#038;entry=gmail&#038;source=g\">Amstelveenseweg 1160<\/a>. Ihr eigenes Unternehmen in der N\u00e4he des \u201eAmsterdamse Bos&#8221; erhielt den passenden Namen The Border.<\/p>\n<h2 style=\"text-align: left;\"><strong>Er\u00f6ffnung des The Border<\/strong><\/h2>\n<p style=\"text-align: left;\">The Border sollte eine Art Mini-Version von Le Berry werden, aber mit dem Verkauf von Cannabis kombiniert. Im Obergeschoss wurde das Caf\u00e9 im Stil der achtziger Jahre in eine gem\u00fctliche Kneipe umgebaut. Der Keller bekam einen tropischen <em>Look<\/em> mit Billardtischen, Flipperautomat und Tischfu\u00dfball. Um der Nachfrage nach Joints gerecht zu werden, gab es einen freundlichen Verk\u00e4ufer mit einer Tasche mit etwas Marihuana. So lief das damals.<\/p>\n<p style=\"text-align: left;\">Nach und nach erhielt der Verk\u00e4ufer einen festen Platz in einer Ecke hinter der Bar. Es wurde ein voller Erfolg. Es kamen viele Raucher ins The Border. Es wurde sogar so voll, dass Eric und Bart sich entschieden, den Cannabisverkauf ins obere Geschoss zu verlagern. Unten blieb Platz, um Billard zu spielen, am Flipperautomat zu zocken oder ein Bierchen zu trinken.<\/p>\n<h2 style=\"text-align: left;\"><strong>Regulierung durch die Regierung<\/strong><\/h2>\n<p style=\"text-align: left;\">Inzwischen bewegte sich auch die Politik. Denn die Verkaufsstellen f\u00fcr Cannabis breiteten sich wie ein \u00d6lfleck \u00fcber Amsterdam aus. 1995 gab es ca. 350 Coffeeshops in der Stadt. (Bis 2018 ist die Anzahl um mehr als die H\u00e4lfte zur\u00fcckgegangen.) Die Regierung begann allm\u00e4hlich, mehr und mehr Vorschriften zu entwickeln.<\/p>\n<p style=\"text-align: left;\">Eine der neuen Bedingungen im Jahr 2007 wurde ein Verbot des Verkaufs von Alkohol in Haschisch-Caf\u00e9s. The Border war seiner Zeit voraus, weil die Besitzer bereits 2001 beschlossen, diesen Verkauf einzustellen. Eric und Bart wollten eine Vorbildfunktion aus\u00fcben. Damit war es das erste Haschisch-Caf\u00e9 in Amsterdam, das freiwillig und endg\u00fcltig auf Alkohol verzichtete. The Border war auch eines der ersten Caf\u00e9s mit T\u00fcrstehern am Eingang, um die Zugangskontrolle streng handhaben zu k\u00f6nnen.<\/p>\n<h2 style=\"text-align: left;\"><strong>Service f\u00fcr die Kunden<\/strong><\/h2>\n<p style=\"text-align: left;\">Inzwischen ist der untere Raum f\u00fcr Kunden geschlossen und die Einrichtung von The Border \u00e4hnelt nicht mehr dem des Cannabis-Caf\u00e9s aus den ersten Jahren. Was jedoch geblieben ist, ist der Service f\u00fcr die Kunden. The Border will die Kunden weiterhin mit den bestm\u00f6glichen Informationen versorgen und mit einem wechselnden Sortiment reibungslos bedienen. Aber die Umgebung ist mindestens genauso wichtig: die muss sauber und sicher sein.<\/p>\n<p style=\"text-align: left;\">2017 bestand The Border 25 Jahre und wir hoffen, dass noch 25 Jahre dazukommen werden. Wir sind f\u00fcr eine weitere Regulierung von Cannabis und eine weitere Normalisierung unseres Unternehmens. Obwohl die Politik langsam und schwerf\u00e4llig arbeitet, sind die Entwicklungen nicht mehr aufzuhalten. The Border begr\u00fc\u00dft daher jede sinnvolle innovative Initiative seitens der Regierung.<\/p>\n<\/div><div class=\"sep-with-icon-wrap margin-bottom\"><span class=\"sep-with-icon\" ><\/span><i class=\"sep-icon font-icon oshine_diamond\"><\/i><span class=\"sep-with-icon\" ><\/span><\/div><\/div><style>.tatsu-gb3o4w08dd44acet .sep-icon.oshine_diamond{background: #5bad46;}.tatsu-gb3o4w08dd44acet .sep-with-icon{height: 1px;width: 20px;background: #efefef;}<\/style><\/div><\/div><\/div><div class = \"tatsu-column-bg-image-wrap\"><div class = \"tatsu-column-bg-image\" ><\/div><\/div><\/div><style>.tatsu-row > .tatsu-gb3o4w08at69c1mk.tatsu-column{width: 100%;}.tatsu-gb3o4w08at69c1mk.tatsu-column > .tatsu-column-inner > .tatsu-column-overlay{mix-blend-mode: none;}.tatsu-gb3o4w08at69c1mk > .tatsu-column-inner > .tatsu-top-divider{z-index: 9999;}.tatsu-gb3o4w08at69c1mk > .tatsu-column-inner > .tatsu-bottom-divider{z-index: 9999;}.tatsu-gb3o4w08at69c1mk > .tatsu-column-inner > .tatsu-left-divider{z-index: 9999;}.tatsu-gb3o4w08at69c1mk > .tatsu-column-inner > .tatsu-right-divider{z-index: 9999;}<\/style><\/div><\/div><\/div><\/div><div class=\"tatsu-section-background-wrap\"><div class = \"tatsu-section-background\" ><\/div><\/div><style>.tatsu-gb3o4w083o4d1olb .tatsu-section-pad{padding: 90px 0px 90px 0px;}.tatsu-gb3o4w083o4d1olb > .tatsu-bottom-divider{z-index: 9999;}.tatsu-gb3o4w083o4d1olb > .tatsu-top-divider{z-index: 9999;}<\/style><\/div><div  class=\"tatsu-gb3o4w0cdb2x4wo7 tatsu-section    tatsu-clearfix\" data-title=\"\"  data-headerscheme=\"background--dark\"><div class='tatsu-section-pad clearfix' data-padding='{\"d\":\"90px 0px 90px 0px\"}' data-padding-top='90px'><div class=\"tatsu-row-wrap  tatsu-wrap tatsu-row-one-col tatsu-row-has-one-cols tatsu-medium-gutter tatsu-reg-cols  tatsu-clearfix tatsu-gb3o4w0cgy25056\" ><div  class=\"tatsu-row \" ><div  class=\"tatsu-column  tatsu-column-no-bg tatsu-one-col tatsu-column-image-none tatsu-column-effect-none  tatsu-gb3o4w0cl07zmyiu\"  data-parallax-speed=\"0\" style=\"\"><div class=\"tatsu-column-inner \" ><div class=\"tatsu-column-pad-wrap\"><div class=\"tatsu-column-pad\" ><div  class=\"tatsu-module tatsu-gmap-wrapper be-gdpr-consent-required tatsu-gb3o4w0co66em2pl   tatsu-animate\" data-gdpr-concern=\"gmaps\" data-animation=\"fadeIn\"  ><div class=\"tatsu-gmap map_960\" data-address=\"Amstelveenseweg 1160 Amsterdam.\" data-zoom=\"14\" data-latitude=\"52.321991\" data-longitude=\"4.857060\" data-marker=\"\" data-style=\"standard\"><\/div><style>.tatsu-gb3o4w0co66em2pl{height: 300px;}<\/style><\/div><\/div><\/div><div class = \"tatsu-column-bg-image-wrap\"><div class = \"tatsu-column-bg-image\" ><\/div><\/div><\/div><style>.tatsu-row > .tatsu-gb3o4w0cl07zmyiu.tatsu-column{width: 100%;}.tatsu-gb3o4w0cl07zmyiu.tatsu-column > .tatsu-column-inner > .tatsu-column-overlay{mix-blend-mode: none;}.tatsu-gb3o4w0cl07zmyiu > .tatsu-column-inner > .tatsu-top-divider{z-index: 9999;}.tatsu-gb3o4w0cl07zmyiu > .tatsu-column-inner > .tatsu-bottom-divider{z-index: 9999;}.tatsu-gb3o4w0cl07zmyiu > .tatsu-column-inner > .tatsu-left-divider{z-index: 9999;}.tatsu-gb3o4w0cl07zmyiu > .tatsu-column-inner > .tatsu-right-divider{z-index: 9999;}<\/style><\/div><\/div><\/div><\/div><div class=\"tatsu-section-background-wrap\"><div class = \"tatsu-section-background\" ><\/div><\/div><style>.tatsu-gb3o4w0cdb2x4wo7 .tatsu-section-pad{padding: 90px 0px 90px 0px;}.tatsu-gb3o4w0cdb2x4wo7 > .tatsu-bottom-divider{z-index: 9999;}.tatsu-gb3o4w0cdb2x4wo7 > .tatsu-top-divider{z-index: 9999;}<\/style><\/div>\n","protected":false},"excerpt":{"rendered":"<p><a href=\"https:\/\/www.theborder.nl\/de\/geschichte\/\" class=\"more-link style2-button\">Weiterlesen<\/a><\/p>","protected":false},"author":1,"featured_media":0,"parent":0,"menu_order":0,"comment_status":"closed","ping_status":"closed","template":"","meta":{"footnotes":""},"class_list":["post-3777","page","type-page","status-publish","hentry"],"yoast_head":"<!-- This site is optimized with the Yoast SEO plugin v27.1.1 - https:\/\/yoast.com\/product\/yoast-seo-wordpress\/ -->\n<title>Geschichte - The Border<\/title>\n<meta name=\"description\" content=\"Die Geschichte des Amsterdamer Coffeeshops The Border begann am Amstelveenseweg 1160. An der Grenze zu Amstelveen beim \u201eAmsterdamse Bos&quot; er\u00f6ffneten wir 1992 das Haschisch-Caf\u00e9. Im Jahr 2001 geh\u00f6rten wir zu den ersten, die den Verkauf von Alkohol eingestellt haben. Seitdem verkaufen wir nur noch Cannabis und Rauchwaren.\" \/>\n<meta name=\"robots\" content=\"index, follow, max-snippet:-1, max-image-preview:large, max-video-preview:-1\" \/>\n<link rel=\"canonical\" href=\"https:\/\/www.theborder.nl\/geschiedenis\/\" \/>\n<meta property=\"og:locale\" content=\"de_DE\" \/>\n<meta property=\"og:type\" content=\"article\" \/>\n<meta property=\"og:title\" content=\"Geschichte - The Border\" \/>\n<meta property=\"og:description\" content=\"Die Geschichte des Amsterdamer Coffeeshops The Border begann am Amstelveenseweg 1160. An der Grenze zu Amstelveen beim \u201eAmsterdamse Bos&quot; er\u00f6ffneten wir 1992 das Haschisch-Caf\u00e9. Im Jahr 2001 geh\u00f6rten wir zu den ersten, die den Verkauf von Alkohol eingestellt haben. Seitdem verkaufen wir nur noch Cannabis und Rauchwaren.\" \/>\n<meta property=\"og:url\" content=\"https:\/\/www.theborder.nl\/geschiedenis\/\" \/>\n<meta property=\"og:site_name\" content=\"The Border\" \/>\n<meta property=\"article:publisher\" content=\"https:\/\/www.facebook.com\/theborderamsterdam\/\" \/>\n<meta property=\"article:modified_time\" content=\"2022-03-31T12:52:22+00:00\" \/>\n<meta name=\"twitter:card\" content=\"summary_large_image\" \/>\n<meta name=\"twitter:label1\" content=\"Gesch\u00e4tzte Lesezeit\" \/>\n\t<meta name=\"twitter:data1\" content=\"9\u00a0Minuten\" \/>\n<!-- \/ Yoast SEO plugin. -->","yoast_head_json":{"title":"Geschichte - The Border","description":"Die Geschichte des Amsterdamer Coffeeshops The Border begann am Amstelveenseweg 1160. An der Grenze zu Amstelveen beim \u201eAmsterdamse Bos\" er\u00f6ffneten wir 1992 das Haschisch-Caf\u00e9. Im Jahr 2001 geh\u00f6rten wir zu den ersten, die den Verkauf von Alkohol eingestellt haben. Seitdem verkaufen wir nur noch Cannabis und Rauchwaren.","robots":{"index":"index","follow":"follow","max-snippet":"max-snippet:-1","max-image-preview":"max-image-preview:large","max-video-preview":"max-video-preview:-1"},"canonical":"https:\/\/www.theborder.nl\/geschiedenis\/","og_locale":"de_DE","og_type":"article","og_title":"Geschichte - The Border","og_description":"Die Geschichte des Amsterdamer Coffeeshops The Border begann am Amstelveenseweg 1160. An der Grenze zu Amstelveen beim \u201eAmsterdamse Bos\" er\u00f6ffneten wir 1992 das Haschisch-Caf\u00e9. Im Jahr 2001 geh\u00f6rten wir zu den ersten, die den Verkauf von Alkohol eingestellt haben. Seitdem verkaufen wir nur noch Cannabis und Rauchwaren.","og_url":"https:\/\/www.theborder.nl\/geschiedenis\/","og_site_name":"The Border","article_publisher":"https:\/\/www.facebook.com\/theborderamsterdam\/","article_modified_time":"2022-03-31T12:52:22+00:00","twitter_card":"summary_large_image","twitter_misc":{"Gesch\u00e4tzte Lesezeit":"9\u00a0Minuten"},"schema":{"@context":"https:\/\/schema.org","@graph":[{"@type":"WebPage","@id":"https:\/\/www.theborder.nl\/geschiedenis\/","url":"https:\/\/www.theborder.nl\/geschiedenis\/","name":"Geschichte - The Border","isPartOf":{"@id":"https:\/\/www.theborder.nl\/#website"},"datePublished":"2017-04-21T12:52:17+00:00","dateModified":"2022-03-31T12:52:22+00:00","description":"Die Geschichte des Amsterdamer Coffeeshops The Border begann am Amstelveenseweg 1160. An der Grenze zu Amstelveen beim \u201eAmsterdamse Bos\" er\u00f6ffneten wir 1992 das Haschisch-Caf\u00e9. Im Jahr 2001 geh\u00f6rten wir zu den ersten, die den Verkauf von Alkohol eingestellt haben. Seitdem verkaufen wir nur noch Cannabis und Rauchwaren.","breadcrumb":{"@id":"https:\/\/www.theborder.nl\/geschiedenis\/#breadcrumb"},"inLanguage":"de","potentialAction":[{"@type":"ReadAction","target":["https:\/\/www.theborder.nl\/geschiedenis\/"]}]},{"@type":"BreadcrumbList","@id":"https:\/\/www.theborder.nl\/geschiedenis\/#breadcrumb","itemListElement":[{"@type":"ListItem","position":1,"name":"Home","item":"https:\/\/www.theborder.nl\/de\/"},{"@type":"ListItem","position":2,"name":"Geschichte"}]},{"@type":"WebSite","@id":"https:\/\/www.theborder.nl\/#website","url":"https:\/\/www.theborder.nl\/","name":"The Border","description":"Coffeeshop Amsterdam","publisher":{"@id":"https:\/\/www.theborder.nl\/#organization"},"potentialAction":[{"@type":"SearchAction","target":{"@type":"EntryPoint","urlTemplate":"https:\/\/www.theborder.nl\/?s={search_term_string}"},"query-input":{"@type":"PropertyValueSpecification","valueRequired":true,"valueName":"search_term_string"}}],"inLanguage":"de"},{"@type":"Organization","@id":"https:\/\/www.theborder.nl\/#organization","name":"The Border","url":"https:\/\/www.theborder.nl\/","logo":{"@type":"ImageObject","inLanguage":"de","@id":"https:\/\/www.theborder.nl\/#\/schema\/logo\/image\/","url":"https:\/\/www.theborder.nl\/wp-content\/uploads\/2020\/02\/Logo.png","contentUrl":"https:\/\/www.theborder.nl\/wp-content\/uploads\/2020\/02\/Logo.png","width":512,"height":512,"caption":"The Border"},"image":{"@id":"https:\/\/www.theborder.nl\/#\/schema\/logo\/image\/"},"sameAs":["https:\/\/www.facebook.com\/theborderamsterdam\/","https:\/\/www.instagram.com\/theborderamsterdam\/"]}]}},"_links":{"self":[{"href":"https:\/\/www.theborder.nl\/de\/wp-json\/wp\/v2\/pages\/3777","targetHints":{"allow":["GET"]}}],"collection":[{"href":"https:\/\/www.theborder.nl\/de\/wp-json\/wp\/v2\/pages"}],"about":[{"href":"https:\/\/www.theborder.nl\/de\/wp-json\/wp\/v2\/types\/page"}],"author":[{"embeddable":true,"href":"https:\/\/www.theborder.nl\/de\/wp-json\/wp\/v2\/users\/1"}],"replies":[{"embeddable":true,"href":"https:\/\/www.theborder.nl\/de\/wp-json\/wp\/v2\/comments?post=3777"}],"version-history":[{"count":5,"href":"https:\/\/www.theborder.nl\/de\/wp-json\/wp\/v2\/pages\/3777\/revisions"}],"predecessor-version":[{"id":7937,"href":"https:\/\/www.theborder.nl\/de\/wp-json\/wp\/v2\/pages\/3777\/revisions\/7937"}],"wp:attachment":[{"href":"https:\/\/www.theborder.nl\/de\/wp-json\/wp\/v2\/media?parent=3777"}],"curies":[{"name":"wp","href":"https:\/\/api.w.org\/{rel}","templated":true}]}}